{"id":17635,"date":"2022-09-22T15:54:22","date_gmt":"2022-09-22T13:54:22","guid":{"rendered":"https:\/\/www.fightingfilms.shop\/produit\/kimono-superstar-650gr-ijf\/"},"modified":"2026-01-21T21:11:56","modified_gmt":"2026-01-21T20:11:56","slug":"kimono-superstar-650gr-ijf","status":"publish","type":"product","link":"https:\/\/fightingfilms.shop\/it\/produit\/kimono-superstar-650gr-ijf\/","title":{"rendered":"Kimono Superstar 650Gr IJF"},"content":{"rendered":"<p>Pur mantenendo gli stessi elevati standard di Fighting Films, il <strong>kimono IJF Superstar 650Gr<\/strong> \u00e8 il nostro judogi da competizione pi\u00f9 leggero <a href=\"http:\/\/ijf.org\" rel=\"nofollow noopener\" target=\"_blank\"><strong>approvato dall&#8217;IJF<\/strong><\/a>. Questo kimono da judo beneficia di una finitura meticolosa e di materiali di qualit\u00e0 per garantire un prodotto eccellente. Questo modello \u00e8 ideale per i judoka esperti che si allenano pi\u00f9 volte alla settimana. Come il nostro best seller, il <a href=\"https:\/\/www.fightingfilms.shop\/produit\/kimonos-de-judo\/kimono-superstar-ijf-750-gr-figthting-films\/\">Superstar 750<\/a>, questo kimono \u00e8 <strong>approvato per tutte le competizioni internazionali<\/strong>.<\/p>\n<p>Introdotto per la prima volta in una misura Super Slim per soddisfare specificamente le esigenze dei giovani judoka alti e snelli.<br \/>\nQuesto judogi \u00e8 stato introdotto specificamente per i judoka che preferiscono un <a href=\"https:\/\/www.fightingfilms.shop\/categorie-produit\/kimonos-de-judo\/\">kimono da judo<\/a> pi\u00f9 leggero.<br \/>\nIl kimono Superstar 650gr IJF \u00e8 disponibile in <strong>bianco e nelle taglie fino a 175 cm<\/strong>.<\/p>\n<h2>Caratteristiche salienti del kimono da judo Superstar 650 Gr IJF:<\/h2>\n<p>La vestibilit\u00e0 <strong>slim<\/strong> vi permette di stare comodi senza dare all&#8217;avversario un vantaggio eccessivo. Un kimono troppo largo facilita la presa da parte dell&#8217;avversario. Le pieghe delle ascelle o delle braccia possono ostacolare e favorire l&#8217;avversario. Questo taglio aderente \u00e8 ideale per le corporature snelle e lunghe, offrendo un maggiore comfort e una maggiore competitivit\u00e0.<\/p>\n<p>Il taglio <strong>Super Slim<\/strong> \u00e8 ancora pi\u00f9 aderente ed \u00e8 ideale per le persone molto magre e per chi ama il kimono molto vicino al corpo.<\/p>\n<p>Come il nostro best-seller, il <a href=\"https:\/\/www.fightingfilms.shop\/produit\/kimonos-de-judo\/kimono-superstar-ijf-750-gr-figthting-films\/\">Superstar 750<\/a>, questo kimono \u00e8 approvato per tutte le competizioni internazionali.<\/p>\n<ul>\n<li><em><strong>3% di restringimento<\/strong><\/em><\/li>\n<li>Vestibilit\u00e0 slim<\/li>\n<li>Standard IJF<\/li>\n<li>judogi misto<\/li>\n<li>da 145 a 180 cm<\/li>\n<\/ul>\n<h2><strong>Come scegliere la taglia giusta del kimono Superstar 650 GR IJF? <\/strong><\/h2>\n<p>Consigliamo a tutti i nostri clienti di scegliere un kimono <strong>5 cm al di sotto della loro altezza<\/strong>. Se siete alti <strong>1m70<\/strong>, optate invece per il modello da <strong>165 cm.<\/strong> Grazie alla nostra esperienza e alla conoscenza dei nostri kimono, possiamo assicurarvi che questo \u00e8 il metodo giusto da utilizzare.<\/p>\n<p>Se avete dei dubbi, non esitate a consultare l&#8217;articolo su <a href=\"https:\/\/www.fightingfilms.shop\/comment-bien-choisir-la-taille-de-son-judogi\/\">come scegliere la taglia del vostro kimono da judo<\/a> o a contattarci direttamente via e-mail o telefono.<\/p>\n<p>Inoltre, se non siete sicuri della taglia da scegliere, del taglio necessario o semplicemente volete provare i judogi prima di acquistarli, venite a visitare il nostro negozio di Parigi al numero 1 di rue des messageries, 75010 Parigi.<\/p>\n<p>Scoprite i nostri prodotti o fate ricamare i vostri judogi e le vostre cinture in pochi minuti nel nostro <a href=\"https:\/\/www.fightingfilms.shop\/le-magasin-de-judo-n1-a-paris\/\">negozio di judo n. 1 a Parigi<\/a>!<\/p>\n<p>Infine, scoprite le altre gamme di kimono da judo. Per grandi e piccini, per principianti e campioni. Fighting Films \u00e8 qui per voi.<\/p>\n<p>Fighting Films lancia la sua prima gamma di <a href=\"https:\/\/www.fightingfilms.shop\/produit\/kimono-de-jiu-jitsu-bresilien\/\">kimono da Brazilian Jiu-jitsu<\/a>! Il design unico del marchio torna in questi nuovi kimono, derivati da un&#8217;arte marziale legata al judo.<\/p>\n<div id=\"kurato_extension_modal\"><\/div>\n<div id=\"kurato_extension_modal\"><\/div>\n<div id=\"kurato_extension_modal\"><\/div>\n<div id=\"kurato_extension_modal\"><\/div>\n<div id=\"kurato_extension_modal\"><\/div>\n","protected":false},"excerpt":{"rendered":"<p>Pur aderendo agli stessi elevati standard di Fighting Films, il <strong>kimono Superstar 650Gr IJF<\/strong> \u00e8 il nostro kimono da competizione per il judo. <strong><a href=\"https:\/\/www.fightingfilms.shop\/kimonos-judo-competition\/\">kimono da competizione per il judo<\/a><\/strong> kimono da competizione<strong>approvato dall&#8217;IJF<\/strong>.<\/p>\n<p>Introdotto per la prima volta in una taglia Super Slim per soddisfare le esigenze dei giovani judoka alti e snelli.<br \/>\nQuesto judogi \u00e8 stato introdotto specificamente per i judoka che preferiscono un <a href=\"https:\/\/www.fightingfilms.shop\/categorie-produit\/kimonos-de-judo\/\">kimono da judo<\/a> pi\u00f9 leggero.<br \/>\nDisponibile in bianco fino alla taglia 175 cm.<\/p>\n<p>Il judogi Superstar 650 Gr IJF \u00e8 unisex.<\/p>\n<p><strong>Come scegliere la taglia giusta del kimono Fighting Films? <\/strong><\/p>\n<p>Consigliamo a tutti i nostri clienti di scegliere un kimono <strong>5 cm al di sotto della loro altezza<\/strong>. Se siete alti <strong>1m70<\/strong>, optate invece per il modello da <strong>165 cm.<\/strong> Grazie alla nostra esperienza e alla conoscenza dei nostri kimono, possiamo assicurarvi che questo \u00e8 il metodo giusto da utilizzare.<\/p>\n<h4 id=\"kurato_extension_modal\">Non sapete ancora quale taglia di judogi scegliere? Scoprite la nostra <strong><a href=\"http:\/\/tinyurl.com\/2mjwnc4w\">Guida alle taglie .<\/a><\/strong><\/h4>\n<div id=\"kurato_extension_modal\"><\/div>\n<div id=\"kurato_extension_modal\"><\/div>\n<div id=\"kurato_extension_modal\"><\/div>\n<div id=\"kurato_extension_modal\"><\/div>\n","protected":false},"featured_media":23087,"comment_status":"closed","ping_status":"closed","template":"","meta":[],"product_brand":[],"product_cat":[440,994],"product_tag":[],"giftcard-category":[],"class_list":{"0":"post-17635","1":"product","2":"type-product","3":"status-publish","4":"has-post-thumbnail","6":"product_cat-kimono-da-judo","7":"product_cat-ijf-judogi-it","8":"product_shipping_class-kimono-black-label-superstar-it","10":"first","11":"instock","12":"taxable","13":"shipping-taxable","14":"purchasable","15":"product-type-variable"},"exclude_global_add_ons":[],"addons":[],"_links":{"self":[{"href":"https:\/\/fightingfilms.shop\/it\/wp-json\/wp\/v2\/product\/17635","targetHints":{"allow":["GET"]}}],"collection":[{"href":"https:\/\/fightingfilms.shop\/it\/wp-json\/wp\/v2\/product"}],"about":[{"href":"https:\/\/fightingfilms.shop\/it\/wp-json\/wp\/v2\/types\/product"}],"replies":[{"embeddable":true,"href":"https:\/\/fightingfilms.shop\/it\/wp-json\/wp\/v2\/comments?post=17635"}],"wp:featuredmedia":[{"embeddable":true,"href":"https:\/\/fightingfilms.shop\/it\/wp-json\/wp\/v2\/media\/23087"}],"wp:attachment":[{"href":"https:\/\/fightingfilms.shop\/it\/wp-json\/wp\/v2\/media?parent=17635"}],"wp:term":[{"taxonomy":"product_brand","embeddable":true,"href":"https:\/\/fightingfilms.shop\/it\/wp-json\/wp\/v2\/product_brand?post=17635"},{"taxonomy":"product_cat","embeddable":true,"href":"https:\/\/fightingfilms.shop\/it\/wp-json\/wp\/v2\/product_cat?post=17635"},{"taxonomy":"product_tag","embeddable":true,"href":"https:\/\/fightingfilms.shop\/it\/wp-json\/wp\/v2\/product_tag?post=17635"},{"taxonomy":"giftcard-category","embeddable":true,"href":"https:\/\/fightingfilms.shop\/it\/wp-json\/wp\/v2\/giftcard-category?post=17635"}],"curies":[{"name":"wp","href":"https:\/\/api.w.org\/{rel}","templated":true}]}}