{"id":17825,"date":"2022-03-28T16:08:26","date_gmt":"2022-03-28T14:08:26","guid":{"rendered":"https:\/\/www.fightingfilms.shop\/produit\/borsa-per-computer-in-tela-judogi\/"},"modified":"2024-01-25T12:29:21","modified_gmt":"2024-01-25T11:29:21","slug":"borsa-per-computer-in-tela-judogi","status":"publish","type":"product","link":"https:\/\/fightingfilms.shop\/it\/produit\/borsa-per-computer-in-tela-judogi\/","title":{"rendered":"Borsa per computer in tela Judogi"},"content":{"rendered":"<p>La borsa per computer in tela Judogi \u00e8 il nostro prodotto pi\u00f9 esclusivo. \u00c8 il prodotto ideale per proteggere il computer e allo stesso tempo per dare un tocco di stile.<\/p>\n<p>Il colore blu e il <strong>tessuto dei kimono<\/strong> da judo rendono la borsa per computer in tela judogi un accessorio perfetto per gli appassionati di judo.<\/p>\n<p>La qualit\u00e0 del tessuto judogi offre una protezione di alta qualit\u00e0 e una sensazione piacevole al tatto.<\/p>\n<p>La manica \u00e8 liscia su un lato, mentre sull&#8217;altro \u00e8 ricamato un <strong>kanji<\/strong> che significa <strong>judo<\/strong> in nero e il <strong>logo FightingFilms<\/strong> in rosso.<\/p>\n<p>La custodia protegge i computer <strong>fino a 13,5&#8243;<\/strong>.<\/p>\n<p>Altri <a href=\"https:\/\/www.fightingfilms.shop\/categorie\/accessoires-de-judo\/\">accessori per il judo<\/a> sono disponibili sul nostro sito.<\/p>\n<p>La custodia \u00e8 perfetta per tutti i computer, in particolare per i Macbook <a href=\"https:\/\/www.apple.com\/fr\/mac\/\" rel=\"nofollow noopener\" target=\"_blank\">Apple<\/a>.<\/p>\n<div id=\"kurato_extension_modal\"><\/div>\n<div id=\"kurato_extension_modal\"><\/div>\n<div id=\"kurato_extension_modal\"><\/div>\n","protected":false},"excerpt":{"rendered":"<p>\u00c8 disponibile la borsa per computer in tela Fighting Films judogi. Il suo design unico presenta un <strong>kanji<\/strong> nero ricamato per il judo e il logo Fighting Films ricamato in rosso. Il tutto su tessuto judogi blu, lo stesso colore dei kimono da judo.<\/p>\n<p>La custodia per laptop \u00e8 disponibile per laptop <strong>da 13,5&#8243;<\/strong> e inferiori.<\/p>\n<p>Il <strong>materiale<\/strong> \u00e8 lo stesso utilizzato per i <strong>kimono<\/strong>, quindi la custodia \u00e8 estremamente resistente e protegge il computer.<\/p>\n<div id=\"kurato_extension_modal\"><\/div>\n<div id=\"kurato_extension_modal\"><\/div>\n<div id=\"kurato_extension_modal\"><\/div>\n","protected":false},"featured_media":27118,"comment_status":"closed","ping_status":"closed","template":"","meta":[],"product_brand":[],"product_cat":[498],"product_tag":[],"giftcard-category":[],"class_list":{"0":"post-17825","1":"product","2":"type-product","3":"status-publish","4":"has-post-thumbnail","6":"product_cat-accessori-per-il-judo","8":"first","9":"outofstock","10":"taxable","11":"shipping-taxable","12":"purchasable","13":"product-type-simple"},"exclude_global_add_ons":[],"addons":[],"_links":{"self":[{"href":"https:\/\/fightingfilms.shop\/it\/wp-json\/wp\/v2\/product\/17825","targetHints":{"allow":["GET"]}}],"collection":[{"href":"https:\/\/fightingfilms.shop\/it\/wp-json\/wp\/v2\/product"}],"about":[{"href":"https:\/\/fightingfilms.shop\/it\/wp-json\/wp\/v2\/types\/product"}],"replies":[{"embeddable":true,"href":"https:\/\/fightingfilms.shop\/it\/wp-json\/wp\/v2\/comments?post=17825"}],"wp:featuredmedia":[{"embeddable":true,"href":"https:\/\/fightingfilms.shop\/it\/wp-json\/wp\/v2\/media\/27118"}],"wp:attachment":[{"href":"https:\/\/fightingfilms.shop\/it\/wp-json\/wp\/v2\/media?parent=17825"}],"wp:term":[{"taxonomy":"product_brand","embeddable":true,"href":"https:\/\/fightingfilms.shop\/it\/wp-json\/wp\/v2\/product_brand?post=17825"},{"taxonomy":"product_cat","embeddable":true,"href":"https:\/\/fightingfilms.shop\/it\/wp-json\/wp\/v2\/product_cat?post=17825"},{"taxonomy":"product_tag","embeddable":true,"href":"https:\/\/fightingfilms.shop\/it\/wp-json\/wp\/v2\/product_tag?post=17825"},{"taxonomy":"giftcard-category","embeddable":true,"href":"https:\/\/fightingfilms.shop\/it\/wp-json\/wp\/v2\/giftcard-category?post=17825"}],"curies":[{"name":"wp","href":"https:\/\/api.w.org\/{rel}","templated":true}]}}