{"id":18303,"date":"2021-06-10T18:53:17","date_gmt":"2021-06-10T16:53:17","guid":{"rendered":"https:\/\/www.fightingfilms.shop\/produit\/sac-de-judo-bakku-pakku-fighting-films\/"},"modified":"2026-04-09T10:09:32","modified_gmt":"2026-04-09T08:09:32","slug":"sac-de-judo-bakku-pakku-fighting-films","status":"publish","type":"product","link":"https:\/\/fightingfilms.shop\/it\/produit\/sac-de-judo-bakku-pakku-fighting-films\/","title":{"rendered":"Borsa da judo Bakku Pakku"},"content":{"rendered":"<p>Scopri la nostra borsa da judo Bakku Pakku: il suo nome deriva dalla parola &#8220;zaino&#8221;, che le conferisce un suono giapponese.<\/p>\n<p>Questa borsa da judo \u00e8 disponibile in grigio e pu\u00f2 essere utilizzata sia per gli allenamenti che per le vacanze all&#8217;altro capo del mondo! La sua capacit\u00e0 di 50L ti permette di riporre fino a due <a href=\"https:\/\/www.fightingfilms.shop\/categorie\/kimonos\/kimonos-de-judo\/\">kimono da judo<\/a> per adulti. Inoltre, puoi aggiungere le tue <a href=\"https:\/\/www.fightingfilms.shop\/categorie\/ceintures-de-judo\/\">cinture da judo<\/a>, le infradito e altri accessori per l&#8217;allenamento.<\/p>\n<p>Con i suoi 50 litri, questa borsa da judo \u00e8 un gioco da ragazzi da portare in cabina!<\/p>\n<p>Puoi portarlo a mano o come zaino grazie alle comode cinghie. La borsa \u00e8 resistente alla pioggia.<\/p>\n<p>Troverai il leggendario logo Fighting Films sul fondo della borsa da judo Bakku Pakku. Queste finiture discrete aggiungono uno stile unico alla tua borsa da judo! <\/p>\n<p><strong>Dimensioni: 32,5 X 53 X 32,5 Cm<\/strong><\/p>\n<dl class=\"pdp-specifications-list\">\n<dt class=\"pdp-specifications-list-name\"><strong>Volume: 50 litri<\/strong><\/dt>\n<\/dl>\n<p><strong>Colori:<\/strong> loghi grigi e neri \/ loghi neri e rossi<\/p>\n<h2>Borsa da judo Bakku Pakku:<\/h2>\n<ul>\n<li>La grande tasca principale pu\u00f2 contenere 2 kimono per adulti e alcuni accessori.<\/li>\n<li>La borsa \u00e8 dotata di una tasca in rete con cerniera nella tasca principale.<\/li>\n<li>Tasca con zip all&#8217;estremit\u00e0 della borsa.<\/li>\n<\/ul>\n<div id=\"kurato_extension_modal\"><\/div>\n<div id=\"kurato_extension_modal\"><\/div>\n<div id=\"kurato_extension_modal\"><\/div>\n<div id=\"kurato_extension_modal\"><\/div>\n<div id=\"kurato_extension_modal\"><\/div>\n<div id=\"kurato_extension_modal\"><\/div>\n<div id=\"kurato_extension_modal\"><\/div>\n<div id=\"kurato_extension_modal\"><\/div>\n<div id=\"kurato_extension_modal\"><\/div>\n<div id=\"kurato_extension_modal\"><\/div>\n<div id=\"kurato_extension_modal\"><\/div>\n<div id=\"kurato_extension_modal\"><\/div>\n<div id=\"kurato_extension_modal\"><\/div>\n<div id=\"kurato_extension_modal\"><\/div>\n<div id=\"kurato_extension_modal\"><\/div>\n<div id=\"kurato_extension_modal\"><\/div>\n<div id=\"kurato_extension_modal\"><\/div>\n<div id=\"kurato_extension_modal\"><\/div>\n","protected":false},"excerpt":{"rendered":"<p>Scopri la nuova borsa da judo Bakku Pakku. Resistente, spazioso e in colori Fighting Films!<\/p>\n<p>Disponibile in grigio e nero per apparire al meglio nel dojo. Potrete inserire 2 <a href=\"https:\/\/www.fightingfilms.shop\/categorie\/kimonos\/kimonos-de-judo\/\">Judogi<\/a> senza problemi. La borsa \u00e8 perfetta per i viaggi, in quanto viene accettata in cabina dalla maggior parte delle compagnie aeree.<\/p>\n<p>La borsa Bakku Pakku \u00e8 realizzata in tela resistente e resistente all&#8217;acqua per proteggere i tuoi effetti personali dalla pioggia.<\/p>\n<p>&nbsp;<\/p>\n<p>&nbsp;<\/p>\n<p>&nbsp;<\/p>\n<div id=\"kurato_extension_modal\"><\/div>\n<div id=\"kurato_extension_modal\"><\/div>\n<div id=\"kurato_extension_modal\"><\/div>\n<div id=\"kurato_extension_modal\"><\/div>\n<div id=\"kurato_extension_modal\"><\/div>\n<div id=\"kurato_extension_modal\"><\/div>\n<div id=\"kurato_extension_modal\"><\/div>\n<div id=\"kurato_extension_modal\"><\/div>\n<div id=\"kurato_extension_modal\"><\/div>\n<div id=\"kurato_extension_modal\"><\/div>\n<div id=\"kurato_extension_modal\"><\/div>\n<div id=\"kurato_extension_modal\"><\/div>\n<div id=\"kurato_extension_modal\"><\/div>\n<div id=\"kurato_extension_modal\"><\/div>\n<div id=\"kurato_extension_modal\"><\/div>\n<div id=\"kurato_extension_modal\"><\/div>\n<div id=\"kurato_extension_modal\"><\/div>\n<div id=\"kurato_extension_modal\"><\/div>\n","protected":false},"featured_media":26082,"comment_status":"closed","ping_status":"closed","template":"","meta":[],"product_brand":[],"product_cat":[498,1053],"product_tag":[],"giftcard-category":[],"class_list":{"0":"post-18303","1":"product","2":"type-product","3":"status-publish","4":"has-post-thumbnail","6":"product_cat-accessori-per-il-judo","7":"product_cat-borsa-da-judo","8":"product_shipping_class-accessori","10":"first","11":"instock","12":"taxable","13":"shipping-taxable","14":"purchasable","15":"product-type-variable"},"exclude_global_add_ons":[],"addons":[],"_links":{"self":[{"href":"https:\/\/fightingfilms.shop\/it\/wp-json\/wp\/v2\/product\/18303","targetHints":{"allow":["GET"]}}],"collection":[{"href":"https:\/\/fightingfilms.shop\/it\/wp-json\/wp\/v2\/product"}],"about":[{"href":"https:\/\/fightingfilms.shop\/it\/wp-json\/wp\/v2\/types\/product"}],"replies":[{"embeddable":true,"href":"https:\/\/fightingfilms.shop\/it\/wp-json\/wp\/v2\/comments?post=18303"}],"wp:featuredmedia":[{"embeddable":true,"href":"https:\/\/fightingfilms.shop\/it\/wp-json\/wp\/v2\/media\/26082"}],"wp:attachment":[{"href":"https:\/\/fightingfilms.shop\/it\/wp-json\/wp\/v2\/media?parent=18303"}],"wp:term":[{"taxonomy":"product_brand","embeddable":true,"href":"https:\/\/fightingfilms.shop\/it\/wp-json\/wp\/v2\/product_brand?post=18303"},{"taxonomy":"product_cat","embeddable":true,"href":"https:\/\/fightingfilms.shop\/it\/wp-json\/wp\/v2\/product_cat?post=18303"},{"taxonomy":"product_tag","embeddable":true,"href":"https:\/\/fightingfilms.shop\/it\/wp-json\/wp\/v2\/product_tag?post=18303"},{"taxonomy":"giftcard-category","embeddable":true,"href":"https:\/\/fightingfilms.shop\/it\/wp-json\/wp\/v2\/giftcard-category?post=18303"}],"curies":[{"name":"wp","href":"https:\/\/api.w.org\/{rel}","templated":true}]}}