{"id":18384,"date":"2021-12-17T17:05:01","date_gmt":"2021-12-17T16:05:01","guid":{"rendered":"https:\/\/www.fightingfilms.shop\/produit\/veste-en-toile-de-judogi\/"},"modified":"2024-05-22T15:37:43","modified_gmt":"2024-05-22T13:37:43","slug":"veste-en-toile-de-judogi","status":"publish","type":"product","link":"https:\/\/fightingfilms.shop\/it\/produit\/veste-en-toile-de-judogi\/","title":{"rendered":"Giacca kimono"},"content":{"rendered":"<p>Scopri la nostra <strong>giacca in tela kimono<\/strong>, un must per gli appassionati di arti marziali e per gli amanti <strong>della moda<\/strong>. Progettata con particolare attenzione ai dettagli, questa giacca combina tradizione e modernit\u00e0 per offrire un comfort ottimale e uno stile elegante.<\/p>\n<p>Realizzata in tela di cotone di alta qualit\u00e0 con la tecnica di ricamo giapponese <strong>&#8220;Sashiko<\/strong> &#8220;, questa giacca \u00e8 resistente e morbida al tatto. Il tessuto kimono \u00e8 noto per la sua durata e resistenza, il che lo rende la scelta perfetta per l&#8217;uso quotidiano e la <strong>lunga durata<\/strong>.<\/p>\n<p>Ispirata alle giacche <a href=\"https:\/\/www.fightingfilms.shop\/categorie\/kimonos\/kimonos-de-judo\/\">kimono tradizionali da judo<\/a>, la nostra giacca in tela kimono ha una vestibilit\u00e0 ampia e confortevole con un&#8217;ampia apertura sui polsini. I <strong>dettagli delle cuciture<\/strong> e le finiture applicate ricordano la meticolosit\u00e0 dei kimono da judo.<\/p>\n<p>Che sia per un&#8217;uscita casual con gli amici in primavera, o per una serata pi\u00f9 chic in una sera d&#8217;estate, la sua leggerezza e comodit\u00e0 rendono questo capo <strong>una giacca di mezza<\/strong> stagione eccezionale. Le due tasche interne sono perfette per riporre gli occhiali da sole dopo il tramonto.<\/p>\n<p><strong>Lavabile in lavatrice<\/strong>, la giacca in tela kimono \u00e8 estremamente resistente e non perde colore o forma nonostante i ripetuti lavaggi.<\/p>\n<p>Aggiungi un tocco di <strong>tradizione e raffinatezza<\/strong> alla tua collezione con la nostra giacca in tela kimono. Che tu sia un praticante di arti marziali o semplicemente alla ricerca di un capo unico ed elegante, questa giacca soddisfer\u00e0 le tue aspettative.<\/p>\n<p><strong>Caratteristiche :<\/strong><\/p>\n<ul>\n<li>Materiale: tessuto kimono, 100% cotone a grana di riso<\/li>\n<li>Cura: 30\u00b0 massimo<\/li>\n<li>Disponibile in nero e blu<\/li>\n<li>Prodotto in Cina<\/li>\n<\/ul>\n<div id=\"kurato_extension_modal\"><\/div>\n<div id=\"kurato_extension_modal\"><\/div>\n<div id=\"kurato_extension_modal\"><\/div>\n<div id=\"kurato_extension_modal\"><\/div>\n","protected":false},"excerpt":{"rendered":"<p>La giacca in tela kimono del nostro partner Keiko-Gi pu\u00f2 facilmente diventare un pezzo indispensabile del tuo guardaroba.<\/p>\n<p>Fabriqu\u00e9e <strong>100% en coton grain de riz<\/strong>, sa coupe droite lui donne un aspect assez chic mais aussi tr\u00e8s d\u00e9contract\u00e9. Il doppio colletto, la zip dorata, le tasche e l&#8217;effetto<strong><em>effetto kimono<\/em><\/strong>conferiscono uno stile unico e distintivo.<\/p>\n<p><strong><em>Confortevole<\/em> e <em>resistente<\/em><\/strong>, questa giacca a maniche lunghe \u00e8 perfetta per la mezza stagione, da indossare di giorno o per una serata fuori. \u00c8 il compagno perfetto per <strong>ogni occasione<\/strong>!<\/p>\n<div id=\"kurato_extension_modal\"><\/div>\n<div id=\"kurato_extension_modal\"><\/div>\n<div id=\"kurato_extension_modal\"><\/div>\n<div id=\"kurato_extension_modal\"><\/div>\n","protected":false},"featured_media":31719,"comment_status":"closed","ping_status":"closed","template":"","meta":[],"product_brand":[],"product_cat":[998,489],"product_tag":[],"giftcard-category":[],"class_list":{"0":"post-18384","1":"product","2":"type-product","3":"status-publish","4":"has-post-thumbnail","6":"product_cat-tela-del-kimono","7":"product_cat-tessuti-per-il-judo","8":"product_shipping_class-tessile","10":"first","11":"instock","12":"taxable","13":"shipping-taxable","14":"purchasable","15":"product-type-variable"},"exclude_global_add_ons":[],"addons":[],"_links":{"self":[{"href":"https:\/\/fightingfilms.shop\/it\/wp-json\/wp\/v2\/product\/18384","targetHints":{"allow":["GET"]}}],"collection":[{"href":"https:\/\/fightingfilms.shop\/it\/wp-json\/wp\/v2\/product"}],"about":[{"href":"https:\/\/fightingfilms.shop\/it\/wp-json\/wp\/v2\/types\/product"}],"replies":[{"embeddable":true,"href":"https:\/\/fightingfilms.shop\/it\/wp-json\/wp\/v2\/comments?post=18384"}],"wp:featuredmedia":[{"embeddable":true,"href":"https:\/\/fightingfilms.shop\/it\/wp-json\/wp\/v2\/media\/31719"}],"wp:attachment":[{"href":"https:\/\/fightingfilms.shop\/it\/wp-json\/wp\/v2\/media?parent=18384"}],"wp:term":[{"taxonomy":"product_brand","embeddable":true,"href":"https:\/\/fightingfilms.shop\/it\/wp-json\/wp\/v2\/product_brand?post=18384"},{"taxonomy":"product_cat","embeddable":true,"href":"https:\/\/fightingfilms.shop\/it\/wp-json\/wp\/v2\/product_cat?post=18384"},{"taxonomy":"product_tag","embeddable":true,"href":"https:\/\/fightingfilms.shop\/it\/wp-json\/wp\/v2\/product_tag?post=18384"},{"taxonomy":"giftcard-category","embeddable":true,"href":"https:\/\/fightingfilms.shop\/it\/wp-json\/wp\/v2\/giftcard-category?post=18384"}],"curies":[{"name":"wp","href":"https:\/\/api.w.org\/{rel}","templated":true}]}}