{"id":18502,"date":"2021-06-10T18:53:16","date_gmt":"2021-06-10T16:53:16","guid":{"rendered":"https:\/\/www.fightingfilms.shop\/produit\/mug-ceinture-de-judo\/"},"modified":"2024-01-25T13:38:56","modified_gmt":"2024-01-25T12:38:56","slug":"mug-ceinture-de-judo","status":"publish","type":"product","link":"https:\/\/fightingfilms.shop\/it\/produit\/mug-ceinture-de-judo\/","title":{"rendered":"Tazza con cintura da judo"},"content":{"rendered":"<p dir=\"ltr\" data-placeholder=\"Traduction\">Lasciate che il judo diventi parte della vostra vita quotidiana: \u00e8 arrivata la tazza con cintura di judo personalizzabile di Fighting Films. <strong>Nella cassetta delle lettere entro 5 giorni lavorativi<\/strong>.<\/p>\n<p id=\"tw-target-text\" class=\"tw-data-text tw-text-large XcVN5d tw-ta\" dir=\"ltr\" data-placeholder=\"Traduction\"><span lang=\"fr\">Questa robusta tazza con cintura da judo \u00e8 un&#8217;eccellente idea regalo. \u00c8 perfetto anche per il caff\u00e8 del mattino, il t\u00e8 del pomeriggio o qualsiasi altra bevanda calda.<\/span><\/p>\n<p class=\"tw-data-text tw-text-large XcVN5d tw-ta\" dir=\"ltr\" data-placeholder=\"Traduction\"><span lang=\"fr\">La tazza con film di combattimento \u00e8 un prodotto con stampe vivaci che mantengono la loro qualit\u00e0 in lavastoviglie e nel microonde.<\/span><\/p>\n<p dir=\"ltr\" data-placeholder=\"Traduction\">Se desiderate <a href=\"https:\/\/www.fightingfilms.shop\/produit\/accessoires-de-judo\/mug-fighting-films\/\">una tazza<\/a> nei colori di Fighting Films, \u00e8 disponibile anche sul nostro sito web.<\/p>\n<p dir=\"ltr\" data-placeholder=\"Traduction\">Prezzo decrescente a partire da 30 tazze, contattateci = joseph@fightingfilms.fr<\/p>\n<p dir=\"ltr\" data-placeholder=\"Traduction\">Consultate i nostri <a href=\"https:\/\/www.instagram.com\/fightingfilmseu\/\" rel=\"nofollow noopener\" target=\"_blank\">social network<\/a> per tutte le ultime novit\u00e0!<\/p>\n","protected":false},"excerpt":{"rendered":"<p>Scoprite le nostre tazze con cintura da judo Fighting Films, ideali per tutte le vostre bevande calde!<\/p>\n<p>Le cinture possono essere personalizzate, sia in termini di colore che di nome scritto.<\/p>\n","protected":false},"featured_media":18503,"comment_status":"closed","ping_status":"closed","template":"","meta":[],"product_brand":[],"product_cat":[498,1142],"product_tag":[],"giftcard-category":[],"class_list":{"0":"post-18502","1":"product","2":"type-product","3":"status-publish","4":"has-post-thumbnail","6":"product_cat-accessori-per-il-judo","7":"product_cat-goodies-judo","8":"product_shipping_class-cintura-o-coppa","10":"first","11":"instock","12":"taxable","13":"shipping-taxable","14":"purchasable","15":"product-type-variable"},"exclude_global_add_ons":[],"addons":[],"_links":{"self":[{"href":"https:\/\/fightingfilms.shop\/it\/wp-json\/wp\/v2\/product\/18502","targetHints":{"allow":["GET"]}}],"collection":[{"href":"https:\/\/fightingfilms.shop\/it\/wp-json\/wp\/v2\/product"}],"about":[{"href":"https:\/\/fightingfilms.shop\/it\/wp-json\/wp\/v2\/types\/product"}],"replies":[{"embeddable":true,"href":"https:\/\/fightingfilms.shop\/it\/wp-json\/wp\/v2\/comments?post=18502"}],"wp:featuredmedia":[{"embeddable":true,"href":"https:\/\/fightingfilms.shop\/it\/wp-json\/wp\/v2\/media\/18503"}],"wp:attachment":[{"href":"https:\/\/fightingfilms.shop\/it\/wp-json\/wp\/v2\/media?parent=18502"}],"wp:term":[{"taxonomy":"product_brand","embeddable":true,"href":"https:\/\/fightingfilms.shop\/it\/wp-json\/wp\/v2\/product_brand?post=18502"},{"taxonomy":"product_cat","embeddable":true,"href":"https:\/\/fightingfilms.shop\/it\/wp-json\/wp\/v2\/product_cat?post=18502"},{"taxonomy":"product_tag","embeddable":true,"href":"https:\/\/fightingfilms.shop\/it\/wp-json\/wp\/v2\/product_tag?post=18502"},{"taxonomy":"giftcard-category","embeddable":true,"href":"https:\/\/fightingfilms.shop\/it\/wp-json\/wp\/v2\/giftcard-category?post=18502"}],"curies":[{"name":"wp","href":"https:\/\/api.w.org\/{rel}","templated":true}]}}