{"id":18597,"date":"2021-06-10T18:53:10","date_gmt":"2021-06-10T16:53:10","guid":{"rendered":"https:\/\/www.fightingfilms.shop\/produit\/ceinture-noire-de-judo-approuve-ijf\/"},"modified":"2026-03-31T17:55:46","modified_gmt":"2026-03-31T15:55:46","slug":"ceinture-noire-de-judo-approuve-ijf","status":"publish","type":"product","link":"https:\/\/fightingfilms.shop\/it\/produit\/ceinture-noire-de-judo-approuve-ijf\/","title":{"rendered":"Cintura nera di Judo approvata dall&#8217;IJF"},"content":{"rendered":"<p>Non hai ancora trovato la tua cintura da judo ? Scegliete la <strong>cintura nera Judo Fighting Films approvata dalla IJF<\/strong>, un marchio che ha gi\u00e0 conquistato molti atleti in tutto il mondo.<\/p>\n<p>Tutte le nostre cinture di judo <strong>sono conformi agli standard ufficiali della IJF<\/strong> (International Judo Federation). Come tutte le cinture da judo, anche questa \u00e8 realizzata con un&#8217;anima in cotone semirigido con numerose <strong>cuciture ben allineate.<\/strong> L&#8217;insieme \u00e8 arricchito da un <strong>strato esterno in misto cotone e seta.<\/strong> Quindi, a differenza delle cinture di judo sottili del tipo Roll of Cloth, la nostra cintura di judo nera \u00e8 spessa e rigida. Infine, le cinture Fighting Films hanno un bel <strong>logo ricamato in rosso<\/strong>. \u00c8 questo ricamo che rende unica la nostra cintura di judo.<\/p>\n<h2>Cintura nera di judo IJF Fighting Films<\/h2>\n<p>Infine, per quanto riguarda le dimensioni, uomini e donne hanno gli stessi <strong>modelli di cintura<\/strong>. Inoltre, quando si sceglie la cintura, \u00e8 meglio determinare la propria taglia. \u00c8 necessario misurare la cintura e considerare il modo in cui la si legher\u00e0.<\/p>\n<p>Questa <strong>cintura di judo misto<\/strong> \u00e8 una scelta eccellente per gli insegnanti e i praticanti che desiderano conservare la propria cintura nel corso degli anni. Se siete alla ricerca di una <strong>cintura da usare in gara<\/strong>, la cintura <strong>Judo Fighting Films<\/strong> \u00e8 un&#8217;ottima scelta.<\/p>\n<p><strong>Punti salienti della cintura nera di Judo :<\/strong><\/p>\n<ul>\n<li>Resistente, realizzato in cotone e seta con logo ricamato<\/li>\n<li>Colore : nero<\/li>\n<li>Livelli corrispondenti:<sup>dal 1\u00b0<\/sup> Dan al <sup>5\u00b0<\/sup> Dan<\/li>\n<li>Approvato dalla IJF<\/li>\n<li>Disponibile in 240 cm, 260 cm, 280 cm, 300 cm, 320 cm e 340 cm.<\/li>\n<\/ul>\n<p>Non siete ancora cintura nera?<\/p>\n<p>Scoprite le nostre <a href=\"https:\/\/www.fightingfilms.shop\/categorie\/ceintures-de-judo\/\">cinture da judo<\/a> in tutti i colori. La <a href=\"https:\/\/www.fightingfilms.shop\/produit\/ceinture-marron-de-judo-approuve-ijf\/\">cintura marrone di judo<\/a> \u00e8 anche approvata secondo gli standard IJF per le competizioni internazionali.<\/p>\n","protected":false},"excerpt":{"rendered":"<p>La <strong>cintura nera Judo Fighting Films <a href=\"http:\/\/www.ijf.org\">approvata dall&#8217;IJF<\/a><\/strong> \u00e8 una garanzia di qualit\u00e0 e un accessorio essenziale per la pratica del Judo. Questa cintura ha conquistato molti atleti in tutto il mondo.<\/p>\n<p>Tutte le nostre cinture di judo <strong>sono conformi agli standard ufficiali della IJF (International Judo Federation)<\/strong>.<\/p>\n","protected":false},"featured_media":25349,"comment_status":"closed","ping_status":"closed","template":"","meta":[],"product_brand":[],"product_cat":[456],"product_tag":[],"giftcard-category":[],"class_list":{"0":"post-18597","1":"product","2":"type-product","3":"status-publish","4":"has-post-thumbnail","6":"product_cat-cinture-di-judo","7":"product_shipping_class-cintura-o-coppa","9":"first","10":"instock","11":"taxable","12":"shipping-taxable","13":"purchasable","14":"product-type-variable"},"exclude_global_add_ons":[],"addons":[],"_links":{"self":[{"href":"https:\/\/fightingfilms.shop\/it\/wp-json\/wp\/v2\/product\/18597","targetHints":{"allow":["GET"]}}],"collection":[{"href":"https:\/\/fightingfilms.shop\/it\/wp-json\/wp\/v2\/product"}],"about":[{"href":"https:\/\/fightingfilms.shop\/it\/wp-json\/wp\/v2\/types\/product"}],"replies":[{"embeddable":true,"href":"https:\/\/fightingfilms.shop\/it\/wp-json\/wp\/v2\/comments?post=18597"}],"wp:featuredmedia":[{"embeddable":true,"href":"https:\/\/fightingfilms.shop\/it\/wp-json\/wp\/v2\/media\/25349"}],"wp:attachment":[{"href":"https:\/\/fightingfilms.shop\/it\/wp-json\/wp\/v2\/media?parent=18597"}],"wp:term":[{"taxonomy":"product_brand","embeddable":true,"href":"https:\/\/fightingfilms.shop\/it\/wp-json\/wp\/v2\/product_brand?post=18597"},{"taxonomy":"product_cat","embeddable":true,"href":"https:\/\/fightingfilms.shop\/it\/wp-json\/wp\/v2\/product_cat?post=18597"},{"taxonomy":"product_tag","embeddable":true,"href":"https:\/\/fightingfilms.shop\/it\/wp-json\/wp\/v2\/product_tag?post=18597"},{"taxonomy":"giftcard-category","embeddable":true,"href":"https:\/\/fightingfilms.shop\/it\/wp-json\/wp\/v2\/giftcard-category?post=18597"}],"curies":[{"name":"wp","href":"https:\/\/api.w.org\/{rel}","templated":true}]}}