{"id":18627,"date":"2021-06-10T18:53:08","date_gmt":"2021-06-10T16:53:08","guid":{"rendered":"https:\/\/www.fightingfilms.shop\/produit\/ceinture-rouge-pour-la-competition-fighting-films\/"},"modified":"2026-01-11T13:14:30","modified_gmt":"2026-01-11T12:14:30","slug":"ceinture-rouge-pour-la-competition-fighting-films","status":"publish","type":"product","link":"https:\/\/fightingfilms.shop\/it\/produit\/ceinture-rouge-pour-la-competition-fighting-films\/","title":{"rendered":"Cintura rossa per il concorso Fighting Films"},"content":{"rendered":"<p>Gareggiate ma non avete la cintura rossa? Scegliere la <strong>cintura rossa per la competizione &#8211; Film di combattimento<\/strong>.<\/p>\n<p>Come tutte le cinture da judo, anche questa \u00e8 realizzata con un&#8217;anima in cotone semirigido con numerose <strong>cuciture ben allineate.<\/strong> L&#8217;insieme \u00e8 arricchito da un <strong>strato esterno in misto cotone e seta.<\/strong> A differenza delle cinture di judo sottili come il Roll of Cloth, la nostra cintura di judo \u00e8 spessa e rigida. Infine, un raffinato ricamo in oro rifinisce l&#8217;insieme, rendendo la nostra cintura da judo unica nel suo genere.<\/p>\n<p>Per quanto riguarda le dimensioni, uomini e donne hanno gli stessi <strong>modelli di cintura<\/strong>. Inoltre, quando si sceglie la cintura, \u00e8 meglio determinare la propria taglia. \u00c8 necessario misurare la cintura e considerare il modo in cui la si legher\u00e0.<\/p>\n<p>Questa <strong>cintura di judo misto<\/strong> \u00e8 una scelta eccellente per chi cerca una <strong>cintura da usare in gara<\/strong>.<\/p>\n<p>Cintura rossa essenziale per le competizioni. Portate il vostro!<\/p>\n<p><strong>Punti salienti della cintura rossa di Judo:<\/strong><\/p>\n<ul>\n<li>Resistente, realizzato in cotone e seta con logo ricamato<\/li>\n<li>Colore: rosso<\/li>\n<li>Livelli corrispondenti: <sup>9\u00b0 <\/sup> e <sup>10\u00b0<\/sup> Dan<\/li>\n<li>Indispensable pour les comp\u00e9titions<\/li>\n<li>Approvato dalla IJF<\/li>\n<li>Disponibile in 240 cm, 260 cm, 280 cm, 300 cm, 320 cm.<\/li>\n<\/ul>\n<p>Prima di scegliere uno dei nostri Judogi, potete anche consultare i nostri<a href=\"https:\/\/www.fightingfilms.shop\/blog\/\"> vari articoli<\/a> sulla scelta del <a href=\"https:\/\/www.fightingfilms.shop\/categorie-produit\/kimonos-de-judo\/\">kimono<\/a>!<\/p>\n","protected":false},"excerpt":{"rendered":"<p>Gareggiate ma non avete la cintura rossa ? Scegliere la <strong>cintura rossa per la competizione &#8211; Film di combattimento<\/strong>.<\/p>\n<p>Come tutte le cinture da judo, anche questa \u00e8 realizzata con un&#8217;anima in cotone semirigido con numerose <strong>cuciture ben allineate.<\/strong> L&#8217;insieme \u00e8 arricchito da un <strong>strato esterno in misto cotone e seta.<\/strong> A differenza delle cinture di judo sottili come il Roll of Cloth, la nostra cintura di judo \u00e8 spessa e rigida. Infine, un raffinato ricamo in oro rifinisce l&#8217;insieme, rendendo la nostra cintura da judo unica nel suo genere.<\/p>\n","protected":false},"featured_media":18628,"comment_status":"closed","ping_status":"closed","template":"","meta":[],"product_brand":[],"product_cat":[456],"product_tag":[],"giftcard-category":[],"class_list":{"0":"post-18627","1":"product","2":"type-product","3":"status-publish","4":"has-post-thumbnail","6":"product_cat-cinture-di-judo","7":"product_shipping_class-cintura-o-coppa","9":"first","10":"instock","11":"taxable","12":"shipping-taxable","13":"purchasable","14":"product-type-variable"},"exclude_global_add_ons":[],"addons":[],"_links":{"self":[{"href":"https:\/\/fightingfilms.shop\/it\/wp-json\/wp\/v2\/product\/18627","targetHints":{"allow":["GET"]}}],"collection":[{"href":"https:\/\/fightingfilms.shop\/it\/wp-json\/wp\/v2\/product"}],"about":[{"href":"https:\/\/fightingfilms.shop\/it\/wp-json\/wp\/v2\/types\/product"}],"replies":[{"embeddable":true,"href":"https:\/\/fightingfilms.shop\/it\/wp-json\/wp\/v2\/comments?post=18627"}],"wp:featuredmedia":[{"embeddable":true,"href":"https:\/\/fightingfilms.shop\/it\/wp-json\/wp\/v2\/media\/18628"}],"wp:attachment":[{"href":"https:\/\/fightingfilms.shop\/it\/wp-json\/wp\/v2\/media?parent=18627"}],"wp:term":[{"taxonomy":"product_brand","embeddable":true,"href":"https:\/\/fightingfilms.shop\/it\/wp-json\/wp\/v2\/product_brand?post=18627"},{"taxonomy":"product_cat","embeddable":true,"href":"https:\/\/fightingfilms.shop\/it\/wp-json\/wp\/v2\/product_cat?post=18627"},{"taxonomy":"product_tag","embeddable":true,"href":"https:\/\/fightingfilms.shop\/it\/wp-json\/wp\/v2\/product_tag?post=18627"},{"taxonomy":"giftcard-category","embeddable":true,"href":"https:\/\/fightingfilms.shop\/it\/wp-json\/wp\/v2\/giftcard-category?post=18627"}],"curies":[{"name":"wp","href":"https:\/\/api.w.org\/{rel}","templated":true}]}}