{"id":18721,"date":"2021-06-10T18:53:02","date_gmt":"2021-06-10T16:53:02","guid":{"rendered":"https:\/\/www.fightingfilms.shop\/produit\/kimono-da-judo-per-bambini-hajime\/"},"modified":"2025-09-10T16:17:38","modified_gmt":"2025-09-10T14:17:38","slug":"kimono-da-judo-per-bambini-hajime","status":"publish","type":"product","link":"https:\/\/fightingfilms.shop\/it\/produit\/kimono-da-judo-per-bambini-hajime\/","title":{"rendered":"Kimono da judo per bambini Hajime"},"content":{"rendered":"<p>Scoprite il Kimono da Judo per bambini Hajime, leggero e robusto, per imparare nelle migliori condizioni possibili.<\/p>\n<p>Introducete il vostro bambino all&#8217;eccellenza con il kimono da Judo per bambini Hajime. Progettato con un perfetto equilibrio tra comfort, durata e prestazioni, questo kimono incarna lo spirito del judo fin dal primo<a href=\"https:\/\/fr.wiktionary.org\/wiki\/hajime\" rel=\"nofollow noopener\" target=\"_blank\">&#8220;hajime&#8221;<\/a>.<\/p>\n<p>Avete dei dubbi sulla scelta del kimono da judo per il vostro bambino? Scoprite qui la nostra <a href=\"https:\/\/www.fightingfilms.shop\/guide-kimono-judo-enfant-parfait\/\">guida definitiva alla scelta del kimono da judo per bambini<\/a>.<\/p>\n<h2>Caratteristiche del kimono da judo per bambini Hajime :<\/h2>\n<p>1. Comfort superiore: realizzato con materiali di alta qualit\u00e0, il nostro kimono \u00e8 morbido sulla pelle del bambino, evitando arrossamenti e consentendo un&#8217;ottima libert\u00e0 di movimento durante le sessioni di allenamento o le gare.<\/p>\n<p>2. Eccezionale durata: il kimono Hajime \u00e8 stato progettato per resistere alla prova del tempo e ai rigori dell&#8217;allenamento intensivo dei giovani judoka. Cuciture rinforzate e materiali di alta qualit\u00e0 garantiscono la massima durata.<\/p>\n<p>3. Vestibilit\u00e0 personalizzata: con un taglio appositamente adattato ai giovani judoka, il kimono offre una vestibilit\u00e0 ottimale senza limitare i movimenti. Le spalle e il colletto rinforzati garantiscono una presa sicura durante la presa e il lancio.<\/p>\n<p>4. Design elegante: Il kimono Hajime unisce tradizione e modernit\u00e0 con il suo design elegante, mettendo in risalto la bellezza del judogi. Le toppe ricamate con cura aggiungono un tocco distintivo nel rispetto dei codici estetici del judo.<\/p>\n<p>5. Prestazioni accelerate: grazie alla sua leggerezza e alla vestibilit\u00e0 aderente, il kimono da judo Hajime permette al bambino di muoversi sul tatami con agilit\u00e0. I judoka in erba possono sviluppare le loro abilit\u00e0 tecniche con fiducia.<\/p>\n<p>Scegliete la qualit\u00e0 e le prestazioni con il Kimono da Judo per bambini Hajime, disponibile in esclusiva su FightingFilms.shop. Fornite ai vostri giovani judoka l&#8217;attrezzatura necessaria per progredire nel judo rispettando i valori tradizionali di questa nobile arte marziale.<\/p>\n<p>&nbsp;<\/p>\n<p>Il vostro bambino \u00e8 alle prime armi con il judo e volete che impari i valori di questa tradizionale arte marziale giapponese divertendosi allo stesso tempo? Scoprite i nostri <a href=\"https:\/\/www.fightingfilms.shop\/produit\/livre-de-judo-pour-enfant\/\">libri di judo per bambini<\/a> per rimanere in contatto con il judo anche fuori dal tatami, in modo divertente!<\/p>\n<p>&nbsp;<\/p>\n<h2><b>Come scegliere la taglia giusta del kimono da judo per bambini Fighting Films? <\/b><\/h2>\n<p>A differenza dei kimono per adulti, vi consigliamo di scegliere la taglia che corrisponde a quella del vostro bambino. Questo per compensare i rapidi cambiamenti di altezza dei vostri figli. Se il vostro bambino \u00e8 alto 118 cm, dovreste scegliere un 120 cm e non un 110 cm. Grazie alla nostra esperienza e alla conoscenza dei nostri kimono, possiamo assicurarvi che questo \u00e8 il metodo giusto da utilizzare.<\/p>\n<p>Se avete dei dubbi, non esitate a contattarci direttamente <a href=\"https:\/\/www.fightingfilms.shop\/contact\/\">qui<\/a> o a venire a provare il kimono nel negozio di 1 rue des Messageries, 75010 Parigi. Saremo lieti di darvi il benvenuto e di discutere le vostre domande.<\/p>\n<p>Per le dimensioni esatte, vedere il modello nella galleria!<\/p>\n<p>Potete anche consultare i nostri vari articoli sulla scelta del <a href=\"https:\/\/www.fightingfilms.shop\/categorie\/kimonos\/kimonos-de-judo\/\">kimono da judo<\/a> o dare un&#8217;occhiata alle nostre <a href=\"https:\/\/www.fightingfilms.shop\/categorie\/ceintures-de-judo\/\">cinture da judo<\/a> per completare il vostro abbigliamento.<\/p>\n","protected":false},"excerpt":{"rendered":"<p>Il kimono da judo per bambini Hajime <strong>in pregiato tessuto di riso<\/strong>. Il kimono Hajime \u00e8 comodo da indossare per i bambini, <strong>leggero e robusto<\/strong>, e viene fornito con una cintura bianca. \u00c8 quindi il judogi ideale per <strong>iniziare a imparare il judo<\/strong> con le migliori risorse. Con un peso di <strong>320 g\/m2<\/strong>, questo judogi di qualit\u00e0 \u00e8 <strong>pi\u00f9 resistente<\/strong> e <strong>durevole<\/strong> della maggior parte degli altri <a href=\"https:\/\/www.fightingfilms.shop\/les-kimonos-de-judo-pour-enfant\/\">kimono da judo<\/a> per bambini.<\/p>\n<p>&nbsp;<\/p>\n<p>55% cotone 45% poliestere<\/p>\n<p>Disponibile da 100 a 160 cm<\/p>\n","protected":false},"featured_media":24718,"comment_status":"closed","ping_status":"closed","template":"","meta":[],"product_brand":[],"product_cat":[440,547],"product_tag":[],"giftcard-category":[],"class_list":{"0":"post-18721","1":"product","2":"type-product","3":"status-publish","4":"has-post-thumbnail","6":"product_cat-kimono-da-judo","7":"product_cat-kimono-per-bambini","8":"product_shipping_class-kimono-childrenred-label","10":"first","11":"instock","12":"taxable","13":"shipping-taxable","14":"purchasable","15":"product-type-variable"},"exclude_global_add_ons":[],"addons":[],"_links":{"self":[{"href":"https:\/\/fightingfilms.shop\/it\/wp-json\/wp\/v2\/product\/18721","targetHints":{"allow":["GET"]}}],"collection":[{"href":"https:\/\/fightingfilms.shop\/it\/wp-json\/wp\/v2\/product"}],"about":[{"href":"https:\/\/fightingfilms.shop\/it\/wp-json\/wp\/v2\/types\/product"}],"replies":[{"embeddable":true,"href":"https:\/\/fightingfilms.shop\/it\/wp-json\/wp\/v2\/comments?post=18721"}],"wp:featuredmedia":[{"embeddable":true,"href":"https:\/\/fightingfilms.shop\/it\/wp-json\/wp\/v2\/media\/24718"}],"wp:attachment":[{"href":"https:\/\/fightingfilms.shop\/it\/wp-json\/wp\/v2\/media?parent=18721"}],"wp:term":[{"taxonomy":"product_brand","embeddable":true,"href":"https:\/\/fightingfilms.shop\/it\/wp-json\/wp\/v2\/product_brand?post=18721"},{"taxonomy":"product_cat","embeddable":true,"href":"https:\/\/fightingfilms.shop\/it\/wp-json\/wp\/v2\/product_cat?post=18721"},{"taxonomy":"product_tag","embeddable":true,"href":"https:\/\/fightingfilms.shop\/it\/wp-json\/wp\/v2\/product_tag?post=18721"},{"taxonomy":"giftcard-category","embeddable":true,"href":"https:\/\/fightingfilms.shop\/it\/wp-json\/wp\/v2\/giftcard-category?post=18721"}],"curies":[{"name":"wp","href":"https:\/\/api.w.org\/{rel}","templated":true}]}}