{"id":18741,"date":"2021-06-10T18:53:00","date_gmt":"2021-06-10T16:53:00","guid":{"rendered":"https:\/\/www.fightingfilms.shop\/produit\/ijf-superstar-judo-kimono-750-gr\/"},"modified":"2026-03-15T21:43:01","modified_gmt":"2026-03-15T20:43:01","slug":"ijf-superstar-judo-kimono-750-gr","status":"publish","type":"product","link":"https:\/\/fightingfilms.shop\/it\/produit\/ijf-superstar-judo-kimono-750-gr\/","title":{"rendered":"Kimono da judo IJF Superstar 750 Gr"},"content":{"rendered":"<p>Il <strong>kimono Superstar 750 Gr IJF Fighting Films Judo <\/strong>\u00e8 realizzato in cotone di alta qualit\u00e0. Il materiale \u00e8 quindi piacevole al tatto e molto resistente. Oltre alla sua robustezza, si <strong>restringe molto poco nel lavaggio<\/strong>. Ci piace molto la giacca a grana di riso con <strong>cuciture posteriori<\/strong> e <strong>risvolti <\/strong><b>pesanti<\/b>, perfetta per i judoka pi\u00f9 esigenti. Inoltre, <strong>la giacca ha un taglio svasato all&#8217;altezza della pancia che permette al judogi<\/strong> di adattarsi bene. I pantaloni invece sono larghi e rinforzati al ginocchio. L&#8217;ampiezza della scollatura e il suo spessore sono conformi alle ultime normative IJF.<\/p>\n<p>Infine, il <strong>kimono Fighting Films Superstar 750 blu\/bianco<\/strong> presenta <strong>un elegante ricamo Fighting Films in rosso sulla spalla<\/strong>, che gli conferisce un look unico.<\/p>\n<p>Se stai cercando un <strong>kimono da donna o da uomo<\/strong> che offra un comfort eccezionale, non esitare pi\u00f9 e scegli il <strong>kimono Fighting Films Superstar 750 \u2013 approvato IJF<\/strong> con il miglior rapporto qualit\u00e0-prezzo. Per non parlare del fatto che questo kimono da judo \u00e8 stato approvato dall&#8217;IJF per le competizioni internazionali.<\/p>\n<h4><strong>Punti salienti:<\/strong><\/h4>\n<ul>\n<li>750 Gr che fornisce una buona resistenza alla trazione per l&#8217;allenamento agonistico<\/li>\n<li>Approvati i nuovi standard IJF<\/li>\n<li>70% Cotone 30% Poliestere<\/li>\n<li>Leggero e robusto, \u00e8 adatto alla pratica regolare del judoe<\/li>\n<li>Taglio aderente che consente movimenti ottimizzati<\/li>\n<li>3% di restringimento al lavaggio<\/li>\n<li>Venduto con borsa di trasporto Fighting Films<\/li>\n<\/ul>\n<h4><strong>Consigli per la cura del tuo kimono da judo:<\/strong><\/h4>\n<ul>\n<li>Lavaggio in lavatrice &#8211; 30\u00b0 max &#8211; normale<\/li>\n<li>Nessun sbiancamento<\/li>\n<\/ul>\n<p>Disponibile in <strong>versione Standard Fit<\/strong> e <strong>Large Fit<\/strong>. Il modello Large Fit \u00e8 pi\u00f9 largo in vita, quindi per un kimono di 170 cm, questo kimono avr\u00e0 la lunghezza di uno Standard Fit di 170 cm, ma la vita sar\u00e0 quella di uno Standard Fit <strong>di 175 cm<\/strong>. <\/p>\n<p><strong>LF= 1 taglia in pi\u00f9 nella zona dello stomaco<\/strong><\/p>\n<h4><strong>Come scegliere la taglia giusta per il tuo kimono da judo Fighting Films ? <\/strong><\/h4>\n<p>Consigliamo a tutti i nostri clienti di scegliere un kimono <strong>5 cm al di sotto della loro altezza<\/strong>. Se siete alti <strong>1m70<\/strong>, optate invece per il modello da <strong>165 cm.<\/strong> Grazie alla nostra esperienza e alla conoscenza dei nostri kimono, possiamo assicurarvi che questo \u00e8 il metodo giusto da utilizzare.<\/p>\n<p>Se hai qualche dubbio non esitare a consultare l&#8217;articolo su <a href=\"https:\/\/www.fightingfilms.shop\/comment-bien-choisir-la-taille-de-son-judogi\/\">come scegliere la taglia del tuo kimono da judo<\/a> oppure a contattarci direttamente <a href=\"https:\/\/www.fightingfilms.shop\/contact\/\">qui.<\/a><\/p>\n<p>Per le dimensioni esatte, vedere il modello nella galleria!<\/p>\n<p>Potete anche consultare i <a href=\"https:\/\/www.fightingfilms.shop\/blog\/\">nostri vari articoli<\/a> sulla scelta del <a href=\"https:\/\/www.fightingfilms.shop\/categorie\/kimonos\/kimonos-de-judo\/\">kimono da judo<\/a> o dare un&#8217;occhiata alle nostre <a href=\"https:\/\/www.fightingfilms.shop\/categorie\/ceintures-de-judo\/\">cinture da judo<\/a> per completare il vostro abbigliamento.<\/p>\n<p>&nbsp;<\/p>\n<div id=\"kurato_extension_modal\"><\/div>\n<div id=\"kurato_extension_modal\"><\/div>\n<div id=\"kurato_extension_modal\"><\/div>\n<div id=\"kurato_extension_modal\"><\/div>\n<div id=\"kurato_extension_modal\"><\/div>\n<div id=\"kurato_extension_modal\"><\/div>\n<div id=\"kurato_extension_modal\"><\/div>\n<div id=\"kurato_extension_modal\"><\/div>\n<div id=\"kurato_extension_modal\"><\/div>\n<div id=\"kurato_extension_modal\"><\/div>\n<div id=\"kurato_extension_modal\"><\/div>\n<div id=\"kurato_extension_modal\"><\/div>\n<div id=\"kurato_extension_modal\"><\/div>\n<div id=\"kurato_extension_modal\"><\/div>\n<div id=\"kurato_extension_modal\"><\/div>\n<div id=\"kurato_extension_modal\"><\/div>\n<div id=\"kurato_extension_modal\"><\/div>\n<div id=\"kurato_extension_modal\"><\/div>\n<div id=\"kurato_extension_modal\"><\/div>\n<div id=\"kurato_extension_modal\"><\/div>\n<div id=\"kurato_extension_modal\"><\/div>\n<div id=\"kurato_extension_modal\"><\/div>\n<div id=\"kurato_extension_modal\"><\/div>\n<div id=\"kurato_extension_modal\"><\/div>\n<div id=\"kurato_extension_modal\"><\/div>\n<div id=\"kurato_extension_modal\"><\/div>\n<div id=\"kurato_extension_modal\"><\/div>\n<div id=\"kurato_extension_modal\"><\/div>\n<div id=\"kurato_extension_modal\"><\/div>\n<div id=\"kurato_extension_modal\"><\/div>\n<div id=\"kurato_extension_modal\"><\/div>\n<div id=\"kurato_extension_modal\"><\/div>\n<div id=\"kurato_extension_modal\"><\/div>\n<div id=\"kurato_extension_modal\"><\/div>\n<div id=\"kurato_extension_modal\"><\/div>\n","protected":false},"excerpt":{"rendered":"<p>Il <strong>kimono Judo Fighting Films Superstar 750 Gr \u2013 approvato IJF <a href=\"https:\/\/www.fightingfilms.shop\/les-nouvelles-normes-ijf-pour-les-judogis-en-2022\/\">(approvato dalla International Judo Federation<\/a>, nuovi standard IJF in vigore da gennaio 2023)<\/strong> si distingue per la sua <strong>finitura accurata<\/strong> e per la qualit\u00e0 del suo tessuto. Si tratta quindi di un <strong>modello che si adatta perfettamente a tutti i judoka che vogliono sentirsi a proprio agio con un kimono di alta qualit\u00e0<\/strong>. Questo kimono \u00e8 <strong>ideale per la pratica regolare,<\/strong> perch\u00e9 \u00e8 leggero e offre un comfort ottimale. Infine, offre la massima mobilit\u00e0 grazie alla sua vestibilit\u00e0 slim. Questo \u00e8 il <strong>kimono da competizione <\/strong>per eccellenza.<\/p>\n<p>Questo judogi \u00e8 <strong>misto.<\/strong><\/p>\n<p>Disponibile in <strong>versione Standard Fit<\/strong> e <strong>Large Fit<\/strong>. Il modello Large Fit \u00e8 pi\u00f9 largo in vita, quindi per un kimono di 170 cm, questo kimono avr\u00e0 la lunghezza di uno Standard Fit di 170 cm, ma la vita sar\u00e0 quella di uno Standard Fit <strong>di 175 cm<\/strong>. <\/p>\n<p><strong>LF= 1 taglia in pi\u00f9 nella zona dello stomaco<\/strong><\/p>\n<p><strong>Come scegliere la taglia giusta del kimono Fighting Films? <\/strong><\/p>\n<p>Consigliamo a tutti i nostri clienti di scegliere un kimono <strong>5 cm al di sotto della loro altezza<\/strong>. Se siete alti <strong>1m70<\/strong>, optate invece per il modello da <strong>165 cm.<\/strong> Grazie alla nostra esperienza e alla conoscenza dei nostri kimono, possiamo assicurarvi che questo \u00e8 il metodo giusto da utilizzare.<\/p>\n<p><strong>Attenzione !<\/strong> Con i nuovi standard IJF in vigore da gennaio 2023, la gonna del kimono \u00e8 stata allungata di <strong>5 cm,<\/strong> il che potrebbe infastidire alcuni judoka.<\/p>\n<h4 id=\"kurato_extension_modal\">Non sapete ancora quale taglia di judogi scegliere? Scoprite la nostra <strong><a href=\"http:\/\/tinyurl.com\/2mjwnc4w\">Guida alle taglie .<\/a><\/strong><\/h4>\n<div id=\"kurato_extension_modal\"><\/div>\n<div id=\"kurato_extension_modal\"><\/div>\n<div id=\"kurato_extension_modal\"><\/div>\n<div id=\"kurato_extension_modal\"><\/div>\n<div id=\"kurato_extension_modal\"><\/div>\n<div id=\"kurato_extension_modal\"><\/div>\n<div id=\"kurato_extension_modal\"><\/div>\n<div id=\"kurato_extension_modal\"><\/div>\n<div id=\"kurato_extension_modal\"><\/div>\n<div id=\"kurato_extension_modal\"><\/div>\n<div id=\"kurato_extension_modal\"><\/div>\n<div id=\"kurato_extension_modal\"><\/div>\n<div id=\"kurato_extension_modal\"><\/div>\n<div id=\"kurato_extension_modal\"><\/div>\n<div id=\"kurato_extension_modal\"><\/div>\n<div id=\"kurato_extension_modal\"><\/div>\n<div id=\"kurato_extension_modal\"><\/div>\n<div id=\"kurato_extension_modal\"><\/div>\n<div id=\"kurato_extension_modal\"><\/div>\n<div id=\"kurato_extension_modal\"><\/div>\n<div id=\"kurato_extension_modal\"><\/div>\n<div id=\"kurato_extension_modal\"><\/div>\n<div id=\"kurato_extension_modal\"><\/div>\n<div id=\"kurato_extension_modal\"><\/div>\n<div id=\"kurato_extension_modal\"><\/div>\n<div id=\"kurato_extension_modal\"><\/div>\n<div id=\"kurato_extension_modal\"><\/div>\n<div id=\"kurato_extension_modal\"><\/div>\n<div id=\"kurato_extension_modal\"><\/div>\n<div id=\"kurato_extension_modal\"><\/div>\n<div id=\"kurato_extension_modal\"><\/div>\n<div id=\"kurato_extension_modal\"><\/div>\n<div id=\"kurato_extension_modal\"><\/div>\n<div id=\"kurato_extension_modal\"><\/div>\n","protected":false},"featured_media":23027,"comment_status":"closed","ping_status":"closed","template":"","meta":[],"product_brand":[],"product_cat":[440,994],"product_tag":[],"giftcard-category":[],"class_list":{"0":"post-18741","1":"product","2":"type-product","3":"status-publish","4":"has-post-thumbnail","6":"product_cat-kimono-da-judo","7":"product_cat-ijf-judogi-it","8":"product_shipping_class-kimono-black-label-superstar-it","10":"first","11":"instock","12":"featured","13":"taxable","14":"shipping-taxable","15":"purchasable","16":"product-type-variable"},"exclude_global_add_ons":[],"addons":[],"_links":{"self":[{"href":"https:\/\/fightingfilms.shop\/it\/wp-json\/wp\/v2\/product\/18741","targetHints":{"allow":["GET"]}}],"collection":[{"href":"https:\/\/fightingfilms.shop\/it\/wp-json\/wp\/v2\/product"}],"about":[{"href":"https:\/\/fightingfilms.shop\/it\/wp-json\/wp\/v2\/types\/product"}],"replies":[{"embeddable":true,"href":"https:\/\/fightingfilms.shop\/it\/wp-json\/wp\/v2\/comments?post=18741"}],"wp:featuredmedia":[{"embeddable":true,"href":"https:\/\/fightingfilms.shop\/it\/wp-json\/wp\/v2\/media\/23027"}],"wp:attachment":[{"href":"https:\/\/fightingfilms.shop\/it\/wp-json\/wp\/v2\/media?parent=18741"}],"wp:term":[{"taxonomy":"product_brand","embeddable":true,"href":"https:\/\/fightingfilms.shop\/it\/wp-json\/wp\/v2\/product_brand?post=18741"},{"taxonomy":"product_cat","embeddable":true,"href":"https:\/\/fightingfilms.shop\/it\/wp-json\/wp\/v2\/product_cat?post=18741"},{"taxonomy":"product_tag","embeddable":true,"href":"https:\/\/fightingfilms.shop\/it\/wp-json\/wp\/v2\/product_tag?post=18741"},{"taxonomy":"giftcard-category","embeddable":true,"href":"https:\/\/fightingfilms.shop\/it\/wp-json\/wp\/v2\/giftcard-category?post=18741"}],"curies":[{"name":"wp","href":"https:\/\/api.w.org\/{rel}","templated":true}]}}