{"id":18950,"date":"2021-06-07T14:22:34","date_gmt":"2021-06-07T12:22:34","guid":{"rendered":"https:\/\/www.fightingfilms.shop\/produit\/kimono-de-judo-red-label-500ggr\/"},"modified":"2026-03-20T12:49:00","modified_gmt":"2026-03-20T11:49:00","slug":"kimono-de-judo-red-label-500ggr","status":"publish","type":"product","link":"https:\/\/fightingfilms.shop\/it\/produit\/kimono-de-judo-red-label-500ggr\/","title":{"rendered":"Red Label kimono da judo 500Ggr"},"content":{"rendered":"<p>Il kimono da judo Red Label Fighting Films \u00e8 un kimono di fascia media. \u00c8 quindi adatto a professionisti di livello intermedio, dai bambini esperti agli adulti che stanno imparando o hanno appena iniziato.<\/p>\n<p>Questo kimono da judo leggero \u00e8 ideale per i principianti. Sentitevi liberi di perfezionare i movimenti durante le sessioni di allenamento. Il judogi pi\u00f9 leggero traspira pi\u00f9 facilmente, evitando l&#8217;eccessiva sudorazione che pu\u00f2 derivare da un kimono pi\u00f9 pesante.<\/p>\n<p>Disponibile in bianco e blu, scegliete il colore che preferite per sentirvi pi\u00f9 a vostro agio nel dojo.<\/p>\n<p>Flessibile e solido, \u00e8 disponibile nelle misure da 130 cm a 190 cm.<\/p>\n<p>Questo judogi \u00e8 adatto sia agli uomini che alle donne. \u00c8 il kimono ideale per un primo approccio al judo.<\/p>\n<h2><strong>I punti di forza del kimono da judo Red Label 500 Gr per principianti:<\/strong><\/h2>\n<ul>\n<li>500 grammi per m\u00b2<\/li>\n<li>100% cotone<\/li>\n<li>Vestibilit\u00e0 slim<\/li>\n<li>Pantaloni elasticizzati (per le taglie &lt; 150cm)<\/li>\n<li>Ottimo rapporto qualit\u00e0\/prezzo<\/li>\n<li>5% di restringimento<\/li>\n<li>Possibilit\u00e0 di ricamare il logo del club<\/li>\n<li>% interessante per gli ordini del club<\/li>\n<\/ul>\n<p><strong>Istruzioni per la cura :<\/strong><\/p>\n<ul>\n<li>Lavaggio in lavatrice &#8211; 30\u00b0 max &#8211; normale<\/li>\n<li>Nessun sbiancamento<\/li>\n<\/ul>\n<p><strong>Come faccio a scegliere la taglia giusta del kimono Red Label <a href=\"https:\/\/fightingfilms.com\/\" rel=\"nofollow noopener\" target=\"_blank\">Fighting Films<\/a>? <\/strong><\/p>\n<p>Contrariamente a quanto consigliamo ai nostri clienti quando scelgono la taglia dei kimono Fighting Films, \u00e8 preferibile scegliere un judogi <strong>della stessa taglia o pi\u00f9 grande <\/strong>. Se sei alto <strong>1m70<\/strong>, scegli il modello <strong>170cm, <\/strong>ma se sei<strong> alto 1m74, <\/strong>scegli il modello<strong> 180cm<\/strong>. Grazie alla nostra esperienza e alla conoscenza dei nostri kimono, possiamo assicurarvi che questo \u00e8 il metodo giusto da utilizzare. Questo judogi \u00e8 in cotone al 100% e quindi si restringe di pi\u00f9 rispetto agli altri kimono, che sono realizzati in cotone e poliestere.<\/p>\n<p>Se avete dei dubbi, non esitate a consultare l&#8217;articolo su<a href=\"https:\/\/www.fightingfilms.shop\/comment-bien-choisir-la-taille-de-son-judogi\/\"> come scegliere la dimensione del vostro judogi <\/a>o a contattarci direttamente<a href=\"https:\/\/www.fightingfilms.shop\/contact\/\"> qui<\/a>.<\/p>\n<p>Per le dimensioni esatte, vedere il modello nella galleria!<\/p>\n<p>Potete anche consultare i nostri <a href=\"https:\/\/www.fightingfilms.shop\/blog\/\">vari articoli<\/a> sulla scelta del <a href=\"https:\/\/www.fightingfilms.shop\/categorie\/kimonos\/kimonos-de-judo\/\">kimono da judo<\/a> o dare un&#8217;occhiata alle nostre <a href=\"https:\/\/www.fightingfilms.shop\/categorie\/ceintures-de-judo\/\">cinture da judo<\/a> per completare il vostro abbigliamento.<\/p>\n<div id=\"kurato_extension_modal\"><\/div>\n<div id=\"kurato_extension_modal\"><\/div>\n","protected":false},"excerpt":{"rendered":"<p>Il judogi Red Label \u00e8 un kimono <strong>di fascia media<\/strong> per i livelli intermedi, dai bambini esperti <strong>agli adulti che stanno imparando o ai principianti<\/strong>.<\/p>\n<p>La sua leggerezza ne facilita l&#8217;apprendimento. Il judogi non ostacola i vostri movimenti e vi accompagna nei vostri progressi.<\/p>\n<p><strong>Flessibile e solido<\/strong>, \u00e8 disponibile nelle misure da 130 cm a 190 cm. Disponibile in bianco o blu. Questo judogi \u00e8 <strong>misto.<\/strong><\/p>\n<h4 id=\"kurato_extension_modal\">Non sapete ancora quale taglia di judogi scegliere? Scoprite la nostra <strong><a href=\"http:\/\/tinyurl.com\/2mjwnc4w\">Guida alle taglie .<\/a><\/strong><\/h4>\n<div id=\"kurato_extension_modal\"><\/div>\n","protected":false},"featured_media":23032,"comment_status":"closed","ping_status":"closed","template":"","meta":[],"product_brand":[],"product_cat":[440,547],"product_tag":[],"giftcard-category":[],"class_list":{"0":"post-18950","1":"product","2":"type-product","3":"status-publish","4":"has-post-thumbnail","6":"product_cat-kimono-da-judo","7":"product_cat-kimono-per-bambini","8":"product_shipping_class-kimono-childrenred-label","10":"first","11":"instock","12":"taxable","13":"shipping-taxable","14":"purchasable","15":"product-type-variable"},"exclude_global_add_ons":[],"addons":[],"_links":{"self":[{"href":"https:\/\/fightingfilms.shop\/it\/wp-json\/wp\/v2\/product\/18950","targetHints":{"allow":["GET"]}}],"collection":[{"href":"https:\/\/fightingfilms.shop\/it\/wp-json\/wp\/v2\/product"}],"about":[{"href":"https:\/\/fightingfilms.shop\/it\/wp-json\/wp\/v2\/types\/product"}],"replies":[{"embeddable":true,"href":"https:\/\/fightingfilms.shop\/it\/wp-json\/wp\/v2\/comments?post=18950"}],"wp:featuredmedia":[{"embeddable":true,"href":"https:\/\/fightingfilms.shop\/it\/wp-json\/wp\/v2\/media\/23032"}],"wp:attachment":[{"href":"https:\/\/fightingfilms.shop\/it\/wp-json\/wp\/v2\/media?parent=18950"}],"wp:term":[{"taxonomy":"product_brand","embeddable":true,"href":"https:\/\/fightingfilms.shop\/it\/wp-json\/wp\/v2\/product_brand?post=18950"},{"taxonomy":"product_cat","embeddable":true,"href":"https:\/\/fightingfilms.shop\/it\/wp-json\/wp\/v2\/product_cat?post=18950"},{"taxonomy":"product_tag","embeddable":true,"href":"https:\/\/fightingfilms.shop\/it\/wp-json\/wp\/v2\/product_tag?post=18950"},{"taxonomy":"giftcard-category","embeddable":true,"href":"https:\/\/fightingfilms.shop\/it\/wp-json\/wp\/v2\/giftcard-category?post=18950"}],"curies":[{"name":"wp","href":"https:\/\/api.w.org\/{rel}","templated":true}]}}