{"id":19030,"date":"2021-06-07T13:33:47","date_gmt":"2021-06-07T11:33:47","guid":{"rendered":"https:\/\/www.fightingfilms.shop\/produit\/kimono-judo-etichetta-nera-820gr\/"},"modified":"2026-04-17T16:44:29","modified_gmt":"2026-04-17T14:44:29","slug":"kimono-judo-etichetta-nera-820gr","status":"publish","type":"product","link":"https:\/\/fightingfilms.shop\/it\/produit\/kimono-judo-etichetta-nera-820gr\/","title":{"rendered":"Black Label Judo Kimono 600gr"},"content":{"rendered":"<p>Il <strong>Black Label 600Gr<\/strong> Judo Kimono \u00e8 un ottimo kimono da judo a un prezzo molto conveniente. Si tratta di un judogi di buona qualit\u00e0, con una vestibilit\u00e0 slim come i judogi da competizione della IJF. Questo judogi ha una gonna pi\u00f9 corta, \u00e8 pi\u00f9 leggero e quindi pi\u00f9 comodo per le sessioni di allenamento pi\u00f9 lunghe. Lo consigliamo a chi si allena regolarmente.    Con la sua vestibilit\u00e0 slim e le finiture perfette, non troverete altrove un kimono di cos\u00ec alta qualit\u00e0 a un prezzo cos\u00ec conveniente!<\/p>\n<p>Questo Kimono da Judo per l&#8217;allenamento regolare \u00e8 adatto <strong>sia agli uomini che alle donne<\/strong>. Pesa 600g\/m2. Ha un taglio standard. Infine, la particolarit\u00e0 di questo kimono \u00e8 la sua composizione<strong> in cotone al 100%.<\/strong> Si restringe quindi di pi\u00f9 rispetto ai judogi IJF realizzati in poliestere e cotone. <\/p>\n<p><strong>I punti salienti del kimono da judo 600Gr con etichetta nera:<\/strong><\/p>\n<ul>\n<li>600 g\/m\u00b2 per un&#8217;eccellente resistenza alla trazione per l&#8217;allenamento agonistico<\/li>\n<li>3% di restringimento al lavaggio<\/li>\n<li>Vestibilit\u00e0 slim per una mobilit\u00e0 perfetta e un sostegno a kimono<\/li>\n<li>Venduto con la borsa da trasporto Fighting Films White<\/li>\n<\/ul>\n<p><strong>Istruzioni per la cura :<\/strong><\/p>\n<ul>\n<li>Lavaggio in lavatrice &#8211; 30\u00b0 max &#8211; normale<\/li>\n<li>Nessun sbiancamento<\/li>\n<\/ul>\n<p><strong>Come scegliere la taglia giusta del kimono Fighting Films? <\/strong><\/p>\n<p>Consigliamo a tutti i nostri clienti di scegliere un kimono <strong>5 cm al di sotto della loro altezza<\/strong>. Se siete alti <strong>1m70<\/strong>, optate invece per il modello da <strong>165 cm.<\/strong> Grazie alla nostra esperienza e alla conoscenza dei nostri kimono, possiamo assicurarvi che questo \u00e8 il metodo giusto da utilizzare.<\/p>\n<p>Se avete dei dubbi, non esitate a consultare l&#8217;articolo su <a href=\"https:\/\/www.fightingfilms.shop\/comment-bien-choisir-la-taille-de-son-judogi\/\">come scegliere la taglia del vostro kimono da judo<\/a> o a contattarci direttamente <a href=\"https:\/\/www.fightingfilms.shop\/contact\/\">qui<\/a>.<\/p>\n<p>Per le dimensioni esatte, vedere il modello nella galleria!<\/p>\n<p>Potete anche consultare i <a href=\"https:\/\/www.fightingfilms.shop\/blog\/\">nostri vari articoli<\/a> sulla scelta del <a href=\"https:\/\/www.fightingfilms.shop\/categorie\/kimonos\/kimonos-de-judo\/\">kimono da judo<\/a> o dare un&#8217;occhiata alle nostre <a href=\"https:\/\/www.fightingfilms.shop\/categorie\/ceintures-de-judo\/\">cinture da judo<\/a> per completare il vostro abbigliamento.<\/p>\n<div id=\"kurato_extension_modal\"><\/div>\n<div id=\"kurato_extension_modal\"><\/div>\n<div id=\"kurato_extension_modal\"><\/div>\n<div id=\"kurato_extension_modal\"><\/div>\n<div id=\"kurato_extension_modal\"><\/div>\n<div id=\"kurato_extension_modal\"><\/div>\n","protected":false},"excerpt":{"rendered":"<div class=\"product-short\">\n<p><strong>Il Black Label Judo Kimono da 600gr \u00e8 un kimono da judo per l&#8217;allenamento regolare, <\/strong>con una vestibilit\u00e0 slim e un prezzo accessibile. Il nostro Black Label Judo Kimono \u00e8 <strong>un judogi di alta qualit\u00e0 che non soddisfa gli standard IJF.<\/strong> \u00c8 consigliato a chi si allena regolarmente.<\/p>\n<p> Realizzato in 100% cotone, \u00e8 aderente, ben rifinito e confortevole. Ottimo rapporto qualit\u00e0\/prezzo!<\/p>\n<p>Adatto a<strong> uomini e donne <\/strong>che si allenano regolarmente e vogliono un judogi leggero e robusto. Questo judogi ha un taglio standard. <\/p>\n<p><strong>Come scegliere la taglia giusta del kimono Fighting Films? <\/strong><\/p>\n<p>Consigliamo a tutti i nostri clienti di scegliere un kimono <strong>5 cm al di sotto della loro altezza<\/strong>. Se siete alti <strong>1m70<\/strong>, optate invece per il modello da <strong>165 cm.<\/strong> Grazie alla nostra esperienza e alla conoscenza dei nostri kimono, possiamo assicurarvi che questo \u00e8 il metodo giusto da utilizzare.<\/p>\n<h4>Non sapete ancora quale taglia di judogi scegliere? Scoprite la nostra <strong><a href=\"http:\/\/tinyurl.com\/2mjwnc4w\">Guida alle taglie .<\/a><\/strong><\/h4>\n<\/div>\n<div id=\"kurato_extension_modal\"><\/div>\n<div id=\"kurato_extension_modal\"><\/div>\n<div id=\"kurato_extension_modal\"><\/div>\n<div id=\"kurato_extension_modal\"><\/div>\n<div id=\"kurato_extension_modal\"><\/div>\n<div id=\"kurato_extension_modal\"><\/div>\n","protected":false},"featured_media":25897,"comment_status":"closed","ping_status":"closed","template":"","meta":[],"product_brand":[],"product_cat":[440],"product_tag":[],"giftcard-category":[],"class_list":{"0":"post-19030","1":"product","2":"type-product","3":"status-publish","4":"has-post-thumbnail","6":"product_cat-kimono-da-judo","7":"product_shipping_class-kimono-black-label-superstar-it","9":"first","10":"instock","11":"taxable","12":"shipping-taxable","13":"purchasable","14":"product-type-variable"},"exclude_global_add_ons":[],"addons":[],"_links":{"self":[{"href":"https:\/\/fightingfilms.shop\/it\/wp-json\/wp\/v2\/product\/19030","targetHints":{"allow":["GET"]}}],"collection":[{"href":"https:\/\/fightingfilms.shop\/it\/wp-json\/wp\/v2\/product"}],"about":[{"href":"https:\/\/fightingfilms.shop\/it\/wp-json\/wp\/v2\/types\/product"}],"replies":[{"embeddable":true,"href":"https:\/\/fightingfilms.shop\/it\/wp-json\/wp\/v2\/comments?post=19030"}],"wp:featuredmedia":[{"embeddable":true,"href":"https:\/\/fightingfilms.shop\/it\/wp-json\/wp\/v2\/media\/25897"}],"wp:attachment":[{"href":"https:\/\/fightingfilms.shop\/it\/wp-json\/wp\/v2\/media?parent=19030"}],"wp:term":[{"taxonomy":"product_brand","embeddable":true,"href":"https:\/\/fightingfilms.shop\/it\/wp-json\/wp\/v2\/product_brand?post=19030"},{"taxonomy":"product_cat","embeddable":true,"href":"https:\/\/fightingfilms.shop\/it\/wp-json\/wp\/v2\/product_cat?post=19030"},{"taxonomy":"product_tag","embeddable":true,"href":"https:\/\/fightingfilms.shop\/it\/wp-json\/wp\/v2\/product_tag?post=19030"},{"taxonomy":"giftcard-category","embeddable":true,"href":"https:\/\/fightingfilms.shop\/it\/wp-json\/wp\/v2\/giftcard-category?post=19030"}],"curies":[{"name":"wp","href":"https:\/\/api.w.org\/{rel}","templated":true}]}}