{"id":19056,"date":"2021-06-04T14:29:48","date_gmt":"2021-06-04T12:29:48","guid":{"rendered":"https:\/\/www.fightingfilms.shop\/produit\/kimono-de-judo-superstar-original-920gr\/"},"modified":"2025-11-22T00:32:13","modified_gmt":"2025-11-21T23:32:13","slug":"kimono-de-judo-superstar-original-920gr","status":"publish","type":"product","link":"https:\/\/fightingfilms.shop\/it\/produit\/kimono-de-judo-superstar-original-920gr\/","title":{"rendered":"Kimono da Judo Superstar Originale 920Gr"},"content":{"rendered":"<p><strong>Il kimono da judo Superstar Original, il top di gamma <\/strong>, ha una densit\u00e0 di 920 grammi per metro quadro. \u00c8 pesante e resistente, ma non limita la libert\u00e0 di movimento. Inoltre, la Superstar ORIGINAL ha una vestibilit\u00e0 sottile e aderente alle spalle, per cui si adatta bene al corpo. Infine, un sottile mix di cotone (70%) e poliestere (30%) fa s\u00ec che il restringimento in lavatrice sia solo dell&#8217;1%. Nonostante la sua densit\u00e0 e resistenza, questo kimono \u00e8 comodo e leggero.<\/p>\n<p>Atleti di tutto il mondo come le nazionali della Georgia e della Mongolia lo adottano per la sua <strong>eccezionale comodit\u00e0<\/strong> e <strong>leggerezza<\/strong>.Questo elegante kimono \u00e8 stato indossato anche dalla superstar Ilias Illiadis durante il suo ultimo titolo mondiale nel 2014.<\/p>\n<h2><strong>Caratteristiche salienti del kimono da judo Superstar Original top di gamma:<\/strong><\/h2>\n<ul>\n<li>920 g\/m\u00b2 per un&#8217;elevata resistenza alla trazione per allenamenti intensivi<\/li>\n<li>1% di restringimento al lavaggio<\/li>\n<li>Taglio aderente e sottile: il kimono rimane al suo posto mentre ci si muove<\/li>\n<li>Venduto con una borsa per il trasporto Fighting Films<\/li>\n<\/ul>\n<p><strong>Istruzioni per la cura :<\/strong><\/p>\n<ul>\n<li>Lavaggio in lavatrice &#8211; 30\u00b0 max &#8211; normale<\/li>\n<li>Nessun sbiancamento<\/li>\n<\/ul>\n<p><strong>Come scegliere la taglia giusta del kimono Fighting Films? <\/strong><\/p>\n<p>Consigliamo a tutti i nostri clienti di scegliere un kimono <strong>5 cm al di sotto della loro altezza<\/strong>. Se siete alti <strong>1m70<\/strong>, optate invece per il modello da <strong>165 cm.<\/strong> Grazie alla nostra esperienza e alla conoscenza dei nostri kimono, possiamo assicurarvi che questo \u00e8 il metodo giusto da utilizzare.<\/p>\n<p>Se hai qualche dubbio non esitare a consultare l&#8217;articolo su <a href=\"https:\/\/www.fightingfilms.shop\/comment-bien-choisir-la-taille-de-son-judogi\/\">come scegliere la taglia del tuo kimono da judo<\/a> oppure a contattarci direttamente <a href=\"https:\/\/www.fightingfilms.shop\/contact\/\">qui.<\/a><\/p>\n<p>Per le dimensioni esatte, vedere il modello nella galleria!<\/p>\n<p>Potete anche consultare i <a href=\"https:\/\/www.fightingfilms.shop\/blog\/\">nostri vari articoli<\/a> sulla scelta del <a href=\"https:\/\/www.fightingfilms.shop\/categorie\/kimonos\/kimonos-de-judo\/\">kimono da judo<\/a> o dare un&#8217;occhiata alle nostre <a href=\"https:\/\/www.fightingfilms.shop\/categorie\/ceintures-de-judo\/\">cinture da judo<\/a> per completare il vostro abbigliamento.<\/p>\n<div id=\"kurato_extension_modal\"><\/div>\n","protected":false},"excerpt":{"rendered":"<p style=\"text-align: left;\">Il Fighting Films Superstar Original Judo Kimono \u00e8 il <strong>kimono da judo di fascia alta<\/strong> del marchio. \u00c8 adatto a uomini e donne che praticano regolarmente Judo. \u00c8 il kimono pi\u00f9 denso offerto da Fighting Films con una densit\u00e0 di 920 grammi per m\u00b2. \u00c8 particolarmente progettato per i <strong>judoka che praticano il randori o la competizione regolare e intensiva.<\/strong><\/p>\n<p>Questo judogi \u00e8 <strong>misto.<\/strong><\/p>\n<p><strong>Come scegliere la taglia giusta del kimono Fighting Films ? <\/strong><\/p>\n<p>Consigliamo a tutti i nostri clienti di scegliere un kimono <strong>5 cm al di sotto della loro altezza<\/strong>. Se siete alti <strong>1m70<\/strong>, optate invece per il modello da <strong>165 cm.<\/strong> Grazie alla nostra esperienza e alla conoscenza dei nostri kimono, possiamo assicurarvi che questo \u00e8 il metodo giusto da utilizzare.<\/p>\n<div id=\"kurato_extension_modal\"><\/div>\n","protected":false},"featured_media":28152,"comment_status":"closed","ping_status":"closed","template":"","meta":[],"product_brand":[],"product_cat":[440],"product_tag":[],"giftcard-category":[],"class_list":{"0":"post-19056","1":"product","2":"type-product","3":"status-publish","4":"has-post-thumbnail","6":"product_cat-kimono-da-judo","7":"product_shipping_class-kimono-black-label-superstar-it","9":"first","10":"instock","11":"taxable","12":"shipping-taxable","13":"purchasable","14":"product-type-variable"},"exclude_global_add_ons":[],"addons":[],"_links":{"self":[{"href":"https:\/\/fightingfilms.shop\/it\/wp-json\/wp\/v2\/product\/19056","targetHints":{"allow":["GET"]}}],"collection":[{"href":"https:\/\/fightingfilms.shop\/it\/wp-json\/wp\/v2\/product"}],"about":[{"href":"https:\/\/fightingfilms.shop\/it\/wp-json\/wp\/v2\/types\/product"}],"replies":[{"embeddable":true,"href":"https:\/\/fightingfilms.shop\/it\/wp-json\/wp\/v2\/comments?post=19056"}],"wp:featuredmedia":[{"embeddable":true,"href":"https:\/\/fightingfilms.shop\/it\/wp-json\/wp\/v2\/media\/28152"}],"wp:attachment":[{"href":"https:\/\/fightingfilms.shop\/it\/wp-json\/wp\/v2\/media?parent=19056"}],"wp:term":[{"taxonomy":"product_brand","embeddable":true,"href":"https:\/\/fightingfilms.shop\/it\/wp-json\/wp\/v2\/product_brand?post=19056"},{"taxonomy":"product_cat","embeddable":true,"href":"https:\/\/fightingfilms.shop\/it\/wp-json\/wp\/v2\/product_cat?post=19056"},{"taxonomy":"product_tag","embeddable":true,"href":"https:\/\/fightingfilms.shop\/it\/wp-json\/wp\/v2\/product_tag?post=19056"},{"taxonomy":"giftcard-category","embeddable":true,"href":"https:\/\/fightingfilms.shop\/it\/wp-json\/wp\/v2\/giftcard-category?post=19056"}],"curies":[{"name":"wp","href":"https:\/\/api.w.org\/{rel}","templated":true}]}}