{"id":19216,"date":"2021-06-10T18:53:12","date_gmt":"2021-06-10T16:53:12","guid":{"rendered":"https:\/\/www.fightingfilms.shop\/produit\/marsupio-in-tela-judogi\/"},"modified":"2024-01-25T13:44:09","modified_gmt":"2024-01-25T12:44:09","slug":"marsupio-in-tela-judogi","status":"publish","type":"product","link":"https:\/\/fightingfilms.shop\/it\/produit\/marsupio-in-tela-judogi\/","title":{"rendered":"Marsupio in tela Judogi"},"content":{"rendered":"<p>lI nostro marsupio in tela da judogi \u00e8 finalmente disponibile! l&#8217;accessorio moda che mancava al tuo guardaroba. Disponibile in 4 colori: bianco, blu, nero, rosso.<\/p>\n<p>Questo \u00e8 <a href=\"https:\/\/www.fightingfilms.shop\/categorie\/accessoires-de-judo\/\">l&#8217;accessorio da judo<\/a> Fighting Films ideale per competere!<\/p>\n<p>Questo marsupio in tela da judogi \u00e8, come suggerisce il nome, realizzato in tela da judogi. Come tutti i nostri kimono, la qualit\u00e0 del tessuto utilizzato rende la borsa molto resistente. Ti accompagner\u00e0 per molti mesi\/anni in estate e in inverno !<\/p>\n<p><strong>Informazioni aggiuntive: <\/strong><\/p>\n<div class=\"description__desc\">\n<p>-Vera tela per kimono da judo<br \/>\n\u2013 Indossato in vita o sulla spalla<br \/>\n\u2013 Una tasca esterna, 1 tasca interna con cerniera e uno scomparto principale con cerniera<br \/>\n\u2013 Scomparto principale con cerniera con due tasche interne<br \/>\n\u2013 Tasca esterna con cerniera per piccoli oggetti di valore<br \/>\n\u2013 Peso medio 155 g<\/p>\n<p><strong>Composizione:<\/strong><\/p>\n<p>\u2013 Tela JudoGi, 100% cotone.<\/p>\n<\/div>\n<p>Vuoi completare la tua collezione di prodotti Fighting Films ? Per il dojo, opta per i nostri <a href=\"https:\/\/www.fightingfilms.shop\/categorie\/kimonos\/kimonos-de-judo\/\">kimono da judo<\/a>, approvati o meno dall&#8217;<a href=\"http:\/\/www.ijf.org\" rel=\"nofollow noopener\" target=\"_blank\">IJF.<\/a> Oltre al tatami vi aspettano anche i nostri <a href=\"https:\/\/www.fightingfilms.shop\/categorie\/textile-de-judo\/\">tessuti<\/a> per il judo.<\/p>\n<div id=\"kurato_extension_modal\"><\/div>\n<div id=\"kurato_extension_modal\"><\/div>\n","protected":false},"excerpt":{"rendered":"<p>Il nostro nuovo prodotto \u00e8 arrivato, <strong>il marsupio in tela kimono da judo Fighting Films.<\/strong><\/p>\n<p>4 colori disponibili per rendere il tuo stile quotidiano adatto a tutte le situazioni.<\/p>\n<div id=\"kurato_extension_modal\"><\/div>\n<div id=\"kurato_extension_modal\"><\/div>\n","protected":false},"featured_media":22685,"comment_status":"closed","ping_status":"closed","template":"","meta":[],"product_brand":[],"product_cat":[498],"product_tag":[],"giftcard-category":[],"class_list":{"0":"post-19216","1":"product","2":"type-product","3":"status-publish","4":"has-post-thumbnail","6":"product_cat-accessori-per-il-judo","7":"product_shipping_class-accessori","9":"first","10":"outofstock","11":"taxable","12":"shipping-taxable","13":"purchasable","14":"product-type-variable"},"exclude_global_add_ons":[],"addons":[],"_links":{"self":[{"href":"https:\/\/fightingfilms.shop\/it\/wp-json\/wp\/v2\/product\/19216","targetHints":{"allow":["GET"]}}],"collection":[{"href":"https:\/\/fightingfilms.shop\/it\/wp-json\/wp\/v2\/product"}],"about":[{"href":"https:\/\/fightingfilms.shop\/it\/wp-json\/wp\/v2\/types\/product"}],"replies":[{"embeddable":true,"href":"https:\/\/fightingfilms.shop\/it\/wp-json\/wp\/v2\/comments?post=19216"}],"wp:featuredmedia":[{"embeddable":true,"href":"https:\/\/fightingfilms.shop\/it\/wp-json\/wp\/v2\/media\/22685"}],"wp:attachment":[{"href":"https:\/\/fightingfilms.shop\/it\/wp-json\/wp\/v2\/media?parent=19216"}],"wp:term":[{"taxonomy":"product_brand","embeddable":true,"href":"https:\/\/fightingfilms.shop\/it\/wp-json\/wp\/v2\/product_brand?post=19216"},{"taxonomy":"product_cat","embeddable":true,"href":"https:\/\/fightingfilms.shop\/it\/wp-json\/wp\/v2\/product_cat?post=19216"},{"taxonomy":"product_tag","embeddable":true,"href":"https:\/\/fightingfilms.shop\/it\/wp-json\/wp\/v2\/product_tag?post=19216"},{"taxonomy":"giftcard-category","embeddable":true,"href":"https:\/\/fightingfilms.shop\/it\/wp-json\/wp\/v2\/giftcard-category?post=19216"}],"curies":[{"name":"wp","href":"https:\/\/api.w.org\/{rel}","templated":true}]}}