{"id":19466,"date":"2021-06-10T18:53:11","date_gmt":"2021-06-10T16:53:11","guid":{"rendered":"https:\/\/www.fightingfilms.shop\/produit\/borsa-di-judo-per-bambini-film-di-combattimento\/"},"modified":"2025-09-12T13:15:29","modified_gmt":"2025-09-12T11:15:29","slug":"borsa-di-judo-per-bambini-film-di-combattimento","status":"publish","type":"product","link":"https:\/\/fightingfilms.shop\/it\/produit\/borsa-di-judo-per-bambini-film-di-combattimento\/","title":{"rendered":"Borsa di judo per bambini Film di combattimento"},"content":{"rendered":"<p>La Fighting Films Children&#8217;s Judo Bag sar\u00e0 il compagno ideale per i giovani judoka, perfetta per riporre i kimono Hajime e <a href=\"https:\/\/www.fightingfilms.shop\/produit\/kimono-de-judo-red-label-500-gr\/\">Red Label<\/a>. Molto resistente e leggero, realizzato in tessuto kimono, \u00e8 perfetto per i bambini piccoli, dal baby judo ai benjamin!<\/p>\n<ul>\n<li>Chicco di riso blu<\/li>\n<li>Dimensioni: 45 x 19 x 24 cm<\/li>\n<li>Logo Fighting Films su un lato<\/li>\n<li>scimmia (simile a quella presente sui kimono Hajime) sull&#8217;altro lato<\/li>\n<\/ul>\n<p>Offriamo anche altri prodotti tessili per bambini (t-shirt, felpe, ecc.) e <a href=\"https:\/\/www.fightingfilms.shop\/produit\/accessoires-de-judo\/sac-de-judo-bakku-pakku-fighting-films\/\">borse da judo<\/a> per adolescenti <a href=\"https:\/\/www.eju.net\/\" rel=\"nofollow noopener\" target=\"_blank\"> e<\/a> adulti!<\/p>\n","protected":false},"excerpt":{"rendered":"<p>La borsa da judo Fighting Films, facile da trasportare, \u00e8 ideale per riporre i kimono Hajime e Red Label. Estremamente resistente, \u00e8 perfetto per i bambini, anche i pi\u00f9 spensierati!<\/p>\n","protected":false},"featured_media":19467,"comment_status":"closed","ping_status":"closed","template":"","meta":[],"product_brand":[],"product_cat":[498,1053],"product_tag":[],"giftcard-category":[],"class_list":{"0":"post-19466","1":"product","2":"type-product","3":"status-publish","4":"has-post-thumbnail","6":"product_cat-accessori-per-il-judo","7":"product_cat-borsa-da-judo","8":"product_shipping_class-accessori","10":"first","11":"instock","12":"taxable","13":"shipping-taxable","14":"purchasable","15":"product-type-simple"},"exclude_global_add_ons":[],"addons":[],"_links":{"self":[{"href":"https:\/\/fightingfilms.shop\/it\/wp-json\/wp\/v2\/product\/19466","targetHints":{"allow":["GET"]}}],"collection":[{"href":"https:\/\/fightingfilms.shop\/it\/wp-json\/wp\/v2\/product"}],"about":[{"href":"https:\/\/fightingfilms.shop\/it\/wp-json\/wp\/v2\/types\/product"}],"replies":[{"embeddable":true,"href":"https:\/\/fightingfilms.shop\/it\/wp-json\/wp\/v2\/comments?post=19466"}],"wp:featuredmedia":[{"embeddable":true,"href":"https:\/\/fightingfilms.shop\/it\/wp-json\/wp\/v2\/media\/19467"}],"wp:attachment":[{"href":"https:\/\/fightingfilms.shop\/it\/wp-json\/wp\/v2\/media?parent=19466"}],"wp:term":[{"taxonomy":"product_brand","embeddable":true,"href":"https:\/\/fightingfilms.shop\/it\/wp-json\/wp\/v2\/product_brand?post=19466"},{"taxonomy":"product_cat","embeddable":true,"href":"https:\/\/fightingfilms.shop\/it\/wp-json\/wp\/v2\/product_cat?post=19466"},{"taxonomy":"product_tag","embeddable":true,"href":"https:\/\/fightingfilms.shop\/it\/wp-json\/wp\/v2\/product_tag?post=19466"},{"taxonomy":"giftcard-category","embeddable":true,"href":"https:\/\/fightingfilms.shop\/it\/wp-json\/wp\/v2\/giftcard-category?post=19466"}],"curies":[{"name":"wp","href":"https:\/\/api.w.org\/{rel}","templated":true}]}}