{"id":23569,"date":"2024-06-04T15:01:31","date_gmt":"2024-06-04T13:01:31","guid":{"rendered":"https:\/\/www.fightingfilms.shop\/produit\/cintura-gialla-di-judo\/"},"modified":"2024-06-04T15:01:31","modified_gmt":"2024-06-04T13:01:31","slug":"cintura-gialla-di-judo","status":"publish","type":"product","link":"https:\/\/fightingfilms.shop\/it\/produit\/cintura-gialla-di-judo\/","title":{"rendered":"Cintura gialla di judo"},"content":{"rendered":"<p>Dopo alcuni mesi o anni di allenamento, hai acquisito tutte le abilit\u00e0 necessarie per ottenere la <a href=\"https:\/\/www.fightingfilms.shop\/produit\/ceinture-de-judo-blanche\/\">cintura bianca di judo<\/a>. Ora \u00e8 il momento di passare alla cintura gialla di judo. Sai come applicare le tecniche fondamentali del judo, come fare l&#8217;arco e come cadere all&#8217;indietro.<\/p>\n<p>La cintura da judo gialla di Fighting Films \u00e8 dotata di un elegante logo rosso di Fighting Films a un&#8217;estremit\u00e0. Insieme al kimono, le <a href=\"https:\/\/www.fightingfilms.shop\/categorie\/ceintures-de-judo\/\"><strong>cinture da judo<\/strong><\/a> sono gli elementi fondamentali dell&#8217;abbigliamento di un judoka.<\/p>\n<p>La cintura gialla nel judo segna la seconda tappa del lungo percorso di apprendimento. Il judo \u00e8 pi\u00f9 di una semplice arte marziale, \u00e8 una scuola di vita che infonde valori e principi fondamentali in tutti i suoi praticanti.<\/p>\n<p>La cintura gialla rappresenta la luce e la saggezza e indica che il praticante ha acquisito conoscenze e abilit\u00e0 ed \u00e8 in grado di applicarle.<\/p>\n<h2><em><strong>Le caratteristiche della cintura gialla di judo: <\/strong><\/em><\/h2>\n<ul>\n<li>Larghezza: 4 cm<\/li>\n<li>Lunghezza: 220cm \/ 240cm \/ 260cm \/ 280cm \/ 300cm \/ 320cm<\/li>\n<li>8 linee di cucitura<\/li>\n<li>100% cotone<\/li>\n<\/ul>\n<p>Non sei sicuro della taglia da scegliere per la tua cintura di judo gialla? Consulta il nostro articolo su <a href=\"https:\/\/www.fightingfilms.shop\/comment-choisir-la-taille-de-sa-ceinture-de-judo\/\">come scegliere la taglia giusta della cintura da judo<\/a>, oppure contattaci direttamente via e-mail.<\/p>\n<p>Vuoi provare la tua cintura di judo prima di acquistarla? Saremo lieti di accoglierti nel nostro negozio parigino al numero <a href=\"https:\/\/www.google.com\/maps\/place\/Fighting+Films+Europe+-+Judo+Shop\/@48.8761092,2.3481987,17z\/data=!3m1!4b1!4m6!3m5!1s0x47e66f3342322311:0xa604a392d0448936!8m2!3d48.8761057!4d2.3507736!16s%2Fg%2F11f7r5_h4m?entry=ttu\" rel=\"nofollow noopener\" target=\"_blank\">1 di rue des Messageries, 75010 PARIGI.<\/a><\/p>\n","protected":false},"excerpt":{"rendered":"<p>Con la <strong>cintura gialla di judo Fighting Films<\/strong>, pu\u00f2 iniziare la seconda fase dell&#8217;apprendimento del judo. Migliora la tua tecnica, le tue conoscenze e il tuo autocontrollo.<\/p>\n<p>Cintura rigida disponibile nelle taglie da bambino ad adulto.<\/p>\n","protected":false},"featured_media":18171,"comment_status":"","ping_status":"closed","template":"","meta":[],"product_brand":[],"product_cat":[456],"product_tag":[],"giftcard-category":[],"class_list":{"0":"post-23569","1":"product","2":"type-product","3":"status-publish","4":"has-post-thumbnail","6":"product_cat-cinture-di-judo","7":"product_shipping_class-accessori","9":"first","10":"instock","11":"taxable","12":"shipping-taxable","13":"purchasable","14":"product-type-variable"},"exclude_global_add_ons":[],"addons":[],"_links":{"self":[{"href":"https:\/\/fightingfilms.shop\/it\/wp-json\/wp\/v2\/product\/23569","targetHints":{"allow":["GET"]}}],"collection":[{"href":"https:\/\/fightingfilms.shop\/it\/wp-json\/wp\/v2\/product"}],"about":[{"href":"https:\/\/fightingfilms.shop\/it\/wp-json\/wp\/v2\/types\/product"}],"replies":[{"embeddable":true,"href":"https:\/\/fightingfilms.shop\/it\/wp-json\/wp\/v2\/comments?post=23569"}],"wp:featuredmedia":[{"embeddable":true,"href":"https:\/\/fightingfilms.shop\/it\/wp-json\/wp\/v2\/media\/18171"}],"wp:attachment":[{"href":"https:\/\/fightingfilms.shop\/it\/wp-json\/wp\/v2\/media?parent=23569"}],"wp:term":[{"taxonomy":"product_brand","embeddable":true,"href":"https:\/\/fightingfilms.shop\/it\/wp-json\/wp\/v2\/product_brand?post=23569"},{"taxonomy":"product_cat","embeddable":true,"href":"https:\/\/fightingfilms.shop\/it\/wp-json\/wp\/v2\/product_cat?post=23569"},{"taxonomy":"product_tag","embeddable":true,"href":"https:\/\/fightingfilms.shop\/it\/wp-json\/wp\/v2\/product_tag?post=23569"},{"taxonomy":"giftcard-category","embeddable":true,"href":"https:\/\/fightingfilms.shop\/it\/wp-json\/wp\/v2\/giftcard-category?post=23569"}],"curies":[{"name":"wp","href":"https:\/\/api.w.org\/{rel}","templated":true}]}}