{"id":23879,"date":"2024-06-07T11:46:10","date_gmt":"2024-06-07T09:46:10","guid":{"rendered":"https:\/\/www.fightingfilms.shop\/produit\/cintura-marrone-by-jjb\/"},"modified":"2024-06-07T11:46:10","modified_gmt":"2024-06-07T09:46:10","slug":"cintura-marrone-by-jjb","status":"publish","type":"product","link":"https:\/\/fightingfilms.shop\/it\/produit\/cintura-marrone-by-jjb\/","title":{"rendered":"Cintura marrone by jjb"},"content":{"rendered":"<p>Continua a perfezionare le tue tecniche e abilit\u00e0 di jiu-jitsu brasiliano con la tua cintura marrone jjb. Completa il tuo abbigliamento jjb con una cintura marrone di jjb Fighting Films.<\/p>\n<p>Il <a href=\"https:\/\/www.fightingfilms.shop\/categorie\/jiu-jitsu\/ceintures-de-jjb\/\"><strong>cinture jjb<\/strong><\/a> Insieme al kimono, sono gli elementi fondamentali dell&#8217;abbigliamento da jiu jitsuka.<\/p>\n<p>La cintura marrone di jjb segna la continuit\u00e0 e il passaggio dal livello intermedio al livello esperto della padronanza del jiu-jitsu brasiliano. Il Jjb \u00e8 pi\u00f9 di una semplice arte marziale, \u00e8 una scuola di vita che infonde valori e principi fondamentali in tutti i suoi praticanti.<\/p>\n<p>Le tecniche e i concetti di base e intermedi di jjb non avranno segreti per te. Con la tua cintura marrone jjb, affina le tue abilit\u00e0, perfeziona le tue tecniche e preparati al passaggio alla cintura nera.<\/p>\n<h2>Il design della cintura marrone di jjb Fighting Films<\/h2>\n<p>Il design della cintura di Jiu-Jitsu brasiliano \u00e8 stato creato su misura per mantenere un legame tra il Giappone e il Brasile, la terra del Jiu-Jitsu. Sulla cintura marrone jjb troverai una toppa nera a un&#8217;estremit\u00e0 sulla quale potrai far ricamare i tuoi vari gradi. Per ricamare la tua cintura, visita la nostra <a href=\"https:\/\/www.fightingfilms.shop\/la-meilleure-boutique-darts-martiaux-a-paris\/\">boutique di arti marziali a Parigi<\/a>.<\/p>\n<p>Sull&#8217;altro lato della cintura troverai una toppa personalizzata con i colori del marchio. Una bandiera brasiliana sormontata dalla scritta &#8220;Brazilian Jiu-jitsu&#8221; in giapponese. Questa bandiera brasiliana ridisegnata presenta il logo di <a href=\"https:\/\/fightingfilms.com\/\" target=\"_blank\" rel=\"nofollow noopener\">Fighting Films<\/a>, la data di creazione del marchio e le parole &#8220;Brazilian jiu-jitsu&#8221;.<\/p>\n<p>Questo design elegante e unico vi far\u00e0 risaltare sul tatami.<\/p>\n<h2>Personalizza la tua cintura marrone jjb.<\/h2>\n<p>Su Fighting Films puoi personalizzare completamente la tua cintura marrone di jiu-jitsu brasiliano. Scegliete un nome, un carattere e un colore per personalizzare la vostra cintura con il nome che desiderate.<\/p>\n<p>Non c&#8217;\u00e8 bisogno di aspettare l&#8217;arrivo della cintura: il ricamo verr\u00e0 effettuato in loco nel nostro negozio.<\/p>\n<h2>Dettagli del prodotto<\/h2>\n<p>Scegli la misura della cintura marrone di jiu-jitsu brasiliano che pi\u00f9 ti si addice, da A0 a A5.<\/p>\n<p>A0=240cm<\/p>\n<p>A1=260cm<\/p>\n<p>A2=280cm<\/p>\n<p>A3=300cm<\/p>\n<p>A4=320cm<\/p>\n<p>A5=340cm<\/p>\n<p>Realizzata al 100% in cotone, la nostra cintura offre una durata eccezionale e garantisce un comfort e una leggerezza ottimali durante gli allenamenti e le gare.<\/p>\n","protected":false},"excerpt":{"rendered":"<p>L&#8217;ultimo passo prima della cintura nera, la cintura marrone jjb di Fighting Films!<\/p>\n<p>Perfeziona le tue tecniche di alto livello e diventa il jiujitsuka definitivo con la tua cintura marrone jjb! Rigida e molto leggera, questa cintura \u00e8 ideale per l&#8217;allenamento e le competizioni.<\/p>\n","protected":false},"featured_media":16354,"comment_status":"","ping_status":"closed","template":"","meta":[],"product_brand":[],"product_cat":[913],"product_tag":[],"giftcard-category":[],"class_list":{"0":"post-23879","1":"product","2":"type-product","3":"status-publish","4":"has-post-thumbnail","6":"product_cat-cinture-jjb","7":"product_shipping_class-accessori","9":"first","10":"instock","11":"taxable","12":"shipping-taxable","13":"purchasable","14":"product-type-variable"},"exclude_global_add_ons":[],"addons":[],"_links":{"self":[{"href":"https:\/\/fightingfilms.shop\/it\/wp-json\/wp\/v2\/product\/23879","targetHints":{"allow":["GET"]}}],"collection":[{"href":"https:\/\/fightingfilms.shop\/it\/wp-json\/wp\/v2\/product"}],"about":[{"href":"https:\/\/fightingfilms.shop\/it\/wp-json\/wp\/v2\/types\/product"}],"replies":[{"embeddable":true,"href":"https:\/\/fightingfilms.shop\/it\/wp-json\/wp\/v2\/comments?post=23879"}],"wp:featuredmedia":[{"embeddable":true,"href":"https:\/\/fightingfilms.shop\/it\/wp-json\/wp\/v2\/media\/16354"}],"wp:attachment":[{"href":"https:\/\/fightingfilms.shop\/it\/wp-json\/wp\/v2\/media?parent=23879"}],"wp:term":[{"taxonomy":"product_brand","embeddable":true,"href":"https:\/\/fightingfilms.shop\/it\/wp-json\/wp\/v2\/product_brand?post=23879"},{"taxonomy":"product_cat","embeddable":true,"href":"https:\/\/fightingfilms.shop\/it\/wp-json\/wp\/v2\/product_cat?post=23879"},{"taxonomy":"product_tag","embeddable":true,"href":"https:\/\/fightingfilms.shop\/it\/wp-json\/wp\/v2\/product_tag?post=23879"},{"taxonomy":"giftcard-category","embeddable":true,"href":"https:\/\/fightingfilms.shop\/it\/wp-json\/wp\/v2\/giftcard-category?post=23879"}],"curies":[{"name":"wp","href":"https:\/\/api.w.org\/{rel}","templated":true}]}}