{"id":23922,"date":"2024-06-07T12:16:53","date_gmt":"2024-06-07T10:16:53","guid":{"rendered":"https:\/\/www.fightingfilms.shop\/produit\/cintura-nera-di-jjb\/"},"modified":"2024-06-07T12:16:53","modified_gmt":"2024-06-07T10:16:53","slug":"cintura-nera-di-jjb","status":"publish","type":"product","link":"https:\/\/fightingfilms.shop\/it\/produit\/cintura-nera-di-jjb\/","title":{"rendered":"Cintura nera di jjb"},"content":{"rendered":"<div class=\"flex flex-grow flex-col max-w-full\">\n<div class=\"min-h-[20px] text-message flex flex-col items-start whitespace-pre-wrap break-words [.text-message+&amp;]:mt-5 juice:w-full juice:items-end overflow-x-auto gap-2\" dir=\"auto\" data-message-author-role=\"assistant\" data-message-id=\"ea18aec2-e1cc-4540-8304-4b4b7a356d84\">\n<div class=\"flex w-full flex-col gap-1 juice:empty:hidden juice:first:pt-[3px]\">\n<div class=\"markdown prose w-full break-words dark:prose-invert dark\">\n<p>La cintura nera jjb incarna un alto livello di abilit\u00e0 tecnica, un profondo impegno nell&#8217;arte e una responsabilit\u00e0 nei confronti della comunit\u00e0 e della tradizione del Jiu-jitsu brasiliano.<\/p>\n<\/div>\n<\/div>\n<\/div>\n<\/div>\n<p>Completa il tuo abbigliamento jjb con la cintura nera jjb Fighting Films.<\/p>\n<p>Il <a href=\"https:\/\/www.fightingfilms.shop\/categorie\/jiu-jitsu\/ceintures-de-jjb\/\"><strong>cinture jjb<\/strong><\/a> Insieme al kimono, sono gli elementi fondamentali dell&#8217;abbigliamento da jiu jitsuka.<\/p>\n<p>La cintura nera di Brazilian Jiu-Jitsu (JJB) \u00e8 un simbolo di maestria e di eccezionale dedizione a questa arte marziale. Indica che l&#8217;operatore ha acquisito una vasta gamma di tecniche, strategie e principi fondamentali del JJB.<\/p>\n<p>La cintura nera jjb simboleggia una conoscenza approfondita non solo delle tecniche, ma anche della loro applicazione pratica e strategica in situazioni di combattimento.<\/p>\n<p>La cintura nera \u00e8 solo una tappa del percorso del jjb, impara a conoscere meglio te stesso, le tecniche e i valori e allenati per raggiungere i gradi superiori!<\/p>\n<h2>Il design della cintura nera di jjb Fighting Films<\/h2>\n<p>Il design della cintura di Jiu-Jitsu brasiliano \u00e8 stato creato su misura per mantenere un legame tra il Giappone e il Brasile, la terra del Jiu-Jitsu. Sulla cintura nera jjb troverai una toppa rossa a un&#8217;estremit\u00e0 sulla quale potrai far ricamare i tuoi diversi gradi. Per ricamare la tua cintura, visita la nostra <a href=\"https:\/\/www.fightingfilms.shop\/la-meilleure-boutique-darts-martiaux-a-paris\/\">boutique di arti marziali a Parigi<\/a>.<\/p>\n<p>Sull&#8217;altro lato della cintura troverai una toppa personalizzata con i colori del marchio. Una bandiera brasiliana sormontata dalla scritta &#8220;Brazilian Jiu-jitsu&#8221; in giapponese. Questa bandiera brasiliana ridisegnata presenta il logo di <a href=\"https:\/\/fightingfilms.com\/\" target=\"_blank\" rel=\"nofollow noopener\">Fighting Films<\/a>, la data di creazione del marchio e le parole &#8220;Brazilian jiu-jitsu&#8221;.<\/p>\n<p>Questo design elegante e unico vi far\u00e0 risaltare sul tatami.<\/p>\n<h2>Personalizza la tua cintura nera jjb.<\/h2>\n<p>Su Fighting Films puoi personalizzare completamente la tua cintura nera di jiu-jitsu brasiliano. Scegliete un nome, un carattere e un colore per personalizzare la vostra cintura con il nome che desiderate.<\/p>\n<p>Non c&#8217;\u00e8 bisogno di aspettare l&#8217;arrivo della cintura: il ricamo verr\u00e0 effettuato in loco nel nostro negozio.<\/p>\n<h2>Dettagli del prodotto<\/h2>\n<p>Scegli la taglia di cintura nera di jiu-jitsu brasiliano pi\u00f9 adatta a te, dalla A0 alla A5.<\/p>\n<p>A0=240cm<\/p>\n<p>A1=260cm<\/p>\n<p>A2=280cm<\/p>\n<p>A3=300cm<\/p>\n<p>A4=320cm<\/p>\n<p>A5=340cm<\/p>\n<p>Realizzata al 100% in cotone, la nostra cintura offre una durata eccezionale e garantisce un comfort e una leggerezza ottimali durante gli allenamenti e le gare.<\/p>\n","protected":false},"excerpt":{"rendered":"<p>La cintura nera jjb, la cintura definitiva di Fighting Films!<\/p>\n<p>Diventa un maestro di jiu-jitsu brasiliano con Fighting Films! Condividi le tue conoscenze con i jiujitsuki del tuo dojo! Rigida e molto leggera, questa cintura \u00e8 ideale per l&#8217;allenamento e le competizioni.<\/p>\n","protected":false},"featured_media":16355,"comment_status":"","ping_status":"closed","template":"","meta":[],"product_brand":[],"product_cat":[913],"product_tag":[],"giftcard-category":[],"class_list":{"0":"post-23922","1":"product","2":"type-product","3":"status-publish","4":"has-post-thumbnail","6":"product_cat-cinture-jjb","7":"product_shipping_class-accessori","9":"first","10":"instock","11":"taxable","12":"shipping-taxable","13":"purchasable","14":"product-type-variable"},"exclude_global_add_ons":[],"addons":[],"_links":{"self":[{"href":"https:\/\/fightingfilms.shop\/it\/wp-json\/wp\/v2\/product\/23922","targetHints":{"allow":["GET"]}}],"collection":[{"href":"https:\/\/fightingfilms.shop\/it\/wp-json\/wp\/v2\/product"}],"about":[{"href":"https:\/\/fightingfilms.shop\/it\/wp-json\/wp\/v2\/types\/product"}],"replies":[{"embeddable":true,"href":"https:\/\/fightingfilms.shop\/it\/wp-json\/wp\/v2\/comments?post=23922"}],"wp:featuredmedia":[{"embeddable":true,"href":"https:\/\/fightingfilms.shop\/it\/wp-json\/wp\/v2\/media\/16355"}],"wp:attachment":[{"href":"https:\/\/fightingfilms.shop\/it\/wp-json\/wp\/v2\/media?parent=23922"}],"wp:term":[{"taxonomy":"product_brand","embeddable":true,"href":"https:\/\/fightingfilms.shop\/it\/wp-json\/wp\/v2\/product_brand?post=23922"},{"taxonomy":"product_cat","embeddable":true,"href":"https:\/\/fightingfilms.shop\/it\/wp-json\/wp\/v2\/product_cat?post=23922"},{"taxonomy":"product_tag","embeddable":true,"href":"https:\/\/fightingfilms.shop\/it\/wp-json\/wp\/v2\/product_tag?post=23922"},{"taxonomy":"giftcard-category","embeddable":true,"href":"https:\/\/fightingfilms.shop\/it\/wp-json\/wp\/v2\/giftcard-category?post=23922"}],"curies":[{"name":"wp","href":"https:\/\/api.w.org\/{rel}","templated":true}]}}