{"id":24061,"date":"2024-06-19T11:05:05","date_gmt":"2024-06-19T09:05:05","guid":{"rendered":"https:\/\/www.fightingfilms.shop\/produit\/tuta-a-kimono\/"},"modified":"2024-06-19T11:05:05","modified_gmt":"2024-06-19T09:05:05","slug":"tuta-a-kimono","status":"publish","type":"product","link":"https:\/\/fightingfilms.shop\/it\/produit\/tuta-a-kimono\/","title":{"rendered":"Tuta a kimono"},"content":{"rendered":"<p>Il nostro abito kimono Respect by <a href=\"https:\/\/www.keiko-gi.com\/\" rel=\"nofollow noopener\" target=\"_blank\">Keiko-Gi<\/a> prende il nome da uno dei sette valori fondamentali del judo. Con questa collezione vogliamo unire il <strong>judo<\/strong>, un&#8217;arte marziale secolare, e la <strong>moda<\/strong>, creando veri e propri capi di abbigliamento realizzati in tessuto kimono.<\/p>\n<p>La semplicit\u00e0 e l&#8217;eleganza dell&#8217;abito si ispirano alla <strong>moda giapponese<\/strong> contemporanea. La moda giapponese \u00e8 in piena espansione, con stilisti rinomati che mettono in mostra la cultura e le tradizioni della terra del Sol Levante.<\/p>\n<p>La tuta kimono Respect \u00e8 una tuta da donna in cotone al 100%, realizzata come i kimono da judo. La tecnica di tessitura utilizzata \u00e8 <a href=\"https:\/\/www.keiko-gi.com\/blogs\/infos\/nos-vetements-keiko-gi-en-tissu-de-sashiko\" rel=\"nofollow noopener\" target=\"_blank\"><em>sashiko<\/em><\/a>una tecnica tipicamente asiatica che rende il tessuto estremamente resistente, ma allo stesso tempo comodo e leggero.<\/p>\n<p>Un&#8217;elegante zip dorata corre dal petto al fondo della pancia. La tuta kimono ha anche due piccole tasche sul petto e in vita.<\/p>\n<p>Il taglio \u00e8 aderente in vita e svasato sulle gambe. Inoltre, l&#8217;apertura laterale della tuta \u00e8 abbastanza ampia da aggiungere uno stile street e lifestyle per una serata fuori con gli amici o una cena pi\u00f9 chic.<\/p>\n<p>La tuta \u00e8 dotata di una cintura simile a quelle tradizionali del judo, che richiama la relazione tra i due mondi e aggiunge un effetto estetico unico.<\/p>\n<h2><strong>Caratteristiche della tuta in tela kimono: <\/strong><\/h2>\n<ul>\n<li>Materiale: 100% cotone<\/li>\n<li>Disponibile in nero<\/li>\n<li>Taglia da S a L<\/li>\n<li>Comodo e resistente<\/li>\n<li>Cura: 30\u00b0.<\/li>\n<li>Il rispetto \u00e8 uno dei 7 valori fondamentali del Judo.<\/li>\n<\/ul>\n","protected":false},"excerpt":{"rendered":"<p>Tuta a kimono di Keiko-GI. Realizzato con lo stesso tessuto dei tradizionali <a href=\"https:\/\/www.fightingfilms.shop\/categorie\/kimonos\/kimonos-de-judo\/\">kimono da judo<\/a>, il design \u00e8 unico con vita aderente e gambe svasate.<\/p>\n<p>Questa tuta nera \u00e8 molto resistente e comoda, proprio come un judogi.<\/p>\n<p>La cintura, nello stile di una <a href=\"https:\/\/www.fightingfilms.shop\/categorie\/ceintures-de-judo\/\">cintura da judo<\/a>, gli conferisce un moderno look streetwear.<\/p>\n","protected":false},"featured_media":24031,"comment_status":"","ping_status":"closed","template":"","meta":[],"product_brand":[],"product_cat":[998,489],"product_tag":[],"giftcard-category":[],"class_list":{"0":"post-24061","1":"product","2":"type-product","3":"status-publish","4":"has-post-thumbnail","6":"product_cat-tela-del-kimono","7":"product_cat-tessuti-per-il-judo","8":"product_shipping_class-kimono-black-label-superstar-it","10":"first","11":"instock","12":"taxable","13":"shipping-taxable","14":"purchasable","15":"product-type-variable"},"exclude_global_add_ons":[],"addons":[],"_links":{"self":[{"href":"https:\/\/fightingfilms.shop\/it\/wp-json\/wp\/v2\/product\/24061","targetHints":{"allow":["GET"]}}],"collection":[{"href":"https:\/\/fightingfilms.shop\/it\/wp-json\/wp\/v2\/product"}],"about":[{"href":"https:\/\/fightingfilms.shop\/it\/wp-json\/wp\/v2\/types\/product"}],"replies":[{"embeddable":true,"href":"https:\/\/fightingfilms.shop\/it\/wp-json\/wp\/v2\/comments?post=24061"}],"wp:featuredmedia":[{"embeddable":true,"href":"https:\/\/fightingfilms.shop\/it\/wp-json\/wp\/v2\/media\/24031"}],"wp:attachment":[{"href":"https:\/\/fightingfilms.shop\/it\/wp-json\/wp\/v2\/media?parent=24061"}],"wp:term":[{"taxonomy":"product_brand","embeddable":true,"href":"https:\/\/fightingfilms.shop\/it\/wp-json\/wp\/v2\/product_brand?post=24061"},{"taxonomy":"product_cat","embeddable":true,"href":"https:\/\/fightingfilms.shop\/it\/wp-json\/wp\/v2\/product_cat?post=24061"},{"taxonomy":"product_tag","embeddable":true,"href":"https:\/\/fightingfilms.shop\/it\/wp-json\/wp\/v2\/product_tag?post=24061"},{"taxonomy":"giftcard-category","embeddable":true,"href":"https:\/\/fightingfilms.shop\/it\/wp-json\/wp\/v2\/giftcard-category?post=24061"}],"curies":[{"name":"wp","href":"https:\/\/api.w.org\/{rel}","templated":true}]}}