{"id":24185,"date":"2024-06-21T11:23:53","date_gmt":"2024-06-21T09:23:53","guid":{"rendered":"https:\/\/www.fightingfilms.shop\/produit\/giacca-kimono-da-donna\/"},"modified":"2024-06-21T11:23:53","modified_gmt":"2024-06-21T09:23:53","slug":"giacca-kimono-da-donna","status":"publish","type":"product","link":"https:\/\/fightingfilms.shop\/it\/produit\/giacca-kimono-da-donna\/","title":{"rendered":"Giacca kimono da donna"},"content":{"rendered":"<p>La nostra giacca kimono da donna &#8220;Amiti\u00e9&#8221; di Keiko-Gi prende il nome da uno dei sette valori fondamentali del judo. L&#8217;amicizia \u00e8 uno dei valori fondamentali della secolare arte marziale del judo, un valore che \u00e8 essenziale sia sul tatami che fuori.<\/p>\n<p>Con la nostra collezione Keiko-Gi, vogliamo unire la moda in stile giapponese e la stoffa del kimono per creare una collezione di abbigliamento unica.<\/p>\n<p>La giacca kimono da donna \u00e8 in cotone al 100%, tessuta con l&#8217;antica tecnica giapponese del <a href=\"https:\/\/www.keiko-gi.com\/blogs\/infos\/nos-vetements-keiko-gi-en-tissu-de-sashiko\" rel=\"nofollow noopener\" target=\"_blank\">sashiko<\/a>. Una tecnica simile a quella utilizzata nei kimono da judo, che rende la nostra giacca ultra resistente ma allo stesso tempo morbida e confortevole.<\/p>\n<p>La nostra giacca da donna in tela kimono \u00e8 dotata di un&#8217;elegante zip dorata e di due tasche su ogni lato, che la rendono una giacca molto pratica. Il design si ispira al fondo del kimono, con un motivo a rombi simile a quello del fondo dei kimono da judo.<\/p>\n<p>Il taglio svasato e l&#8217;ampio giromanica rendono questa giacca un must-have per rilassarsi all&#8217;aperto quest&#8217;estate!<\/p>\n<p>Il suo blu intenso e profondo, ispirato al blu dei kimono da competizione, catturer\u00e0 gli sguardi di tutti per strada, quindi non passare inosservato!<\/p>\n<h2>Caratteristiche della giacca di tela kimono da donna:<\/h2>\n<ul>\n<li>Materiale: 100% cotone<\/li>\n<li>Cura: 30\u00b0 massimo<\/li>\n<li>Disponibile in blu<\/li>\n<li>Disponibile in M e L<\/li>\n<li>Comodo e resistente<\/li>\n<li>L&#8217;amicizia \u00e8 uno dei 7 valori fondamentali del Judo. Questa giacca sar\u00e0 la tua alleata e amica in ogni occasione.<\/li>\n<\/ul>\n","protected":false},"excerpt":{"rendered":"<p>Giacca da donna in tessuto <a href=\"https:\/\/www.fightingfilms.shop\/categorie\/kimonos\/kimonos-de-judo\/\">kimono da judo<\/a> di Keiko-Gi. Il suo design unico e il tessuto simile a quello di un kimono rendono questa giacca un must-have per l&#8217;estate.<\/p>\n<p>Il suo splendido colore blu brilla alla luce del sole, quindi nessuno passer\u00e0 inosservato con questa giacca.<\/p>\n<p>La giacca \u00e8 dotata di una cintura nello stesso stile delle tradizionali <a href=\"https:\/\/www.fightingfilms.shop\/categorie\/ceintures-de-judo\/\">cinture da judo<\/a>, che aggiunge un nuovo tocco giapponese all&#8217;abbigliamento.<\/p>\n<p>&nbsp;<\/p>\n","protected":false},"featured_media":24160,"comment_status":"","ping_status":"closed","template":"","meta":[],"product_brand":[],"product_cat":[998,489],"product_tag":[],"giftcard-category":[],"class_list":{"0":"post-24185","1":"product","2":"type-product","3":"status-publish","4":"has-post-thumbnail","6":"product_cat-tela-del-kimono","7":"product_cat-tessuti-per-il-judo","8":"product_shipping_class-kimono-black-label-superstar-it","10":"first","11":"instock","12":"taxable","13":"shipping-taxable","14":"purchasable","15":"product-type-variable"},"exclude_global_add_ons":[],"addons":[],"_links":{"self":[{"href":"https:\/\/fightingfilms.shop\/it\/wp-json\/wp\/v2\/product\/24185","targetHints":{"allow":["GET"]}}],"collection":[{"href":"https:\/\/fightingfilms.shop\/it\/wp-json\/wp\/v2\/product"}],"about":[{"href":"https:\/\/fightingfilms.shop\/it\/wp-json\/wp\/v2\/types\/product"}],"replies":[{"embeddable":true,"href":"https:\/\/fightingfilms.shop\/it\/wp-json\/wp\/v2\/comments?post=24185"}],"wp:featuredmedia":[{"embeddable":true,"href":"https:\/\/fightingfilms.shop\/it\/wp-json\/wp\/v2\/media\/24160"}],"wp:attachment":[{"href":"https:\/\/fightingfilms.shop\/it\/wp-json\/wp\/v2\/media?parent=24185"}],"wp:term":[{"taxonomy":"product_brand","embeddable":true,"href":"https:\/\/fightingfilms.shop\/it\/wp-json\/wp\/v2\/product_brand?post=24185"},{"taxonomy":"product_cat","embeddable":true,"href":"https:\/\/fightingfilms.shop\/it\/wp-json\/wp\/v2\/product_cat?post=24185"},{"taxonomy":"product_tag","embeddable":true,"href":"https:\/\/fightingfilms.shop\/it\/wp-json\/wp\/v2\/product_tag?post=24185"},{"taxonomy":"giftcard-category","embeddable":true,"href":"https:\/\/fightingfilms.shop\/it\/wp-json\/wp\/v2\/giftcard-category?post=24185"}],"curies":[{"name":"wp","href":"https:\/\/api.w.org\/{rel}","templated":true}]}}