{"id":24411,"date":"2024-07-23T16:20:46","date_gmt":"2024-07-23T14:20:46","guid":{"rendered":"https:\/\/www.fightingfilms.shop\/?post_type=product&#038;p=24411"},"modified":"2025-03-22T11:13:01","modified_gmt":"2025-03-22T10:13:01","slug":"infradito-da-judo","status":"publish","type":"product","link":"https:\/\/fightingfilms.shop\/it\/produit\/infradito-da-judo\/","title":{"rendered":"Infradito da judo"},"content":{"rendered":"<p>Le infradito da judo Fighting Films sono il massimo del comfort e della praticit\u00e0 per i judoka e gli appassionati di arti marziali. Progettati per soddisfare le esigenze specifiche degli sportivi, sono ideali prima e dopo le sessioni di allenamento, le gare o anche per l&#8217;uso quotidiano. Realizzate con materiali di alta qualit\u00e0, queste infradito hanno una suola in gomma antiscivolo per una presa perfetta su superfici bagnate e scivolose, come spogliatoi o docce. La tomaia sintetica \u00e8 durevole, resistente all&#8217;acqua e facile da pulire, garantendo una lunga durata e una manutenzione minima. Il plantare ergonomico, con supporto ottimale dell&#8217;arco plantare, ti d\u00e0 una sensazione di benessere a ogni passo, anche dopo intense sessioni di judo. Inoltre, il cinturino flessibile assicura una vestibilit\u00e0 sicura e confortevole. Il design elegante e moderno delle infradito Fighting Films, disponibili in nero con il logo distintivo del marchio in rosso, \u00e8 perfetto per bambini, donne e uomini. Grazie al loro design aperto \u00e8 facile indossarle e toglierle rapidamente, il che ne aumenta la praticit\u00e0. Caratterizzato dall&#8217;intramontabile logo del marchio, le porte di un torii con la scritta EST.1988, l&#8217;anno di creazione del marchio. Inoltre, troverai la scritta FIGHTING FILMS in rosso sul lato delle infradito da judo. Disponibili in un&#8217;ampia gamma di taglie, dalla 34 alla 48, le infradito da judo Fighting Films sono progettate per adattarsi a tutti i piedi. La loro versatilit\u00e0 li rende indispensabili non solo per i judoka, ma anche per i praticanti di altre arti marziali e gli sportivi in generale. Sono perfetti anche per l&#8217;uso quotidiano in ambienti che richiedono una protezione igienica dei piedi, come piscine e spa. Quando scegli le infradito da judo Fighting Films, scegli una soluzione di comfort e prestazioni progettata per soddisfare le esigenze degli atleti di tutti i livelli. Approfitta di un prodotto che unisce stile, durata e benessere, disponibile ora presso i nostri punti vendita e sul nostro sito ufficiale.<\/p>\n<h2><strong>CARATTERISTICHE DEI FLIP-FLOP JUDO<\/strong><\/h2>\n<ul>\n<li>Disponibile nelle taglie dalla 34 alla 48<\/li>\n<li>Nero con logo Fighting Films rosso<\/li>\n<li>Suola antiscivolo<\/li>\n<\/ul>\n<div id=\"kurato_extension_modal\"><\/div>\n","protected":false},"excerpt":{"rendered":"<p>Scopri le infradito da judo Fighting Films, appositamente studiate per i judoka e gli appassionati di arti marziali. Prima o dopo l&#8217;allenamento, queste infradito offrono un comfort e una praticit\u00e0 senza pari. Sono ideali per spostarsi dallo spogliatoio al tappeto tatami.<\/p>\n<div id=\"kurato_extension_modal\"><\/div>\n","protected":false},"featured_media":24510,"comment_status":"closed","ping_status":"closed","template":"","meta":[],"product_brand":[],"product_cat":[498],"product_tag":[],"giftcard-category":[],"class_list":{"0":"post-24411","1":"product","2":"type-product","3":"status-publish","4":"has-post-thumbnail","6":"product_cat-accessori-per-il-judo","7":"product_shipping_class-accessori","9":"first","10":"instock","11":"taxable","12":"shipping-taxable","13":"purchasable","14":"product-type-variable"},"exclude_global_add_ons":[],"addons":[],"_links":{"self":[{"href":"https:\/\/fightingfilms.shop\/it\/wp-json\/wp\/v2\/product\/24411","targetHints":{"allow":["GET"]}}],"collection":[{"href":"https:\/\/fightingfilms.shop\/it\/wp-json\/wp\/v2\/product"}],"about":[{"href":"https:\/\/fightingfilms.shop\/it\/wp-json\/wp\/v2\/types\/product"}],"replies":[{"embeddable":true,"href":"https:\/\/fightingfilms.shop\/it\/wp-json\/wp\/v2\/comments?post=24411"}],"wp:featuredmedia":[{"embeddable":true,"href":"https:\/\/fightingfilms.shop\/it\/wp-json\/wp\/v2\/media\/24510"}],"wp:attachment":[{"href":"https:\/\/fightingfilms.shop\/it\/wp-json\/wp\/v2\/media?parent=24411"}],"wp:term":[{"taxonomy":"product_brand","embeddable":true,"href":"https:\/\/fightingfilms.shop\/it\/wp-json\/wp\/v2\/product_brand?post=24411"},{"taxonomy":"product_cat","embeddable":true,"href":"https:\/\/fightingfilms.shop\/it\/wp-json\/wp\/v2\/product_cat?post=24411"},{"taxonomy":"product_tag","embeddable":true,"href":"https:\/\/fightingfilms.shop\/it\/wp-json\/wp\/v2\/product_tag?post=24411"},{"taxonomy":"giftcard-category","embeddable":true,"href":"https:\/\/fightingfilms.shop\/it\/wp-json\/wp\/v2\/giftcard-category?post=24411"}],"curies":[{"name":"wp","href":"https:\/\/api.w.org\/{rel}","templated":true}]}}