{"id":24930,"date":"2024-09-05T16:08:26","date_gmt":"2024-09-05T14:08:26","guid":{"rendered":"https:\/\/www.fightingfilms.shop\/?post_type=product&#038;p=24930"},"modified":"2026-01-25T12:52:04","modified_gmt":"2026-01-25T11:52:04","slug":"judo-kimono-edizione-kanagawa","status":"publish","type":"product","link":"https:\/\/fightingfilms.shop\/it\/produit\/judo-kimono-edizione-kanagawa\/","title":{"rendered":"Judo kimono edizione Kanagawa"},"content":{"rendered":"<p>Immergiti nel mondo unico del judo con il nostro <a href=\"https:\/\/www.fightingfilms.shop\/categorie\/kimonos\/kimonos-de-judo\/\">kimono da judo<\/a> Kangawa in edizione speciale, pensato per gli appassionati di quest&#8217;arte marziale e per gli amanti della cultura giapponese. Questo kimono si distingue per l&#8217;eccezionale fodera interna, illustrata con l&#8217;iconico motivo della <strong>Grande Onda di Kanagawa<\/strong>, una famosa opera del maestro Hokusai.<\/p>\n<p>Questo disegno, <strong>simbolo di potenza e bellezza<\/strong>, arricchisce l&#8217;esperienza del judoka aggiungendo un raffinato tocco artistico.<\/p>\n<p>Realizzato in cotone di alta qualit\u00e0, questo kimono \u00e8 la perfetta combinazione di <strong>comfort<\/strong> e <strong>resistenza<\/strong>. La sua trama a grana di riso \u00e8 altamente resistente alla presa, mentre il suo peso ridotto <strong>(650 g<\/strong> ) consente un&#8217;ottima libert\u00e0 di movimento. Che tu sia sul tatami per allenarti o per gareggiare, questo kimono ti accompagner\u00e0 con stile ed efficienza. Il taglio ergonomico \u00e8 stato progettato per adattarsi a tutte le forme del corpo, garantendo un sostegno impeccabile senza limitare i tuoi movimenti. Il kimono da judo Kanagawa edition <strong>non \u00e8 approvato secondo gli <a href=\"https:\/\/www.ijf.org\/\" rel=\"nofollow noopener\" target=\"_blank\">standard IJF<\/a><\/strong> per le competizioni internazionali e nazionali a causa della sua fodera. Disponibile nelle taglie da 145 cm a 195 cm, \u00e8 adatto sia ai principianti che ai judoka esperti. <strong>Lavabile in lavatrice<\/strong>, \u00e8 facile da curare, senza compromettere la qualit\u00e0 del tessuto o l&#8217;integrit\u00e0 del design interno. Scegliendo il kimono da judo Kanagawa non indossi solo un equipaggiamento di qualit\u00e0, ma anche un <strong>simbolo del patrimonio culturale giapponese<\/strong>, che unisce la disciplina del judo all&#8217;estetica senza tempo dell&#8217;arte tradizionale.<\/p>\n<h2>I punti salienti del kimono da judo dell&#8217;edizione di Kanagawa:<\/h2>\n<ul>\n<li>Un rivestimento interno dal design unico, la leggendaria Grande Onda di Kanagawa<\/li>\n<li>Taglio standard<\/li>\n<li>650Gr, il giusto equilibrio tra leggerezza e resistenza<\/li>\n<li>Disponibile nelle taglie da 145 cm a 190 cm<\/li>\n<li>Adatto a uomini e donne<\/li>\n<\/ul>\n<div id=\"kurato_extension_modal\"><\/div>\n<div id=\"kurato_extension_modal\"><\/div>\n<div id=\"kurato_extension_modal\"><\/div>\n<div id=\"kurato_extension_modal\"><\/div>\n<div id=\"kurato_extension_modal\"><\/div>\n<div id=\"kurato_extension_modal\"><\/div>\n<div id=\"kurato_extension_modal\"><\/div>\n<div id=\"kurato_extension_modal\"><\/div>\n<div id=\"kurato_extension_modal\"><\/div>\n<div id=\"kurato_extension_modal\"><\/div>\n<div id=\"kurato_extension_modal\"><\/div>\n<div id=\"kurato_extension_modal\"><\/div>\n<div id=\"kurato_extension_modal\"><\/div>\n<div id=\"kurato_extension_modal\"><\/div>\n<div id=\"kurato_extension_modal\"><\/div>\n","protected":false},"excerpt":{"rendered":"<div id=\"kurato_extension_modal\">Scopri il nostro nuovissimo <strong>kimono da judo Kanagawa<\/strong> in edizione limitata, che unisce prestazioni ed estetica. All&#8217;interno, una fodera unica ed elegante presenta il famoso motivo della <strong>Grande Onda di Kanagawa<\/strong>, rendendo omaggio all&#8217;arte giapponese e rispettando la tradizione del judo.<\/div>\n<div id=\"kurato_extension_modal\"><\/div>\n<div id=\"kurato_extension_modal\"><\/div>\n<div id=\"kurato_extension_modal\"><\/div>\n<div id=\"kurato_extension_modal\"><\/div>\n<div id=\"kurato_extension_modal\"><\/div>\n<div id=\"kurato_extension_modal\"><\/div>\n<div id=\"kurato_extension_modal\"><\/div>\n<div id=\"kurato_extension_modal\"><\/div>\n<div id=\"kurato_extension_modal\"><\/div>\n<div id=\"kurato_extension_modal\"><\/div>\n<div id=\"kurato_extension_modal\"><\/div>\n<div id=\"kurato_extension_modal\"><\/div>\n<div id=\"kurato_extension_modal\"><\/div>\n<div id=\"kurato_extension_modal\"><\/div>\n","protected":false},"featured_media":24873,"comment_status":"closed","ping_status":"closed","template":"","meta":[],"product_brand":[],"product_cat":[440],"product_tag":[],"giftcard-category":[],"class_list":{"0":"post-24930","1":"product","2":"type-product","3":"status-publish","4":"has-post-thumbnail","6":"product_cat-kimono-da-judo","7":"product_shipping_class-kimono-black-label-superstar-it","9":"first","10":"instock","11":"taxable","12":"shipping-taxable","13":"purchasable","14":"product-type-variable"},"exclude_global_add_ons":[],"addons":[],"_links":{"self":[{"href":"https:\/\/fightingfilms.shop\/it\/wp-json\/wp\/v2\/product\/24930","targetHints":{"allow":["GET"]}}],"collection":[{"href":"https:\/\/fightingfilms.shop\/it\/wp-json\/wp\/v2\/product"}],"about":[{"href":"https:\/\/fightingfilms.shop\/it\/wp-json\/wp\/v2\/types\/product"}],"replies":[{"embeddable":true,"href":"https:\/\/fightingfilms.shop\/it\/wp-json\/wp\/v2\/comments?post=24930"}],"wp:featuredmedia":[{"embeddable":true,"href":"https:\/\/fightingfilms.shop\/it\/wp-json\/wp\/v2\/media\/24873"}],"wp:attachment":[{"href":"https:\/\/fightingfilms.shop\/it\/wp-json\/wp\/v2\/media?parent=24930"}],"wp:term":[{"taxonomy":"product_brand","embeddable":true,"href":"https:\/\/fightingfilms.shop\/it\/wp-json\/wp\/v2\/product_brand?post=24930"},{"taxonomy":"product_cat","embeddable":true,"href":"https:\/\/fightingfilms.shop\/it\/wp-json\/wp\/v2\/product_cat?post=24930"},{"taxonomy":"product_tag","embeddable":true,"href":"https:\/\/fightingfilms.shop\/it\/wp-json\/wp\/v2\/product_tag?post=24930"},{"taxonomy":"giftcard-category","embeddable":true,"href":"https:\/\/fightingfilms.shop\/it\/wp-json\/wp\/v2\/giftcard-category?post=24930"}],"curies":[{"name":"wp","href":"https:\/\/api.w.org\/{rel}","templated":true}]}}