{"id":25742,"date":"2024-10-14T15:07:41","date_gmt":"2024-10-14T13:07:41","guid":{"rendered":"https:\/\/www.fightingfilms.shop\/produit\/edizione-oro-del-kimono-da-judo\/"},"modified":"2026-04-02T09:40:17","modified_gmt":"2026-04-02T07:40:17","slug":"edizione-oro-del-kimono-da-judo","status":"publish","type":"product","link":"https:\/\/fightingfilms.shop\/it\/produit\/edizione-oro-del-kimono-da-judo\/","title":{"rendered":"Edizione oro del kimono da judo"},"content":{"rendered":"<h2>Edizione oro del kimono da judo di Fighting Films<\/h2>\n<p>Scopri il nostro nuovo modello per brillare ancora di pi\u00f9 sul tatami! Indossa con orgoglio questo judogi dal design unico quando ti alleni o gareggi. Il suo peso di 750 gr ti permetter\u00e0 di partecipare a tutte le competizioni, indipendentemente dal tuo livello. Questo modello \u00e8 unisex e adatto a tutti. Ha una vestibilit\u00e0 standard, aderente al corpo e piacevole da indossare per lunghi minuti. Il leggendario Torii giapponese, il logo del marchio Fighting Films, ha ricevuto nuovi colori! Scegli questo esclusivo modello Gold edition, disponibile in edizione molto limitata! Il kimono da judo Gold edition \u00e8 caratterizzato da ricami di alta qualit\u00e0 e da un colore dorato che briller\u00e0 in tutto il dojo!  <\/p>\n<h2>Caratteristiche:<\/h2>\n<ul>\n<li>750 grammi<\/li>\n<li> Taglio standard<\/li>\n<li>Approvato dalla IJF per le competizioni internazionali<\/li>\n<li>Disponibile solo in bianco<\/li>\n<\/ul>\n<h2>Come scegliere la taglia del judogi su Fighting Films?<\/h2>\n<p>Consigliamo a tutti i nostri clienti di scegliere un kimono <strong>5 cm al di sotto della loro altezza<\/strong>. Se siete alti <strong>1m70<\/strong>, optate invece per il modello da <strong>165 cm.<\/strong> Grazie alla nostra esperienza e alla conoscenza dei nostri kimono, possiamo assicurarvi che questo \u00e8 il metodo giusto da utilizzare.<\/p>\n<h4 id=\"kurato_extension_modal\">Non sapete ancora quale taglia di judogi scegliere? Scoprite la nostra <strong><a href=\"http:\/\/tinyurl.com\/2mjwnc4w\" rel=\"nofollow noopener\" target=\"_blank\">Guida alle taglie .<\/a><\/strong><\/h4>\n<h2>Consigli per la manutenzione:<\/h2>\n<p>I nostri judogi sono molto resistenti e questa gamma si restringe molto poco, circa il 3%. Ti consigliamo quindi di lavare il judogi in lavatrice a 30 o 40\u00b0C. Non consigliamo l&#8217;asciugatura a tamburo perch\u00e9 potrebbe danneggiare il tessuto. Il tuo judogi \u00e8 ingiallito dall&#8217;et\u00e0 e dal sudore? Scopri <a href=\"https:\/\/www.fightingfilms.shop\/blanchir-son-kimono-de-judo\/\">come sbiancare il tuo judogi<\/a>.  <\/p>\n<div id=\"kurato_extension_modal\"><\/div>\n<div id=\"kurato_extension_modal\"><\/div>\n<div id=\"kurato_extension_modal\"><\/div>\n","protected":false},"excerpt":{"rendered":"<p>Scopri il nostro nuovo judogi in edizione limitata! Il kimono da judo <strong>in edizione oro<\/strong>! Approvato secondo gli standard <strong>IJF<\/strong> per le competizioni a tutti i livelli, questo judogi <strong>750Gr<\/strong> \u00e8 disponibile solo nel <strong>taglio standard<\/strong>. \u00c8 simile in tutto e per tutto al nostro bestseller, il Superstar 750Gr IJF, tranne che per il logo, che \u00e8 in oro sulle maniche e sui pantaloni! Non aspettare oltre! Diventa la star del tatami con questo <strong>modello unico<\/strong>! <\/p>\n<div id=\"kurato_extension_modal\"><\/div>\n<div id=\"kurato_extension_modal\"><\/div>\n","protected":false},"featured_media":25694,"comment_status":"","ping_status":"closed","template":"","meta":[],"product_brand":[],"product_cat":[440,994],"product_tag":[],"giftcard-category":[],"class_list":{"0":"post-25742","1":"product","2":"type-product","3":"status-publish","4":"has-post-thumbnail","6":"product_cat-kimono-da-judo","7":"product_cat-ijf-judogi-it","8":"product_shipping_class-kimono-black-label-superstar-it","10":"first","11":"instock","12":"taxable","13":"shipping-taxable","14":"purchasable","15":"product-type-variable"},"exclude_global_add_ons":[],"addons":[],"_links":{"self":[{"href":"https:\/\/fightingfilms.shop\/it\/wp-json\/wp\/v2\/product\/25742","targetHints":{"allow":["GET"]}}],"collection":[{"href":"https:\/\/fightingfilms.shop\/it\/wp-json\/wp\/v2\/product"}],"about":[{"href":"https:\/\/fightingfilms.shop\/it\/wp-json\/wp\/v2\/types\/product"}],"replies":[{"embeddable":true,"href":"https:\/\/fightingfilms.shop\/it\/wp-json\/wp\/v2\/comments?post=25742"}],"wp:featuredmedia":[{"embeddable":true,"href":"https:\/\/fightingfilms.shop\/it\/wp-json\/wp\/v2\/media\/25694"}],"wp:attachment":[{"href":"https:\/\/fightingfilms.shop\/it\/wp-json\/wp\/v2\/media?parent=25742"}],"wp:term":[{"taxonomy":"product_brand","embeddable":true,"href":"https:\/\/fightingfilms.shop\/it\/wp-json\/wp\/v2\/product_brand?post=25742"},{"taxonomy":"product_cat","embeddable":true,"href":"https:\/\/fightingfilms.shop\/it\/wp-json\/wp\/v2\/product_cat?post=25742"},{"taxonomy":"product_tag","embeddable":true,"href":"https:\/\/fightingfilms.shop\/it\/wp-json\/wp\/v2\/product_tag?post=25742"},{"taxonomy":"giftcard-category","embeddable":true,"href":"https:\/\/fightingfilms.shop\/it\/wp-json\/wp\/v2\/giftcard-category?post=25742"}],"curies":[{"name":"wp","href":"https:\/\/api.w.org\/{rel}","templated":true}]}}