{"id":26004,"date":"2024-10-29T12:50:57","date_gmt":"2024-10-29T11:50:57","guid":{"rendered":"https:\/\/www.fightingfilms.shop\/produit\/judo-rashguard\/"},"modified":"2024-10-29T12:50:57","modified_gmt":"2024-10-29T11:50:57","slug":"judo-rashguard","status":"publish","type":"product","link":"https:\/\/fightingfilms.shop\/it\/produit\/judo-rashguard\/","title":{"rendered":"Judo rashguard"},"content":{"rendered":"<p>Scopri la nostra rashguard da judo bianca, appositamente progettata per i judoka che cercano comfort, protezione e stile durante le sessioni di allenamento e le competizioni. Questo rashguard Fighting Films combina un design moderno con caratteristiche tecniche in grado di soddisfare le elevate esigenze della pratica del judo. <\/p>\n<h2>Design e comfort<\/h2>\n<p>In un elegante colore bianco con cuciture rosse a contrasto, questa rashguard da judo \u00e8 tanto bella quanto performante. Il logo Fighting Films, sottilmente impresso sul braccio e sul collo, aggiunge un tocco di stile e autenticit\u00e0, ricordando il patrimonio e l&#8217;esperienza del marchio nel mondo degli sport da combattimento. Il design semplice e lineare completa l&#8217;abbigliamento di qualsiasi judoka o jiu jitsuka, permettendo loro di allenarsi con sicurezza ed eleganza.  <\/p>\n<h2>Tessuto leggero ed elastico<\/h2>\n<p>Realizzata in un tessuto elasticizzato ultraleggero, questa rashguard garantisce un&#8217;ottima libert\u00e0 di movimento. Che tu sia nella fase di riscaldamento, nel bel mezzo di un allenamento o durante un combattimento intenso, il tessuto segue i tuoi movimenti senza limitarti. Inoltre, \u00e8 progettato per un&#8217;efficace gestione dell&#8217;umidit\u00e0, allontanando il sudore e mantenendoti asciutto anche durante le sessioni pi\u00f9 intense.  <\/p>\n<h3><\/h3>\n<h2>Supporto ottimale<\/h2>\n<p>Una delle caratteristiche principali di questa rashguard \u00e8 la <strong>fascia in vita<\/strong>. Questo dettaglio tecnico essenziale evita che il rashguard si alzi durante il movimento, garantendo un comfort costante. Non dovrai regolarlo durante l&#8217;allenamento, cos\u00ec potrai concentrarti sulla tecnica e sulle prestazioni.  <\/p>\n<h2>Una rashguard da judo pensata per uomini e donne<\/h2>\n<p>Questo modello \u00e8 disponibile per uomini e donne, per adattarsi a tutte le forme del corpo. Tuttavia, \u00e8 importante notare che questo rashguard <strong>veste piccolo<\/strong>. Ti consigliamo di controllare la guida alle taglie e di prendere in considerazione una taglia in pi\u00f9 per una vestibilit\u00e0 pi\u00f9 comoda, soprattutto se preferisci un taglio leggermente pi\u00f9 largo.  <\/p>\n<h2>Durata e protezione<\/h2>\n<p>Le cuciture rosse rinforzate garantiscono non solo un look elegante, ma anche una lunga durata. Questo rashguard offre una protezione efficace contro gli sfregamenti, riducendo il rischio di ustioni da attrito che possono verificarsi durante i combattimenti a terra e gli allenamenti intensivi. In breve, la Fighting Films Judo Rashguard \u00e8 una scelta eccellente per i praticanti che cercano una combinazione di stile, comfort e prestazioni. Adatto sia per l&#8217;allenamento che per la competizione, ti far\u00e0 stare comodo e rappresenter\u00e0 con orgoglio il marchio Fighting Films. Che tu sia un judoka amatoriale o esperto, questo rashguard diventer\u00e0 rapidamente un elemento essenziale del tuo equipaggiamento. <\/p>\n<div id=\"kurato_extension_modal\"><\/div>\n<div id=\"kurato_extension_modal\"><\/div>\n","protected":false},"excerpt":{"rendered":"<p>La rashguard da judo Fighting Films \u00e8 stata progettata per ottimizzare i tuoi allenamenti e le tue gare. Realizzato in un tessuto elasticizzato e traspirante, offre protezione contro gli sfregamenti e consente una grande libert\u00e0 di movimento. Il design aderente e resistente garantisce un comfort duraturo e una vestibilit\u00e0 perfetta, ideale per tutti i judoka. (Taglia piccola)   <\/p>\n<div id=\"kurato_extension_modal\"><\/div>\n<div id=\"kurato_extension_modal\"><\/div>\n<div id=\"kurato_extension_modal\"><\/div>\n","protected":false},"featured_media":30605,"comment_status":"","ping_status":"closed","template":"","meta":[],"product_brand":[],"product_cat":[489,498],"product_tag":[],"giftcard-category":[],"class_list":{"0":"post-26004","1":"product","2":"type-product","3":"status-publish","4":"has-post-thumbnail","6":"product_cat-tessuti-per-il-judo","7":"product_cat-accessori-per-il-judo","8":"product_shipping_class-accessori","10":"first","11":"instock","12":"taxable","13":"shipping-taxable","14":"purchasable","15":"product-type-variable"},"exclude_global_add_ons":[],"addons":[],"_links":{"self":[{"href":"https:\/\/fightingfilms.shop\/it\/wp-json\/wp\/v2\/product\/26004","targetHints":{"allow":["GET"]}}],"collection":[{"href":"https:\/\/fightingfilms.shop\/it\/wp-json\/wp\/v2\/product"}],"about":[{"href":"https:\/\/fightingfilms.shop\/it\/wp-json\/wp\/v2\/types\/product"}],"replies":[{"embeddable":true,"href":"https:\/\/fightingfilms.shop\/it\/wp-json\/wp\/v2\/comments?post=26004"}],"wp:featuredmedia":[{"embeddable":true,"href":"https:\/\/fightingfilms.shop\/it\/wp-json\/wp\/v2\/media\/30605"}],"wp:attachment":[{"href":"https:\/\/fightingfilms.shop\/it\/wp-json\/wp\/v2\/media?parent=26004"}],"wp:term":[{"taxonomy":"product_brand","embeddable":true,"href":"https:\/\/fightingfilms.shop\/it\/wp-json\/wp\/v2\/product_brand?post=26004"},{"taxonomy":"product_cat","embeddable":true,"href":"https:\/\/fightingfilms.shop\/it\/wp-json\/wp\/v2\/product_cat?post=26004"},{"taxonomy":"product_tag","embeddable":true,"href":"https:\/\/fightingfilms.shop\/it\/wp-json\/wp\/v2\/product_tag?post=26004"},{"taxonomy":"giftcard-category","embeddable":true,"href":"https:\/\/fightingfilms.shop\/it\/wp-json\/wp\/v2\/giftcard-category?post=26004"}],"curies":[{"name":"wp","href":"https:\/\/api.w.org\/{rel}","templated":true}]}}