{"id":26253,"date":"2024-11-14T12:04:57","date_gmt":"2024-11-14T11:04:57","guid":{"rendered":"https:\/\/www.fightingfilms.shop\/produit\/tazza-tecnica-da-judo\/"},"modified":"2024-11-14T14:38:18","modified_gmt":"2024-11-14T13:38:18","slug":"tazza-tecnica-da-judo","status":"publish","type":"product","link":"https:\/\/fightingfilms.shop\/it\/produit\/tazza-tecnica-da-judo\/","title":{"rendered":"Tazza tecnica da judo"},"content":{"rendered":"<p>Fai un regalo unico e stimolante al tuo giovane judoka con la <strong>Judo Technique Mug<\/strong>! Questa esclusiva tazza, disegnata da <strong>Fighting Films<\/strong>, \u00e8 molto pi\u00f9 di un semplice contenitore per bevande calde. \u00c8 un vero e proprio oggetto di apprendimento e di motivazione per i bambini appassionati di judo. <\/p>\n<h2><strong>Caratteristiche principali della tazza tecnica da judo:<\/strong><\/h2>\n<ul>\n<li><strong>Accattivanti illustrazioni manga:<\/strong> La tazza presenta illustrazioni in stile manga appositamente studiate per i giovani judoka. Ogni illustrazione rappresenta tecniche di judo popolari, con personaggi dinamici ed espressivi che catturano l&#8217;immaginazione dei bambini! <\/li>\n<li><strong>Tecniche di judo dettagliate:<\/strong> Scopri le tecniche di judo preferite dai bambini, con i nomi e le mosse illustrate, in modo che possano ripassare le prese mentre si godono il drink.<\/li>\n<li><strong>Un regalo perfetto per i piccoli judoka:<\/strong> ideale per un compleanno, per Natale, come premio dopo un allenamento o semplicemente per incoraggiare la passione per il judo nei ragazzi. Questa tazza \u00e8 stata progettata per essere al tempo stesso educativa e divertente. <\/li>\n<li><strong>Lotta alla qualit\u00e0 e alla sicurezza dei film:<\/strong> realizzata con cura con materiali resistenti e atossici, questa tazza \u00e8 perfettamente sicura per i bambini. Inoltre \u00e8 lavabile in lavatrice, il che rende facile per i genitori prendersene cura. <\/li>\n<\/ul>\n<h2><strong>Perch\u00e9 acquistare la tazza tecnica per il judo?<\/strong><\/h2>\n<p>La <strong>Tazza della Tecnica del Judo<\/strong> \u00e8 molto pi\u00f9 di un semplice accessorio. Con le sue illustrazioni e i suoi dettagli stimolanti, incoraggia i bambini a esplorare e a immergersi ulteriormente nel mondo del judo. A ogni sorso, si ritroveranno a ripensare alle mosse che imparano in ogni sessione di allenamento. Questa tazza \u00e8 una fonte di motivazione quotidiana, un promemoria costante della loro passione per il judo e un&#8217;ottima introduzione ai valori delle arti marziali: rispetto, disciplina e perseveranza.   <\/p>\n<p><strong>Specifiche tecniche:<\/strong><\/p>\n<ul>\n<li><strong>Dimensioni:<\/strong> Diametro 8 cm, Altezza 9,5 cm<\/li>\n<li><strong>Peso:<\/strong> 350 g<\/li>\n<li><strong>Materiale:<\/strong> Ceramica resistente<\/li>\n<li><strong>Lavabile in lavastoviglie<\/strong>: S\u00ec<\/li>\n<li><strong>Compatibile con il microonde<\/strong>: S\u00ec<\/li>\n<li><strong>Marchio<\/strong>: Fighting Films<\/li>\n<\/ul>\n<p><strong>Perch\u00e9 scegliere Fighting Films?<\/strong><\/p>\n<p>Fighting Films \u00e8 un marchio di riferimento nel mondo del judo, rinomato per i suoi prodotti di alta qualit\u00e0 progettati appositamente per gli appassionati di judo. Scegliendo questa tazza tecnica per il judo, ti affidi a un marchio che d\u00e0 valore all&#8217;eccellenza, alla qualit\u00e0 e al rispetto delle tradizioni del judo. <\/p>\n<p><strong>Design: Questa tazza tecnica per il judo \u00e8 stata creata in collaborazione con l&#8217;artista <a href=\"https:\/\/www.stephane-ganneau.com\/boutique\" rel=\"nofollow noopener\" target=\"_blank\">Gano<\/a>, il cui lavoro comprende la collezione<a href=\"https:\/\/www.fightingfilms.shop\/produit\/full-pack-albator\/\"> JJB Albator<\/a>.<\/strong><\/p>\n<p><strong>In poche parole:<\/strong><\/p>\n<p>La tazza <strong>Fighting Films<\/strong> Kids Judo Technique \u00e8 l&#8217;accessorio perfetto per i giovani judoka, che unisce apprendimento e divertimento! Offri loro un momento di motivazione e ispirazione a ogni bevuta e trasformali in futuri campioni! <\/p>\n<div id=\"kurato_extension_modal\"><\/div>\n<div id=\"kurato_extension_modal\"><\/div>\n<div id=\"kurato_extension_modal\"><\/div>\n<div id=\"kurato_extension_modal\"><\/div>\n<div id=\"kurato_extension_modal\"><\/div>\n<div id=\"kurato_extension_modal\"><\/div>\n<div id=\"kurato_extension_modal\"><\/div>\n<div id=\"kurato_extension_modal\"><\/div>\n<div id=\"kurato_extension_modal\"><\/div>\n<div id=\"kurato_extension_modal\"><\/div>\n","protected":false},"excerpt":{"rendered":"<p>Una tazza unica per i judoka! Illustrata con tecniche di judo in stile manga, questa tazza divertente ed educativa aiuter\u00e0 tutti i judoka a trovare le loro mosse preferite. Ideale per ispirarli ogni giorno! Hai una tecnica di judo preferita? O-soto? Ippon? Tomoe? Scopri la tazza con le tecniche di judo che le rappresenta!  <\/p>\n<div id=\"kurato_extension_modal\"><\/div>\n<div id=\"kurato_extension_modal\"><\/div>\n<div id=\"kurato_extension_modal\"><\/div>\n<div id=\"kurato_extension_modal\"><\/div>\n<div id=\"kurato_extension_modal\"><\/div>\n<div id=\"kurato_extension_modal\"><\/div>\n<div id=\"kurato_extension_modal\"><\/div>\n<div id=\"kurato_extension_modal\"><\/div>\n<div id=\"kurato_extension_modal\"><\/div>\n<div id=\"kurato_extension_modal\"><\/div>\n","protected":false},"featured_media":26265,"comment_status":"closed","ping_status":"closed","template":"","meta":[],"product_brand":[],"product_cat":[498,1142],"product_tag":[],"giftcard-category":[],"class_list":{"0":"post-26253","1":"product","2":"type-product","3":"status-publish","4":"has-post-thumbnail","6":"product_cat-accessori-per-il-judo","7":"product_cat-goodies-judo","8":"product_shipping_class-cintura-o-coppa","10":"first","11":"instock","12":"sale","13":"taxable","14":"shipping-taxable","15":"purchasable","16":"product-type-variable"},"exclude_global_add_ons":[],"addons":[],"_links":{"self":[{"href":"https:\/\/fightingfilms.shop\/it\/wp-json\/wp\/v2\/product\/26253","targetHints":{"allow":["GET"]}}],"collection":[{"href":"https:\/\/fightingfilms.shop\/it\/wp-json\/wp\/v2\/product"}],"about":[{"href":"https:\/\/fightingfilms.shop\/it\/wp-json\/wp\/v2\/types\/product"}],"replies":[{"embeddable":true,"href":"https:\/\/fightingfilms.shop\/it\/wp-json\/wp\/v2\/comments?post=26253"}],"wp:featuredmedia":[{"embeddable":true,"href":"https:\/\/fightingfilms.shop\/it\/wp-json\/wp\/v2\/media\/26265"}],"wp:attachment":[{"href":"https:\/\/fightingfilms.shop\/it\/wp-json\/wp\/v2\/media?parent=26253"}],"wp:term":[{"taxonomy":"product_brand","embeddable":true,"href":"https:\/\/fightingfilms.shop\/it\/wp-json\/wp\/v2\/product_brand?post=26253"},{"taxonomy":"product_cat","embeddable":true,"href":"https:\/\/fightingfilms.shop\/it\/wp-json\/wp\/v2\/product_cat?post=26253"},{"taxonomy":"product_tag","embeddable":true,"href":"https:\/\/fightingfilms.shop\/it\/wp-json\/wp\/v2\/product_tag?post=26253"},{"taxonomy":"giftcard-category","embeddable":true,"href":"https:\/\/fightingfilms.shop\/it\/wp-json\/wp\/v2\/giftcard-category?post=26253"}],"curies":[{"name":"wp","href":"https:\/\/api.w.org\/{rel}","templated":true}]}}