{"id":26469,"date":"2024-11-26T16:12:56","date_gmt":"2024-11-26T15:12:56","guid":{"rendered":"https:\/\/www.fightingfilms.shop\/produit\/carta-regalo-fighting-films\/"},"modified":"2024-11-29T12:41:12","modified_gmt":"2024-11-29T11:41:12","slug":"carta-regalo-fighting-films","status":"publish","type":"product","link":"https:\/\/fightingfilms.shop\/it\/produit\/carta-regalo-fighting-films\/","title":{"rendered":"Carta regalo Fighting Films"},"content":{"rendered":"<p>Stai cercando un&#8217;idea regalo per un fan del judo? La carta regalo Fighting Films \u00e8 la scelta perfetta! Semplice e pratica, permette al destinatario di scegliere i prodotti che fa per lui tra una vasta gamma di attrezzature per il judo, abbigliamento, accessori e molto altro. Fai un regalo fantastico a chi ama il judo e il marchio Fighting Films! Disponibile in diversi tagli, questa carta regalo si adatta a tutte le tasche e ti d\u00e0 la libert\u00e0 di scegliere tra articoli di qualit\u00e0 pensati sia per i principianti che per i judoka pi\u00f9 esperti. Perfetta per festeggiare un compleanno, il Natale, un risultato sportivo o semplicemente per fare un regalo, garantisce un&#8217;esperienza di acquisto unica sul nostro negozio online. Con la carta regalo Fighting Films fai pi\u00f9 di un regalo: <strong>regala la passione del judo!<\/strong><\/p>\n<p><em><strong>Montanti disponibili: <\/strong><\/em><\/p>\n<p>Personalizzato, a partire da \u20ac15 Importi predefiniti, \u20ac30 \/ \u20ac50 \/ \u20ac100 \/ \u20ac200 \/ \u20ac500<\/p>\n<p>&nbsp;<\/p>\n<div id=\"kurato_extension_modal\"><\/div>\n<div id=\"kurato_extension_modal\"><\/div>\n<div id=\"kurato_extension_modal\"><\/div>\n<div id=\"kurato_extension_modal\"><\/div>\n<div id=\"kurato_extension_modal\"><\/div>\n<div id=\"kurato_extension_modal\"><\/div>\n<div id=\"kurato_extension_modal\"><\/div>\n<div id=\"kurato_extension_modal\"><\/div>\n<div id=\"kurato_extension_modal\"><\/div>\n","protected":false},"excerpt":{"rendered":"<p>Fai il regalo perfetto agli appassionati di judo con la nostra carta regalo Fighting Films! Valida in tutto il negozio, ti permette di scegliere tra attrezzature, abbigliamento e accessori di qualit\u00e0. Regala a qualcuno che conosci! Scegli un importo predefinito o quello che vuoi tu.<\/p>\n<div id=\"kurato_extension_modal\"><\/div>\n<div id=\"kurato_extension_modal\"><\/div>\n<div id=\"kurato_extension_modal\"><\/div>\n<div id=\"kurato_extension_modal\"><\/div>\n<div id=\"kurato_extension_modal\"><\/div>\n<div id=\"kurato_extension_modal\"><\/div>\n<div id=\"kurato_extension_modal\"><\/div>\n<div id=\"kurato_extension_modal\"><\/div>\n<div id=\"kurato_extension_modal\"><\/div>\n","protected":false},"featured_media":26529,"comment_status":"closed","ping_status":"closed","template":"","meta":[],"product_brand":[],"product_cat":[498,456,472,440,511,489],"product_tag":[],"giftcard-category":[1009],"class_list":{"0":"post-26469","1":"product","2":"type-product","3":"status-publish","4":"has-post-thumbnail","6":"product_cat-accessori-per-il-judo","7":"product_cat-cinture-di-judo","8":"product_cat-jiu-jitsu-it","9":"product_cat-kimono-da-judo","10":"product_cat-per-i-club","11":"product_cat-tessuti-per-il-judo","12":"giftcard-category-all","14":"first","15":"instock","16":"virtual","17":"taxable","18":"product-type-gift-card"},"exclude_global_add_ons":[],"addons":[],"_links":{"self":[{"href":"https:\/\/fightingfilms.shop\/it\/wp-json\/wp\/v2\/product\/26469","targetHints":{"allow":["GET"]}}],"collection":[{"href":"https:\/\/fightingfilms.shop\/it\/wp-json\/wp\/v2\/product"}],"about":[{"href":"https:\/\/fightingfilms.shop\/it\/wp-json\/wp\/v2\/types\/product"}],"replies":[{"embeddable":true,"href":"https:\/\/fightingfilms.shop\/it\/wp-json\/wp\/v2\/comments?post=26469"}],"wp:featuredmedia":[{"embeddable":true,"href":"https:\/\/fightingfilms.shop\/it\/wp-json\/wp\/v2\/media\/26529"}],"wp:attachment":[{"href":"https:\/\/fightingfilms.shop\/it\/wp-json\/wp\/v2\/media?parent=26469"}],"wp:term":[{"taxonomy":"product_brand","embeddable":true,"href":"https:\/\/fightingfilms.shop\/it\/wp-json\/wp\/v2\/product_brand?post=26469"},{"taxonomy":"product_cat","embeddable":true,"href":"https:\/\/fightingfilms.shop\/it\/wp-json\/wp\/v2\/product_cat?post=26469"},{"taxonomy":"product_tag","embeddable":true,"href":"https:\/\/fightingfilms.shop\/it\/wp-json\/wp\/v2\/product_tag?post=26469"},{"taxonomy":"giftcard-category","embeddable":true,"href":"https:\/\/fightingfilms.shop\/it\/wp-json\/wp\/v2\/giftcard-category?post=26469"}],"curies":[{"name":"wp","href":"https:\/\/api.w.org\/{rel}","templated":true}]}}