{"id":28140,"date":"2025-04-07T15:58:37","date_gmt":"2025-04-07T13:58:37","guid":{"rendered":"https:\/\/fightingfilms.shop\/produit\/portachiavi-judo\/"},"modified":"2025-04-07T16:08:41","modified_gmt":"2025-04-07T14:08:41","slug":"portachiavi-judo","status":"publish","type":"product","link":"https:\/\/fightingfilms.shop\/it\/produit\/portachiavi-judo\/","title":{"rendered":"Portachiavi JUDO"},"content":{"rendered":"<h4 class=\"\" data-start=\"323\" data-end=\"371\">\ud83d\udd25 <strong data-start=\"331\" data-end=\"369\">Un design autentico e stimolante<\/strong><\/h4>\n<p class=\"\" data-start=\"372\" data-end=\"613\">Questo portachiavi JUDO presenta i caratteri giapponesi della parola <strong data-start=\"430\" data-end=\"445\">&#8220;Judo&#8221; (\u67d4\u9053)<\/strong> in rilievo bianco su sfondo nero. Questo sorprendente contrasto riflette l&#8217;eleganza e la profondit\u00e0 dei valori del judo: flessibilit\u00e0, perseveranza e autocontrollo. <\/p>\n<h4 class=\"\" data-start=\"615\" data-end=\"661\">\ud83c\udfc6 <strong data-start=\"623\" data-end=\"659\">Un simbolo potente per i judoka<\/strong><\/h4>\n<p class=\"\" data-start=\"662\" data-end=\"874\">Il judo \u00e8 molto pi\u00f9 di uno sport, \u00e8 una filosofia di vita basata sul sostegno reciproco e sul progresso personale. Indossare questo portachiavi JUDO \u00e8 un modo per affermare il tuo legame con questa arte marziale e la sua eredit\u00e0 giapponese. <\/p>\n<h4 class=\"\" data-start=\"876\" data-end=\"923\">\ud83d\udd11 <strong data-start=\"884\" data-end=\"921\">Un accessorio pratico e resistente<\/strong><\/h4>\n<ul data-start=\"924\" data-end=\"1268\">\n<li class=\"\" data-start=\"924\" data-end=\"1017\">\n<p class=\"\" data-start=\"926\" data-end=\"1017\"><strong data-start=\"926\" data-end=\"948\">Materiale resistente<\/strong>: Realizzato in morbido PVC, \u00e8 progettato per durare a lungo.<\/p>\n<\/li>\n<li class=\"\" data-start=\"1018\" data-end=\"1179\">\n<p class=\"\" data-start=\"1020\" data-end=\"1179\"><strong data-start=\"1020\" data-end=\"1039\">Attacco robusto<\/strong>: l&#8217;anello in metallo e il moschettone nero lo rendono facile da attaccare alle chiavi, alla borsa sportiva o alla cintura.<\/p>\n<\/li>\n<li class=\"\" data-start=\"1180\" data-end=\"1268\">\n<p class=\"\" data-start=\"1182\" data-end=\"1268\"><strong data-start=\"1182\" data-end=\"1200\">Dimensioni compatte<\/strong>: leggero e poco ingombrante, ti accompagna ovunque senza intralciarti.<\/p>\n<\/li>\n<\/ul>\n<h4 class=\"\" data-start=\"1270\" data-end=\"1316\">\ud83c\udf81 <strong data-start=\"1278\" data-end=\"1314\">Il regalo ideale per ogni judoka<\/strong><\/h4>\n<p class=\"\" data-start=\"1317\" data-end=\"1537\">Che si tratti di un principiante, di un concorrente esperto o di un fan della cultura giapponese, questo portachiavi \u00e8 il regalo perfetto per ogni occasione: compleanni, gare o lauree.<\/p>\n<h4 class=\"\" data-start=\"1539\" data-end=\"1592\">\ud83d\udca1 <strong data-start=\"1547\" data-end=\"1590\">Perch\u00e9 scegliere questo portachiavi JUDO?<\/strong><\/h4>\n<p class=\"\" data-start=\"1593\" data-end=\"1757\">\u2705 Design minimalista ed elegante<br data-start=\"1624\" data-end=\"1627\">\u2705 Materiali di alta qualit\u00e0 e resistenti<br data-start=\"1670\" data-end=\"1673\">\u2705 Pratico e facile da applicare<br data-start=\"1704\" data-end=\"1707\">\u2705 Ideale per mostrare la tua passione ogni giorno<\/p>\n<p class=\"\" data-start=\"1759\" data-end=\"1945\">Porta con te un pezzo di <strong data-start=\"1782\" data-end=\"1790\">Judo<\/strong> ovunque tu vada e mostra il tuo orgoglio di judoka! Disponibile ora su <strong data-start=\"1880\" data-end=\"1940\"><a class=\"\" href=\"https:\/\/www.fightingfilms.shop\" target=\"_new\" rel=\"noopener\" data-start=\"1882\" data-end=\"1938\">www.fightingfilms.shop<\/a><\/strong> \ud83e\udd4b\ud83d\udd25 <\/p>\n","protected":false},"excerpt":{"rendered":"<p>Afferma la tua passione per il judo con questo portachiavi JUDO dal design elegante e potente! Caratterizzato dal kanji giapponese &#8220;\u67d4\u9053&#8221; (Judo), questo portachiavi \u00e8 un vero e proprio simbolo di impegno e rispetto per questa emblematica arte marziale. Accompagnati sempre con il simbolo della tua arte marziale preferita!  <\/p>\n<div id=\"kurato_extension_modal\"><\/div>\n","protected":false},"featured_media":28136,"comment_status":"closed","ping_status":"closed","template":"","meta":[],"product_brand":[],"product_cat":[498],"product_tag":[],"giftcard-category":[],"class_list":{"0":"post-28140","1":"product","2":"type-product","3":"status-publish","4":"has-post-thumbnail","6":"product_cat-accessori-per-il-judo","7":"product_shipping_class-piccolo-accessorio","9":"first","10":"instock","11":"taxable","12":"shipping-taxable","13":"purchasable","14":"product-type-simple"},"exclude_global_add_ons":[],"addons":[],"_links":{"self":[{"href":"https:\/\/fightingfilms.shop\/it\/wp-json\/wp\/v2\/product\/28140","targetHints":{"allow":["GET"]}}],"collection":[{"href":"https:\/\/fightingfilms.shop\/it\/wp-json\/wp\/v2\/product"}],"about":[{"href":"https:\/\/fightingfilms.shop\/it\/wp-json\/wp\/v2\/types\/product"}],"replies":[{"embeddable":true,"href":"https:\/\/fightingfilms.shop\/it\/wp-json\/wp\/v2\/comments?post=28140"}],"wp:featuredmedia":[{"embeddable":true,"href":"https:\/\/fightingfilms.shop\/it\/wp-json\/wp\/v2\/media\/28136"}],"wp:attachment":[{"href":"https:\/\/fightingfilms.shop\/it\/wp-json\/wp\/v2\/media?parent=28140"}],"wp:term":[{"taxonomy":"product_brand","embeddable":true,"href":"https:\/\/fightingfilms.shop\/it\/wp-json\/wp\/v2\/product_brand?post=28140"},{"taxonomy":"product_cat","embeddable":true,"href":"https:\/\/fightingfilms.shop\/it\/wp-json\/wp\/v2\/product_cat?post=28140"},{"taxonomy":"product_tag","embeddable":true,"href":"https:\/\/fightingfilms.shop\/it\/wp-json\/wp\/v2\/product_tag?post=28140"},{"taxonomy":"giftcard-category","embeddable":true,"href":"https:\/\/fightingfilms.shop\/it\/wp-json\/wp\/v2\/giftcard-category?post=28140"}],"curies":[{"name":"wp","href":"https:\/\/api.w.org\/{rel}","templated":true}]}}