{"id":28404,"date":"2025-04-25T16:11:11","date_gmt":"2025-04-25T14:11:11","guid":{"rendered":"https:\/\/fightingfilms.shop\/produit\/zaino-yujin\/"},"modified":"2025-10-16T13:34:24","modified_gmt":"2025-10-16T11:34:24","slug":"zaino-yujin","status":"publish","type":"product","link":"https:\/\/fightingfilms.shop\/it\/produit\/zaino-yujin\/","title":{"rendered":"Zaino Y\u016bjin"},"content":{"rendered":"<p class=\"\" data-start=\"1431\" data-end=\"1830\">In giapponese, <strong data-start=\"1444\" data-end=\"1458\">Y\u016bjin (\u53cb\u4eba)<\/strong> significa &#8220;amico&#8221;. Una parola forte e ricca di significato per chi pratica il judo, un&#8217;arte in cui cameratismo, lealt\u00e0 e rispetto guidano ogni movimento. Lo zaino Y\u016bjin incarna questa filosofia: \u00e8 <strong data-start=\"1677\" data-end=\"1709\">l&#8217;amico discreto ma essenziale<\/strong>, sempre presente per trasportare il tuo <a href=\"https:\/\/fightingfilms.shop\/categorie\/kimonos\/kimonos-de-judo\/?srsltid=AfmBOoogOFgoimtuAfeOmuGSfMB0xz3umvaY62no6qURaJ7UxaecR7P2\">kimono da judo<\/a>, mantenere l&#8217;attrezzatura asciutta e accompagnarti in ogni momento.<\/p>\n<p class=\"\" data-start=\"1832\" data-end=\"2147\">Ispirato al minimalismo giapponese, il suo design sobrio ed elegante \u00e8 adatto sia all&#8217;allenamento quotidiano che alle competizioni all&#8217;estero. Il <strong data-start=\"1978\" data-end=\"2018\">logo bianco di Fighting Films<\/strong>, applicato a filo di tessuto, richiama l&#8217;umilt\u00e0 delle arti marziali: non c&#8217;\u00e8 bisogno di brillare per essere forti.<\/p>\n<p class=\"\" data-start=\"2149\" data-end=\"2291\">Progettata da judoka, per judoka, la Y\u016bjin \u00e8 <strong data-start=\"2203\" data-end=\"2265\">la borsa ideale per chi vive il judo a pieno,<\/strong> dallo spogliatoio al podio.<\/p>\n<p data-start=\"2149\" data-end=\"2291\">Ha un&#8217;ampia tasca interna dove puoi tenere tutto il tuo equipaggiamento per l&#8217;allenamento o la competizione! Pu\u00f2 contenere un judogi, una cintura e altri accessori.<\/p>\n<p data-start=\"2149\" data-end=\"2291\">Inoltre, ha una tasca pi\u00f9 piccola e discreta sul davanti. Inoltre, ha due tasche interne, una in rete sulla parte dello zaino Y\u016bjin che si apre e una pi\u00f9 discreta all&#8217;interno per riporre il computer se vai in viaggio o se lo usi per lavorare e per le lezioni!<\/p>\n<p data-start=\"2149\" data-end=\"2291\">Lo zaino Y\u016bjin ha anche la funzionalit\u00e0 di riporre entrambi gli spallacci in una piccola tasca sul retro, appositamente predisposta, per occupare meno spazio durante i viaggi.<\/p>\n<h2 data-start=\"2149\" data-end=\"2291\">Specifiche tecniche dello zaino Y\u016bjin:<\/h2>\n<p class=\"\" data-start=\"719\" data-end=\"1022\">Capacit\u00e0: 45 litri \ud83c\udf92<br data-start=\"771\" data-end=\"774\" \/><br data-start=\"838\" data-end=\"841\" \/>Colore: nero opaco con contorno del logo Fighting Films bianco<br data-start=\"888\" data-end=\"891\" \/><br data-start=\"960\" data-end=\"963\" \/>Dimensioni: 50 x 30 x 20 cm<br data-start=\"1005\" data-end=\"1008\" \/><br \/>\nMateriale: poliestere rinforzato, resistente all&#8217;umidit\u00e0 e all&#8217;usura<\/p>\n<p>Chiusure: robuste cerniere a due vie<\/p>\n<p>Tasche:<\/p>\n<ul data-start=\"1023\" data-end=\"1360\">\n<li class=\"\" data-start=\"1023\" data-end=\"1087\">\n<p class=\"\" data-start=\"1025\" data-end=\"1087\">1 grande scomparto principale (judogi, cintura, asciugamano)<\/p>\n<\/li>\n<li class=\"\" data-start=\"1088\" data-end=\"1164\">\n<p class=\"\" data-start=\"1090\" data-end=\"1164\">1 tasca frontale con zip per gli accessori (telefono, chiavi, portafoglio)<\/p>\n<\/li>\n<li class=\"\" data-start=\"1088\" data-end=\"1164\">\n<p class=\"\" data-start=\"1090\" data-end=\"1164\">1 piccola tasca interna in rete<br data-start=\"1224\" data-end=\"1227\" \/><br \/>\nComfort:<\/p>\n<\/li>\n<li class=\"\" data-start=\"1243\" data-end=\"1279\">\n<p class=\"\" data-start=\"1245\" data-end=\"1279\">Spallacci imbottiti e regolabili<\/p>\n<\/li>\n<li class=\"\" data-start=\"1280\" data-end=\"1307\">\n<p class=\"\" data-start=\"1282\" data-end=\"1307\">Schienale traspirante e imbottito<\/p>\n<\/li>\n<li class=\"\" data-start=\"1308\" data-end=\"1360\">\n<p class=\"\" data-start=\"1310\" data-end=\"1360\">Maniglie superiori e laterali per un trasporto rapido<\/p>\n<\/li>\n<\/ul>\n<div id=\"kurato_extension_modal\"><\/div>\n<div id=\"kurato_extension_modal\"><\/div>\n<div id=\"kurato_extension_modal\"><\/div>\n<div id=\"kurato_extension_modal\"><\/div>\n<div id=\"kurato_extension_modal\"><\/div>\n","protected":false},"excerpt":{"rendered":"<p>Scopri lo <strong data-start=\"347\" data-end=\"366\">zaino Y\u016bjin<\/strong>, l&#8217;amico del judoka. Con la sua capacit\u00e0 di 45L, trasporta il tuo judogi e tutta la tua attrezzatura senza compromettere lo stile. Elegante, pratico e ispirato allo spirito del judo, porta con orgoglio il logo discreto ma simbolico di Fighting Films. Lo <strong>zaino Y\u016bjin <\/strong>ti accompagner\u00e0 nel dojo.<\/p>\n<div id=\"kurato_extension_modal\"><\/div>\n<div id=\"kurato_extension_modal\"><\/div>\n<div id=\"kurato_extension_modal\"><\/div>\n","protected":false},"featured_media":28374,"comment_status":"closed","ping_status":"closed","template":"","meta":[],"product_brand":[],"product_cat":[498,1053],"product_tag":[],"giftcard-category":[],"class_list":{"0":"post-28404","1":"product","2":"type-product","3":"status-publish","4":"has-post-thumbnail","6":"product_cat-accessori-per-il-judo","7":"product_cat-borsa-da-judo","8":"product_shipping_class-accessori","10":"first","11":"instock","12":"taxable","13":"shipping-taxable","14":"purchasable","15":"product-type-variable"},"exclude_global_add_ons":[],"addons":[],"_links":{"self":[{"href":"https:\/\/fightingfilms.shop\/it\/wp-json\/wp\/v2\/product\/28404","targetHints":{"allow":["GET"]}}],"collection":[{"href":"https:\/\/fightingfilms.shop\/it\/wp-json\/wp\/v2\/product"}],"about":[{"href":"https:\/\/fightingfilms.shop\/it\/wp-json\/wp\/v2\/types\/product"}],"replies":[{"embeddable":true,"href":"https:\/\/fightingfilms.shop\/it\/wp-json\/wp\/v2\/comments?post=28404"}],"wp:featuredmedia":[{"embeddable":true,"href":"https:\/\/fightingfilms.shop\/it\/wp-json\/wp\/v2\/media\/28374"}],"wp:attachment":[{"href":"https:\/\/fightingfilms.shop\/it\/wp-json\/wp\/v2\/media?parent=28404"}],"wp:term":[{"taxonomy":"product_brand","embeddable":true,"href":"https:\/\/fightingfilms.shop\/it\/wp-json\/wp\/v2\/product_brand?post=28404"},{"taxonomy":"product_cat","embeddable":true,"href":"https:\/\/fightingfilms.shop\/it\/wp-json\/wp\/v2\/product_cat?post=28404"},{"taxonomy":"product_tag","embeddable":true,"href":"https:\/\/fightingfilms.shop\/it\/wp-json\/wp\/v2\/product_tag?post=28404"},{"taxonomy":"giftcard-category","embeddable":true,"href":"https:\/\/fightingfilms.shop\/it\/wp-json\/wp\/v2\/giftcard-category?post=28404"}],"curies":[{"name":"wp","href":"https:\/\/api.w.org\/{rel}","templated":true}]}}