{"id":29772,"date":"2025-09-10T16:05:16","date_gmt":"2025-09-10T14:05:16","guid":{"rendered":"https:\/\/fightingfilms.shop\/produit\/borsa-sportiva-con-ruote-yokozuna\/"},"modified":"2025-09-12T13:15:26","modified_gmt":"2025-09-12T11:15:26","slug":"borsa-sportiva-con-ruote-yokozuna","status":"publish","type":"product","link":"https:\/\/fightingfilms.shop\/it\/produit\/borsa-sportiva-con-ruote-yokozuna\/","title":{"rendered":"Borsa sportiva con ruote Yokozuna"},"content":{"rendered":"<p>La <strong data-start=\"699\" data-end=\"736\">borsa sportiva con ruote YOKOZUNA<\/strong> di Fighting Films \u00e8 molto pi\u00f9 di un semplice accessorio: \u00e8 il compagno di viaggio ideale per ogni judoka, dal dojo locale alle pi\u00f9 grandi competizioni internazionali.<\/p>\n<div id=\"kurato_extension_modal\">\n<p data-start=\"913\" data-end=\"1250\">Ispirato al grado pi\u00f9 prestigioso del sumo, lo <a href=\"https:\/\/fr.wikipedia.org\/wiki\/Yokozuna\" rel=\"nofollow noopener\" target=\"_blank\"><strong data-start=\"961\" data-end=\"973\">YOKOZUNA<\/strong><\/a> incarna la potenza, il rispetto e la maestria, valori fondamentali del judo. Fighting Films, un marchio rinomato in tutto il mondo per l&#8217;eccezionale qualit\u00e0 dei suoi judogi e delle sue attrezzature, ha progettato questa borsa sportiva con ruote YOKOZUNA con gli stessi rigorosi standard che applica ai suoi kimono di alta gamma. <\/p>\n<p data-start=\"1252\" data-end=\"1760\">Progettata per resistere a viaggi frequenti, questa borsa \u00e8 dotata di un <strong data-start=\"1328\" data-end=\"1360\">ampio scomparto principale<\/strong>, diviso in due, che pu\u00f2 contenere facilmente diversi judogi, la tua cintura, l&#8217;attrezzatura protettiva, gli asciugamani e un cambio di vestiti. Le <strong data-start=\"1473\" data-end=\"1501\">tasche laterali con cerniera<\/strong> consentono di tenere a portata di mano i tuoi oggetti essenziali: bottiglia d&#8217;acqua, bende, documenti o chiavi. <\/p>\n<p data-start=\"1762\" data-end=\"2209\">Per quanto riguarda la praticit\u00e0, lo YOKOZUNA \u00e8 dotato di <strong data-start=\"1804\" data-end=\"1841\">ruote robuste <\/strong>, di un <strong data-start=\"1849\" data-end=\"1885\">manico telescopico ergonomico<\/strong> e di una <strong data-start=\"1895\" data-end=\"1913\">base rinforzata<\/strong>, che assicurano comfort e stabilit\u00e0 durante gli spostamenti, in citt\u00e0, in aeroporto o nei corridoi di un dojo. La robustezza del suo tessuto, ispirato a quello dei judogi Fighting Films, lo rende straordinariamente resistente all&#8217;usura del tempo e ai ripetuti spostamenti. <\/p>\n<p data-start=\"2211\" data-end=\"2662\">Esteticamente, la borsa sportiva con ruote YOKOZUNA riflette l&#8217;anima del judo. Sobria ed elegante, presenta <strong data-start=\"2294\" data-end=\"2320\">finiture in stile giapponese<\/strong> e dettagli discreti come il famoso torii giapponese e il logo Fighting Films. Un design che unisce tradizione e modernit\u00e0, a immagine del judo stesso. Che tu sia un agonista o un viaggiatore, questa borsa sportiva con ruote YOKOZUNA ti accompagner\u00e0 ovunque! Portala all&#8217;avventura ai quattro angoli del mondo!    <\/p>\n<p data-start=\"2211\" data-end=\"2662\">Quando scegli la borsa Yokozuna, opti per una borsa <strong data-start=\"2715\" data-end=\"2747\">robusta, pratica e raffinata<\/strong>, progettata da un marchio che da decenni supporta i judoka di tutti i livelli, dai principianti ai campioni olimpici. Che tu stia allenando, gareggiando o facendo un corso, questa borsa sportiva con ruote incarna lo spirito Fighting Films: standard elevati, qualit\u00e0 e passione per il judo. <\/p>\n<hr data-start=\"3024\" data-end=\"3027\">\n<h3 data-start=\"3029\" data-end=\"3075\">Guarda anche le altre borse sportive<\/h3>\n<p data-start=\"3076\" data-end=\"3447\">Se stai cercando una borsa pi\u00f9 compatta per le tue sessioni di allenamento quotidiane, Fighting Films offre anche una gamma di <strong data-start=\"3196\" data-end=\"3225\">borse sportive pi\u00f9 piccole<\/strong>, altrettanto pratiche e perfettamente adatte alle esigenze dei judoka. Ideali per trasportare il judogi, la cintura e alcuni oggetti personali, questi modelli combinano leggerezza, robustezza e un design ispirato al judo. <\/p>\n<p data-start=\"3449\" data-end=\"3593\">\ud83d\udc49 Esplora la nostra collezione completa di <a href=\"https:\/\/fightingfilms.shop\/it\/categoria\/accessori-per-il-judo\/borsa-da-judo\/\">borse da judo Fighting Films<\/a> e trova il modello che ti accompagner\u00e0 sia nel dojo che in gara.<\/p>\n<\/div>\n<div id=\"kurato_extension_modal\"><\/div>\n<div id=\"kurato_extension_modal\"><\/div>\n<div id=\"kurato_extension_modal\"><\/div>\n","protected":false},"excerpt":{"rendered":"<div id=\"kurato_extension_modal\">Scopri la borsa sportiva a rotelle <strong data-start=\"438\" data-end=\"450\">YOKOZUNA<\/strong> di Fighting Films: una borsa robusta, pratica ed elegante pensata appositamente per i judoka.<\/div>\n<div>Questa grande borsa con ruote <strong>da 120L <\/strong>\u00e8 ideale per trasportare diversi judogi, attrezzature e accessori durante le sessioni di allenamento e le gare in tutto il mondo.<\/div>\n<div><\/div>\n<div><\/div>\n<div id=\"kurato_extension_modal\"><\/div>\n<div id=\"kurato_extension_modal\"><\/div>\n<div id=\"kurato_extension_modal\"><\/div>\n","protected":false},"featured_media":29745,"comment_status":"closed","ping_status":"closed","template":"","meta":[],"product_brand":[],"product_cat":[498,1053],"product_tag":[],"giftcard-category":[],"class_list":{"0":"post-29772","1":"product","2":"type-product","3":"status-publish","4":"has-post-thumbnail","6":"product_cat-accessori-per-il-judo","7":"product_cat-borsa-da-judo","8":"product_shipping_class-accessori","10":"first","11":"instock","12":"taxable","13":"shipping-taxable","14":"purchasable","15":"product-type-simple"},"exclude_global_add_ons":[],"addons":[],"_links":{"self":[{"href":"https:\/\/fightingfilms.shop\/it\/wp-json\/wp\/v2\/product\/29772","targetHints":{"allow":["GET"]}}],"collection":[{"href":"https:\/\/fightingfilms.shop\/it\/wp-json\/wp\/v2\/product"}],"about":[{"href":"https:\/\/fightingfilms.shop\/it\/wp-json\/wp\/v2\/types\/product"}],"replies":[{"embeddable":true,"href":"https:\/\/fightingfilms.shop\/it\/wp-json\/wp\/v2\/comments?post=29772"}],"wp:featuredmedia":[{"embeddable":true,"href":"https:\/\/fightingfilms.shop\/it\/wp-json\/wp\/v2\/media\/29745"}],"wp:attachment":[{"href":"https:\/\/fightingfilms.shop\/it\/wp-json\/wp\/v2\/media?parent=29772"}],"wp:term":[{"taxonomy":"product_brand","embeddable":true,"href":"https:\/\/fightingfilms.shop\/it\/wp-json\/wp\/v2\/product_brand?post=29772"},{"taxonomy":"product_cat","embeddable":true,"href":"https:\/\/fightingfilms.shop\/it\/wp-json\/wp\/v2\/product_cat?post=29772"},{"taxonomy":"product_tag","embeddable":true,"href":"https:\/\/fightingfilms.shop\/it\/wp-json\/wp\/v2\/product_tag?post=29772"},{"taxonomy":"giftcard-category","embeddable":true,"href":"https:\/\/fightingfilms.shop\/it\/wp-json\/wp\/v2\/giftcard-category?post=29772"}],"curies":[{"name":"wp","href":"https:\/\/api.w.org\/{rel}","templated":true}]}}