{"id":29994,"date":"2025-09-15T14:40:14","date_gmt":"2025-09-15T12:40:14","guid":{"rendered":"https:\/\/fightingfilms.shop\/produit\/felpa-nera-da-judo\/"},"modified":"2025-09-15T14:40:14","modified_gmt":"2025-09-15T12:40:14","slug":"felpa-nera-da-judo","status":"publish","type":"product","link":"https:\/\/fightingfilms.shop\/it\/produit\/felpa-nera-da-judo\/","title":{"rendered":"Felpa nera da judo"},"content":{"rendered":"<p data-start=\"643\" data-end=\"920\">La <strong data-start=\"646\" data-end=\"692\">felpa da judo nera<\/strong> di <strong data-start=\"646\" data-end=\"692\">Fighting Films<\/strong> unisce comfort, sobriet\u00e0 e una forte identit\u00e0. Pensata per accompagnare judoka e appassionati di sport, \u00e8 ideale per il riscaldamento, le sessioni di allenamento, i viaggi o semplicemente per un look sportivo quotidiano. <\/p>\n<p data-start=\"922\" data-end=\"1209\">Realizzata in <strong data-start=\"939\" data-end=\"966\">cotone morbido e resistente<\/strong>, garantisce un comfort ottimale e resiste all&#8217;uso ripetuto e ai lavaggi frequenti. Il suo taglio sportivo assicura <strong data-start=\"1092\" data-end=\"1123\">una totale libert\u00e0 di movimento<\/strong>, essenziale sia per il riscaldamento che per la vita di tutti i giorni. <\/p>\n<p data-start=\"1211\" data-end=\"1285\">In termini di design, questa felpa riflette perfettamente lo spirito dei <strong data-start=\"1263\" data-end=\"1281\">Fighting Films<\/strong>:<\/p>\n<ul data-start=\"1286\" data-end=\"1526\">\n<li data-start=\"1286\" data-end=\"1366\">\n<p data-start=\"1288\" data-end=\"1366\">Sul davanti, un <strong data-start=\"1302\" data-end=\"1343\">logo FF rosso ricamato sul cuore<\/strong>, discreto ed elegante.<\/p>\n<\/li>\n<li data-start=\"1367\" data-end=\"1526\">\n<p data-start=\"1369\" data-end=\"1526\">Sul retro, una <strong data-start=\"1385\" data-end=\"1408\">grande firma &#8220;F&#8221;<\/strong>, disponibile in due versioni: rossa per uno stile pi\u00f9 deciso, o nera tono su tono per chi preferisce la discrezione.<\/p>\n<\/li>\n<\/ul>\n<p data-start=\"1528\" data-end=\"1676\">Sobria e raffinata, questa felpa incarna l&#8217;equilibrio tra tradizione marziale e modernit\u00e0, fedele al mondo del judo e ai valori di Fighting Films.<\/p>\n<h3 data-start=\"1678\" data-end=\"1706\"><strong data-start=\"1682\" data-end=\"1704\">Caratteristiche :<\/strong><\/h3>\n<ul data-start=\"1707\" data-end=\"1964\">\n<li data-start=\"1707\" data-end=\"1727\">\n<p data-start=\"1709\" data-end=\"1727\">\u2705 Colore: nero<\/p>\n<\/li>\n<li data-start=\"1728\" data-end=\"1763\">\n<p data-start=\"1730\" data-end=\"1763\">\u2705 Logo FF rosso ricamato sul lato del cuore<\/p>\n<\/li>\n<li data-start=\"1764\" data-end=\"1819\">\n<p data-start=\"1766\" data-end=\"1819\">\u2705 Grande &#8220;F&#8221; floccata sul retro (rossa o nera tono su tono)<\/p>\n<\/li>\n<li data-start=\"1820\" data-end=\"1866\">\n<p data-start=\"1822\" data-end=\"1866\">\u2705 Materiale: cotone morbido, spesso e resistente<\/p>\n<\/li>\n<li data-start=\"1867\" data-end=\"1902\">\n<p data-start=\"1869\" data-end=\"1902\">\u2705 Vestibilit\u00e0 sportiva e confortevole<\/p>\n<\/li>\n<li data-start=\"1903\" data-end=\"1964\">\n<p data-start=\"1905\" data-end=\"1964\">\u2705 Adatto per il riscaldamento, l&#8217;allenamento e l&#8217;uso quotidiano<\/p>\n<\/li>\n<\/ul>\n<h3 data-start=\"1966\" data-end=\"1987\"><strong data-start=\"1970\" data-end=\"1985\">Vantaggi :<\/strong><\/h3>\n<ul data-start=\"1988\" data-end=\"2254\">\n<li data-start=\"1988\" data-end=\"2047\">\n<p data-start=\"1990\" data-end=\"2047\">Comfort e calore, ideale prima o dopo l&#8217;allenamento<\/p>\n<\/li>\n<li data-start=\"2048\" data-end=\"2113\">\n<p data-start=\"2050\" data-end=\"2113\">Sobrio, stile marziale, facilmente trasportabile fuori dal dojo<\/p>\n<\/li>\n<li data-start=\"2114\" data-end=\"2165\">\n<p data-start=\"2116\" data-end=\"2165\">Pellicole da combattimento per resistenza e durata<\/p>\n<\/li>\n<li data-start=\"2166\" data-end=\"2254\">\n<p data-start=\"2168\" data-end=\"2254\">Possibilit\u00e0 di scegliere tra una versione <strong data-start=\"2192\" data-end=\"2209\">d&#8217;impatto visivo<\/strong> (rosso) e una versione <strong data-start=\"2221\" data-end=\"2233\">discreta<\/strong> (nero tono su tono)<\/p>\n<\/li>\n<\/ul>\n<h3 data-start=\"2261\" data-end=\"2283\">Scopri di pi\u00f9&#8230;<\/h3>\n<p data-start=\"2284\" data-end=\"2478\">Completa il tuo look con i <strong data-start=\"2313\" data-end=\"2351\">pantaloni da jogging Fighting Films<\/strong>, per un insieme coerente e pratico quando sei in gara, ti riscaldi e ti rilassi.<\/p>\n<div id=\"kurato_extension_modal\"><\/div>\n<div id=\"kurato_extension_modal\"><\/div>\n","protected":false},"excerpt":{"rendered":"<p>Scopri la felpa da judo <strong data-start=\"442\" data-end=\"460\">Fighting Films<\/strong> nera, con il logo FF rosso sul petto e una grande &#8220;F&#8221; sulla schiena. Comoda, resistente ed elegante, \u00e8 perfetta per judoka e sportivi, per l&#8217;allenamento o per l&#8217;abbigliamento quotidiano! <\/p>\n<div id=\"kurato_extension_modal\"><\/div>\n<div id=\"kurato_extension_modal\"><\/div>\n","protected":false},"featured_media":30665,"comment_status":"","ping_status":"closed","template":"","meta":[],"product_brand":[],"product_cat":[498,489],"product_tag":[],"giftcard-category":[],"class_list":{"0":"post-29994","1":"product","2":"type-product","3":"status-publish","4":"has-post-thumbnail","6":"product_cat-accessori-per-il-judo","7":"product_cat-tessuti-per-il-judo","8":"product_shipping_class-accessori","10":"first","11":"instock","12":"taxable","13":"shipping-taxable","14":"purchasable","15":"product-type-variable"},"exclude_global_add_ons":[],"addons":[],"_links":{"self":[{"href":"https:\/\/fightingfilms.shop\/it\/wp-json\/wp\/v2\/product\/29994","targetHints":{"allow":["GET"]}}],"collection":[{"href":"https:\/\/fightingfilms.shop\/it\/wp-json\/wp\/v2\/product"}],"about":[{"href":"https:\/\/fightingfilms.shop\/it\/wp-json\/wp\/v2\/types\/product"}],"replies":[{"embeddable":true,"href":"https:\/\/fightingfilms.shop\/it\/wp-json\/wp\/v2\/comments?post=29994"}],"wp:featuredmedia":[{"embeddable":true,"href":"https:\/\/fightingfilms.shop\/it\/wp-json\/wp\/v2\/media\/30665"}],"wp:attachment":[{"href":"https:\/\/fightingfilms.shop\/it\/wp-json\/wp\/v2\/media?parent=29994"}],"wp:term":[{"taxonomy":"product_brand","embeddable":true,"href":"https:\/\/fightingfilms.shop\/it\/wp-json\/wp\/v2\/product_brand?post=29994"},{"taxonomy":"product_cat","embeddable":true,"href":"https:\/\/fightingfilms.shop\/it\/wp-json\/wp\/v2\/product_cat?post=29994"},{"taxonomy":"product_tag","embeddable":true,"href":"https:\/\/fightingfilms.shop\/it\/wp-json\/wp\/v2\/product_tag?post=29994"},{"taxonomy":"giftcard-category","embeddable":true,"href":"https:\/\/fightingfilms.shop\/it\/wp-json\/wp\/v2\/giftcard-category?post=29994"}],"curies":[{"name":"wp","href":"https:\/\/api.w.org\/{rel}","templated":true}]}}