{"id":33460,"date":"2025-11-26T13:04:18","date_gmt":"2025-11-26T12:04:18","guid":{"rendered":"https:\/\/fightingfilms.shop\/produit\/cintura-viola-in-materiale-jjb-gi\/"},"modified":"2026-02-19T12:35:24","modified_gmt":"2026-02-19T11:35:24","slug":"cintura-viola-in-materiale-jjb-gi","status":"publish","type":"product","link":"https:\/\/fightingfilms.shop\/it\/produit\/cintura-viola-in-materiale-jjb-gi\/","title":{"rendered":"Cintura viola in materiale JJB Gi"},"content":{"rendered":"<p data-start=\"338\" data-end=\"797\">La cintura viola simboleggia il passaggio a un <strong data-start=\"388\" data-end=\"423\">livello intermedio\/avanzato<\/strong> nel Brazilian Jiu-Jitsu. Segna una progressione significativa: si affina la padronanza tecnica, si amplia la comprensione strategica e si afferma la maturit\u00e0 nel gioco. Per accompagnare questa tappa fondamentale, Fighting Films propone una <strong data-start=\"662\" data-end=\"695\">cintura in materiale JJB Gi viola<\/strong>, realizzata in <strong data-start=\"707\" data-end=\"739\">tessuto kimono a grana di riso<\/strong>, che unisce <strong data-start=\"751\" data-end=\"796\">solidit\u00e0, comfort e design di alta gamma<\/strong>.  <\/p>\n<h3 data-start=\"804\" data-end=\"840\"><strong data-start=\"808\" data-end=\"840\">Caratteristiche principali della cintura viola di jjb Gi material<\/strong><\/h3>\n<ul>\n<li>\n<h4 data-start=\"860\" data-end=\"921\"><strong data-start=\"865\" data-end=\"921\">Materiale jjb Gi approvato dall&#8217;IBJJF cintura viola<\/strong><\/h4>\n<p>Il materiale jjb Gi Fighting Films cintura viola \u00e8 approvato per tutte le competizioni internazionali IBJJF (International Brazilian Jiu-Jitsu Federation).<\/li>\n<li data-start=\"842\" data-end=\"902\"><strong data-start=\"847\" data-end=\"902\">Tessuto per kimono a grana di riso &#8211; resistenza superiore<\/strong><\/li>\n<\/ul>\n<p data-start=\"903\" data-end=\"1178\">Realizzata con un tessuto identico a quello utilizzato nei kimono professionali, questa cintura viola ha una trama densa e robusta a grana di riso. Offre una texture di alta qualit\u00e0, solida e piacevole al tatto, perfettamente adatta ai praticanti impegnati. <\/p>\n<ul>\n<li data-start=\"1180\" data-end=\"1234\"><strong data-start=\"1185\" data-end=\"1234\">Maggiore durata per un uso frequente<\/strong><\/li>\n<\/ul>\n<p data-start=\"1235\" data-end=\"1491\">Progettato per resistere all&#8217;intensit\u00e0 di un allenamento regolare, offre un&#8217;eccezionale resistenza al rotolamento, alla trazione e alla manipolazione ripetuta. Grazie alla sua struttura spessa, mantiene la sua forma iniziale <strong data-start=\"1456\" data-end=\"1490\">senza appiattirsi o sfilacciarsi<\/strong>. <\/p>\n<ul>\n<li data-start=\"1493\" data-end=\"1525\"><strong data-start=\"1498\" data-end=\"1525\">Nodo stabile e affidabile<\/strong><\/li>\n<\/ul>\n<p data-start=\"1526\" data-end=\"1749\">Grazie al suo spessore controllato, la cintura fornisce <strong data-start=\"1581\" data-end=\"1609\">un supporto perfetto per il nodo<\/strong>, che rimane in posizione anche durante le sequenze pi\u00f9 dinamiche. Una risorsa essenziale per i cavalieri che fanno rapidi progressi tecnici. <\/p>\n<ul>\n<li data-start=\"1751\" data-end=\"1777\"><strong data-start=\"1756\" data-end=\"1777\">Comfort ottimale<\/strong><\/li>\n<\/ul>\n<p data-start=\"1778\" data-end=\"1993\">Questa cintura offre un equilibrio ideale tra rigidit\u00e0 e flessibilit\u00e0:<br data-start=\"1847\" data-end=\"1850\">&#8211; abbastanza solida da garantire un sostegno eccellente,<br data-start=\"1907\" data-end=\"1910\">&#8211; abbastanza flessibile da poter essere indossata comodamente per tutto l&#8217;allenamento.<\/p>\n<ul>\n<li data-start=\"1995\" data-end=\"2046\"><strong data-start=\"2000\" data-end=\"2046\">Design elegante e finiture di alta gamma<\/strong><\/li>\n<\/ul>\n<p data-start=\"2047\" data-end=\"2303\">Di un viola intenso e profondo, riflette perfettamente lo stato intermedio\/avanzato del praticante. Le cuciture rinforzate, l&#8217;aspetto aerodinamico e l&#8217;etichetta tessuta Fighting Films le conferiscono uno <strong data-start=\"2250\" data-end=\"2267\">stile premium<\/strong> che \u00e8 allo stesso tempo tradizionale e moderno. <\/p>\n<hr data-start=\"2305\" data-end=\"2308\">\n<h3 data-start=\"2310\" data-end=\"2351\"><strong data-start=\"2314\" data-end=\"2351\">Perch\u00e9 scegliere questa cintura?<\/strong><\/h3>\n<ul data-start=\"2353\" data-end=\"2621\">\n<li data-start=\"2353\" data-end=\"2434\">\n<p data-start=\"2355\" data-end=\"2434\"><strong data-start=\"2364\" data-end=\"2383\">Qualit\u00e0 premium<\/strong>, ideale per i ciclisti di livello intermedio e avanzato.<\/p>\n<\/li>\n<li data-start=\"2435\" data-end=\"2502\">\n<p data-start=\"2437\" data-end=\"2502\">Per una <strong data-start=\"2446\" data-end=\"2468\">resistenza di lunga durata<\/strong> ad un allenamento prolungato.<\/p>\n<\/li>\n<li data-start=\"2503\" data-end=\"2568\">\n<p data-start=\"2505\" data-end=\"2568\">Per un <strong data-start=\"2513\" data-end=\"2528\">nodo forte<\/strong> e stabile in qualsiasi situazione.<\/p>\n<\/li>\n<li data-start=\"2569\" data-end=\"2621\">\n<p data-start=\"2571\" data-end=\"2621\">Per un <strong data-start=\"2579\" data-end=\"2618\">design autentico e professionale<\/strong>.<\/p>\n<\/li>\n<\/ul>\n<hr data-start=\"2623\" data-end=\"2626\">\n<h3 data-start=\"2628\" data-end=\"2689\"><strong data-start=\"2632\" data-end=\"2689\">La cintura perfetta per affermare i tuoi progressi.<\/strong><\/h3>\n<p data-start=\"2691\" data-end=\"2947\">La cintura jjb Gi material Fighting Films viola in tessuto kimono a grana di riso \u00e8 il compagno ideale per chi sta sviluppando la propria potenza. Robusta, elegante e costruita per durare nel tempo, \u00e8 la compagna perfetta per passare a un livello tecnico pi\u00f9 avanzato. <\/p>\n<div id=\"kurato_extension_modal\"><\/div>\n<div id=\"kurato_extension_modal\"><\/div>\n<div id=\"kurato_extension_modal\"><\/div>\n<div id=\"kurato_extension_modal\"><\/div>\n","protected":false},"excerpt":{"rendered":"<p>Realizzata in <strong data-start=\"3057\" data-end=\"3089\">tessuto kimono a grana di riso<\/strong>, la cintura viola di jjb Gi offre una <strong data-start=\"3125\" data-end=\"3144\">qualit\u00e0 superiore<\/strong>, un&#8217;<strong data-start=\"3150\" data-end=\"3175\">eccellente resistenza<\/strong> e una <strong data-start=\"3183\" data-end=\"3207\">tenuta affidabile dei nodi<\/strong>. Solida, raffinata e durevole, \u00e8 perfettamente adatta al <strong data-start=\"3270\" data-end=\"3305\">livello intermedio\/avanzato del<\/strong> JJB. Ideale per progredire con stile e prestazioni.  <\/p>\n<div id=\"kurato_extension_modal\"><\/div>\n<div id=\"kurato_extension_modal\"><\/div>\n<div id=\"kurato_extension_modal\"><\/div>\n<div id=\"kurato_extension_modal\"><\/div>\n<div id=\"kurato_extension_modal\"><\/div>\n<div id=\"kurato_extension_modal\"><\/div>\n<div id=\"kurato_extension_modal\"><\/div>\n","protected":false},"featured_media":32048,"comment_status":"closed","ping_status":"closed","template":"","meta":[],"product_brand":[],"product_cat":[913,472],"product_tag":[],"giftcard-category":[],"class_list":{"0":"post-33460","1":"product","2":"type-product","3":"status-publish","4":"has-post-thumbnail","6":"product_cat-cinture-jjb","7":"product_cat-jiu-jitsu-it","8":"product_shipping_class-accessori","10":"first","11":"instock","12":"taxable","13":"shipping-taxable","14":"purchasable","15":"product-type-variable"},"exclude_global_add_ons":[],"addons":[],"_links":{"self":[{"href":"https:\/\/fightingfilms.shop\/it\/wp-json\/wp\/v2\/product\/33460","targetHints":{"allow":["GET"]}}],"collection":[{"href":"https:\/\/fightingfilms.shop\/it\/wp-json\/wp\/v2\/product"}],"about":[{"href":"https:\/\/fightingfilms.shop\/it\/wp-json\/wp\/v2\/types\/product"}],"replies":[{"embeddable":true,"href":"https:\/\/fightingfilms.shop\/it\/wp-json\/wp\/v2\/comments?post=33460"}],"wp:featuredmedia":[{"embeddable":true,"href":"https:\/\/fightingfilms.shop\/it\/wp-json\/wp\/v2\/media\/32048"}],"wp:attachment":[{"href":"https:\/\/fightingfilms.shop\/it\/wp-json\/wp\/v2\/media?parent=33460"}],"wp:term":[{"taxonomy":"product_brand","embeddable":true,"href":"https:\/\/fightingfilms.shop\/it\/wp-json\/wp\/v2\/product_brand?post=33460"},{"taxonomy":"product_cat","embeddable":true,"href":"https:\/\/fightingfilms.shop\/it\/wp-json\/wp\/v2\/product_cat?post=33460"},{"taxonomy":"product_tag","embeddable":true,"href":"https:\/\/fightingfilms.shop\/it\/wp-json\/wp\/v2\/product_tag?post=33460"},{"taxonomy":"giftcard-category","embeddable":true,"href":"https:\/\/fightingfilms.shop\/it\/wp-json\/wp\/v2\/giftcard-category?post=33460"}],"curies":[{"name":"wp","href":"https:\/\/api.w.org\/{rel}","templated":true}]}}