{"id":33488,"date":"2025-11-26T12:49:04","date_gmt":"2025-11-26T11:49:04","guid":{"rendered":"https:\/\/fightingfilms.shop\/produit\/cintura-marrone-in-materiale-jjb-gi\/"},"modified":"2025-11-26T12:49:04","modified_gmt":"2025-11-26T11:49:04","slug":"cintura-marrone-in-materiale-jjb-gi","status":"publish","type":"product","link":"https:\/\/fightingfilms.shop\/it\/produit\/cintura-marrone-in-materiale-jjb-gi\/","title":{"rendered":"Cintura marrone in materiale JJB Gi"},"content":{"rendered":"<p data-start=\"259\" data-end=\"697\">Simbolo di un <strong data-start=\"272\" data-end=\"315\">alto livello di maestria ed esperienza<\/strong> nel Brazilian Jiu-Jitsu, la cintura marrone jjb premium rappresenta molto pi\u00f9 di un grado: incarna anni di pratica, perseveranza e comprensione tecnica. Fighting Films accompagna questo passaggio cruciale con una <strong data-start=\"532\" data-end=\"563\">cintura marrone in materiale JJB Gi<\/strong>, realizzata in <strong data-start=\"575\" data-end=\"607\">tessuto kimono a grana di riso<\/strong>, che offre una qualit\u00e0 eccezionale e uno stile autentico adatto al tuo livello. <\/p>\n<div id=\"kurato_extension_modal\">\n<h3 data-start=\"704\" data-end=\"740\"><strong data-start=\"708\" data-end=\"740\">Caratteristiche principali della cintura marrone in materiale JJB Gi<\/strong><\/h3>\n<ul>\n<li><strong>Cintura approvata per le competizioni internazionali IBJJF<\/strong><\/li>\n<\/ul>\n<p>Il JJB Gi materiale Fighting Films cintura marrone \u00e8 approvato per le competizioni IBJJF JJB, la Federazione Internazionale di Jiu-Jitsu Brasiliano.<\/p>\n<ul>\n<li data-start=\"742\" data-end=\"805\"><strong data-start=\"747\" data-end=\"805\">  Tessuto per kimono a grana di riso &#8211; materiale di alta gamma<\/strong><\/li>\n<\/ul>\n<p data-start=\"806\" data-end=\"1052\">Realizzata con lo stesso materiale dei kimono premium, questa cintura ha una consistenza densa, solida ed elegante. Il tessuto a grana di riso garantisce una <strong data-start=\"956\" data-end=\"975\">trama resistente<\/strong>, una sensazione professionale e una resistenza adatta ai praticanti pi\u00f9 esperti. <\/p>\n<ul>\n<li data-start=\"1054\" data-end=\"1118\"><strong data-start=\"1059\" data-end=\"1118\">Durata rinforzata per allenamenti intensivi<\/strong><\/li>\n<\/ul>\n<p data-start=\"1119\" data-end=\"1390\">Progettata per gli atleti pi\u00f9 esperti, questa cintura offre una resistenza superiore: non si affloscia e non si deforma, ed \u00e8 perfettamente resistente a rotolamenti, trazioni e sessioni intensive. \u00c8 un modello pensato per accompagnare gli sportivi pi\u00f9 assidui. <\/p>\n<ul>\n<li data-start=\"1392\" data-end=\"1425\"><strong data-start=\"1397\" data-end=\"1425\">Tenuta ottimale del nodo<\/strong><\/li>\n<\/ul>\n<p data-start=\"1426\" data-end=\"1672\">La sua struttura spessa e stabile garantisce un <strong data-start=\"1467\" data-end=\"1501\">nodo solido che rimane al suo posto<\/strong> anche durante i combattimenti pi\u00f9 impegnativi. Una tenuta affidabile, essenziale per i praticanti avanzati che esigono una cintura all&#8217;altezza del loro livello tecnico. <\/p>\n<ul>\n<li data-start=\"1674\" data-end=\"1715\"><strong data-start=\"1679\" data-end=\"1715\">Comfort e sostegno equilibrati<\/strong><\/li>\n<\/ul>\n<p data-start=\"1716\" data-end=\"1903\">La rigidit\u00e0 e la flessibilit\u00e0 perfettamente bilanciate offrono un comfort eccellente: la fascia avvolge la vita per offrire un sostegno solido, pur rimanendo comoda da indossare per lunghe sessioni.<\/p>\n<ul>\n<li data-start=\"1905\" data-end=\"1959\"><strong data-start=\"1910\" data-end=\"1959\">Design premium e finiture professionali<\/strong><\/li>\n<\/ul>\n<p data-start=\"1960\" data-end=\"2229\">In un marrone intenso, elegante e tradizionale, questa cintura ha un <strong data-start=\"2031\" data-end=\"2058\">design sobrio e raffinato<\/strong>, fedele ai valori di Fighting Films. Cuciture rinforzate, etichetta tessuta di alta gamma ed estetica controllata: ogni dettaglio riflette la qualit\u00e0 premium del prodotto. <\/p>\n<hr data-start=\"2231\" data-end=\"2234\">\n<h3 data-start=\"2236\" data-end=\"2277\"><strong data-start=\"2240\" data-end=\"2277\">Perch\u00e9 scegliere questa cintura?<\/strong><\/h3>\n<ul data-start=\"2279\" data-end=\"2585\">\n<li data-start=\"2279\" data-end=\"2349\">\n<p data-start=\"2281\" data-end=\"2349\">Per un modello <strong data-start=\"2296\" data-end=\"2307\">premium<\/strong>, adatto a ciclisti di alto livello.<\/p>\n<\/li>\n<li data-start=\"2350\" data-end=\"2424\">\n<p data-start=\"2352\" data-end=\"2424\">Per una <strong data-start=\"2361\" data-end=\"2390\">resistenza eccezionale<\/strong>, ideale per un uso intensivo.<\/p>\n<\/li>\n<li data-start=\"2425\" data-end=\"2503\">\n<p data-start=\"2427\" data-end=\"2503\">Per un <strong data-start=\"2435\" data-end=\"2450\">nodo forte<\/strong> e resistente durante le sessioni di allenamento e le gare.<\/p>\n<\/li>\n<li data-start=\"2504\" data-end=\"2585\">\n<p data-start=\"2506\" data-end=\"2585\">Per un <strong data-start=\"2514\" data-end=\"2547\">design elegante e autentico<\/strong> che si adatta al tuo progresso.<\/p>\n<\/li>\n<\/ul>\n<hr data-start=\"2587\" data-end=\"2590\">\n<h3 data-start=\"2592\" data-end=\"2651\"><strong data-start=\"2596\" data-end=\"2651\">La cintura marrone di jjb Gi material \u00e8 perfetta per affermare la tua competenza.<\/strong><\/h3>\n<p data-start=\"2653\" data-end=\"2919\">La cintura Fighting Films marrone in tessuto kimono a grana di riso \u00e8 stata progettata per onorare un livello avanzato di JJB con un prodotto <strong data-start=\"2783\" data-end=\"2834\">solido, resistente ed esteticamente impeccabile<\/strong>. Una scelta obbligata se vuoi fare gli ultimi passi verso la cintura nera. <\/p>\n<\/div>\n<div id=\"kurato_extension_modal\"><\/div>\n<div id=\"kurato_extension_modal\"><\/div>\n<div id=\"kurato_extension_modal\"><\/div>\n<div id=\"kurato_extension_modal\"><\/div>\n","protected":false},"excerpt":{"rendered":"<p>Realizzata in <strong data-start=\"165\" data-end=\"197\" data-is-only-node=\"\">tessuto kimono a grana di riso<\/strong>, la cintura marrone di JJB Gi offre <strong data-start=\"230\" data-end=\"249\">la massima qualit\u00e0<\/strong>, un&#8217;<strong data-start=\"255\" data-end=\"284\">eccezionale resistenza<\/strong> e un&#8217;<strong data-start=\"292\" data-end=\"320\">ottima tenuta dei nodi<\/strong>. Forte, durevole ed elegante, si distingue per il suo <strong data-start=\"377\" data-end=\"394\">design unico<\/strong> e le finiture di alta gamma. Un prodotto eccezionale per i praticanti pi\u00f9 esperti.  <\/p>\n<div id=\"kurato_extension_modal\"><\/div>\n<div id=\"kurato_extension_modal\"><\/div>\n<div id=\"kurato_extension_modal\"><\/div>\n<div id=\"kurato_extension_modal\"><\/div>\n<div id=\"kurato_extension_modal\"><\/div>\n<div id=\"kurato_extension_modal\"><\/div>\n","protected":false},"featured_media":32042,"comment_status":"","ping_status":"closed","template":"","meta":[],"product_brand":[],"product_cat":[913,472],"product_tag":[],"giftcard-category":[],"class_list":{"0":"post-33488","1":"product","2":"type-product","3":"status-publish","4":"has-post-thumbnail","6":"product_cat-cinture-jjb","7":"product_cat-jiu-jitsu-it","8":"product_shipping_class-accessori","10":"first","11":"instock","12":"taxable","13":"shipping-taxable","14":"purchasable","15":"product-type-variable"},"exclude_global_add_ons":[],"addons":[],"_links":{"self":[{"href":"https:\/\/fightingfilms.shop\/it\/wp-json\/wp\/v2\/product\/33488","targetHints":{"allow":["GET"]}}],"collection":[{"href":"https:\/\/fightingfilms.shop\/it\/wp-json\/wp\/v2\/product"}],"about":[{"href":"https:\/\/fightingfilms.shop\/it\/wp-json\/wp\/v2\/types\/product"}],"replies":[{"embeddable":true,"href":"https:\/\/fightingfilms.shop\/it\/wp-json\/wp\/v2\/comments?post=33488"}],"wp:featuredmedia":[{"embeddable":true,"href":"https:\/\/fightingfilms.shop\/it\/wp-json\/wp\/v2\/media\/32042"}],"wp:attachment":[{"href":"https:\/\/fightingfilms.shop\/it\/wp-json\/wp\/v2\/media?parent=33488"}],"wp:term":[{"taxonomy":"product_brand","embeddable":true,"href":"https:\/\/fightingfilms.shop\/it\/wp-json\/wp\/v2\/product_brand?post=33488"},{"taxonomy":"product_cat","embeddable":true,"href":"https:\/\/fightingfilms.shop\/it\/wp-json\/wp\/v2\/product_cat?post=33488"},{"taxonomy":"product_tag","embeddable":true,"href":"https:\/\/fightingfilms.shop\/it\/wp-json\/wp\/v2\/product_tag?post=33488"},{"taxonomy":"giftcard-category","embeddable":true,"href":"https:\/\/fightingfilms.shop\/it\/wp-json\/wp\/v2\/giftcard-category?post=33488"}],"curies":[{"name":"wp","href":"https:\/\/api.w.org\/{rel}","templated":true}]}}