{"id":33745,"date":"2025-11-14T12:28:28","date_gmt":"2025-11-14T11:28:28","guid":{"rendered":"https:\/\/fightingfilms.shop\/produit\/maglia-over-blu-della-sincerita\/"},"modified":"2025-11-14T12:28:28","modified_gmt":"2025-11-14T11:28:28","slug":"maglia-over-blu-della-sincerita","status":"publish","type":"product","link":"https:\/\/fightingfilms.shop\/it\/produit\/maglia-over-blu-della-sincerita\/","title":{"rendered":"Maglia over blu della sincerit\u00e0"},"content":{"rendered":"<p data-end=\"1083\" data-start=\"894\"><strong data-end=\"923\" data-start=\"894\">La camicia Sinc\u00e9rit\u00e9 bleue<\/strong> \u00e8 molto pi\u00f9 di un capo d&#8217;abbigliamento: \u00e8 un pezzo di carattere, realizzato per chi apprezza la <strong data-end=\"1080\" data-start=\"1022\">sobriet\u00e0, la forza tranquilla e la sincerit\u00e0 dei gesti<\/strong>.<\/p>\n<p data-end=\"1281\" data-start=\"1085\">Ispirata al <strong data-end=\"1122\" data-start=\"1098\">judogi tradizionale<\/strong>, questa maglia over riprende i codici del kimono &#8211; linee rette, solidit\u00e0, libert\u00e0 di movimento &#8211; adattandosi perfettamente a un guardaroba moderno.<\/p>\n<p data-end=\"1747\" data-start=\"1283\">\ud83d\udd39 <strong data-end=\"1299\" data-start=\"1286\">Materiale:<\/strong> tessuto kimono giapponese resistente e strutturato, che offre una vestibilit\u00e0 impeccabile e una caduta strutturata.<br data-end=\"1405\" data-start=\"1402\">\ud83d\udd39 <strong data-end=\"1419\" data-start=\"1408\">Taglio:<\/strong> dritto e pensato per il comfort e l&#8217;estetica.<br data-end=\"1494\" data-start=\"1491\">\ud83d\udd39 <strong data-end=\"1510\" data-start=\"1497\">Dettagli:<\/strong> impunture rinforzate, bottoni tono su tono, finiture accurate.<br data-end=\"1577\" data-start=\"1574\">\ud83d\udd39 <strong data-end=\"1608\" data-start=\"1580\">Fodera (opzionale):<\/strong> la <strong data-end=\"1640\" data-start=\"1612\">Grande Onda di Kanagawa<\/strong>, stampata all&#8217;interno della maglia, un omaggio all&#8217;arte giapponese e uno dei suoi pi\u00f9 grandi simboli.<\/p>\n<ul data-end=\"1926\" data-start=\"1748\">\n<li data-end=\"1926\" data-start=\"1853\">\n<p data-end=\"1926\" data-start=\"1855\"><strong data-end=\"1871\" data-start=\"1855\">Blu petrolio<\/strong> &#8211; elegante e innovativo, tra tradizione e modernit\u00e0.<\/p>\n<\/li>\n<\/ul>\n<p data-end=\"2066\" data-start=\"1928\">Ogni modello &#8220;Sinc\u00e9rit\u00e9&#8221; riflette la filosofia Keiko-Gi: <strong data-end=\"2065\" data-start=\"1991\">rispetto del gesto, durata dei materiali e bellezza nella semplicit\u00e0<\/strong>.<\/p>\n<div id=\"kurato_extension_modal\"><\/div>\n<div id=\"kurato_extension_modal\"><\/div>\n<div id=\"kurato_extension_modal\"><\/div>\n<div id=\"kurato_extension_modal\"><\/div>\n<div id=\"kurato_extension_modal\"><\/div>\n","protected":false},"excerpt":{"rendered":"<p>Scopri la camicia over sincerity blu petrolio del nostro partner keiko-Gi. Realizzata in tessuto judogi, questa maglia \u00e8 ideale per la mezza stagione. La sua resistenza e il suo design unico la rendono un must-have per il guardaroba di ogni judoka!  <\/p>\n<div id=\"kurato_extension_modal\"><\/div>\n<div id=\"kurato_extension_modal\"><\/div>\n<div id=\"kurato_extension_modal\"><\/div>\n<div id=\"kurato_extension_modal\"><\/div>\n<div id=\"kurato_extension_modal\"><\/div>\n","protected":false},"featured_media":31492,"comment_status":"","ping_status":"closed","template":"","meta":[],"product_brand":[],"product_cat":[998,489],"product_tag":[],"giftcard-category":[],"class_list":{"0":"post-33745","1":"product","2":"type-product","3":"status-publish","4":"has-post-thumbnail","6":"product_cat-tela-del-kimono","7":"product_cat-tessuti-per-il-judo","8":"product_shipping_class-accessori","10":"first","11":"instock","12":"taxable","13":"shipping-taxable","14":"purchasable","15":"product-type-variable"},"exclude_global_add_ons":[],"addons":[],"_links":{"self":[{"href":"https:\/\/fightingfilms.shop\/it\/wp-json\/wp\/v2\/product\/33745","targetHints":{"allow":["GET"]}}],"collection":[{"href":"https:\/\/fightingfilms.shop\/it\/wp-json\/wp\/v2\/product"}],"about":[{"href":"https:\/\/fightingfilms.shop\/it\/wp-json\/wp\/v2\/types\/product"}],"replies":[{"embeddable":true,"href":"https:\/\/fightingfilms.shop\/it\/wp-json\/wp\/v2\/comments?post=33745"}],"wp:featuredmedia":[{"embeddable":true,"href":"https:\/\/fightingfilms.shop\/it\/wp-json\/wp\/v2\/media\/31492"}],"wp:attachment":[{"href":"https:\/\/fightingfilms.shop\/it\/wp-json\/wp\/v2\/media?parent=33745"}],"wp:term":[{"taxonomy":"product_brand","embeddable":true,"href":"https:\/\/fightingfilms.shop\/it\/wp-json\/wp\/v2\/product_brand?post=33745"},{"taxonomy":"product_cat","embeddable":true,"href":"https:\/\/fightingfilms.shop\/it\/wp-json\/wp\/v2\/product_cat?post=33745"},{"taxonomy":"product_tag","embeddable":true,"href":"https:\/\/fightingfilms.shop\/it\/wp-json\/wp\/v2\/product_tag?post=33745"},{"taxonomy":"giftcard-category","embeddable":true,"href":"https:\/\/fightingfilms.shop\/it\/wp-json\/wp\/v2\/giftcard-category?post=33745"}],"curies":[{"name":"wp","href":"https:\/\/api.w.org\/{rel}","templated":true}]}}