{"id":33829,"date":"2025-11-14T11:47:21","date_gmt":"2025-11-14T10:47:21","guid":{"rendered":"https:\/\/fightingfilms.shop\/produit\/borsa-di-controllo-in-tela-kimono\/"},"modified":"2025-11-14T11:47:21","modified_gmt":"2025-11-14T10:47:21","slug":"borsa-di-controllo-in-tela-kimono","status":"publish","type":"product","link":"https:\/\/fightingfilms.shop\/it\/produit\/borsa-di-controllo-in-tela-kimono\/","title":{"rendered":"Borsa di controllo in tela Kimono"},"content":{"rendered":"<h2>NUOVA COLLEZIONE 2025<\/h2>\n<p>Ispirata ai kimono del judo giapponese, questa borsa Control in tela kimono unisce tradizione e funzionalit\u00e0. Realizzata in robusta tela kimono, \u00e8 disponibile in una sofisticata e unica tonalit\u00e0 kaki o blu petrolio. <\/p>\n<p>I manici neri, che ricordano una cintura da judo, offrono comfort e resistenza.<\/p>\n<p>Scopri un tocco di classe all&#8217;interno della borsa con l&#8217;autentica fodera giapponese con motivo Seigahia. Questa borsa combina l&#8217;estetica giapponese con una durata eccezionale per un uso quotidiano esigente.<\/p>\n<p>Scopri la nostra nuova <a href=\"https:\/\/www.keiko-gi.com\/collections\/collection-2025\" rel=\"nofollow noopener\" target=\"_blank\">collezione di abbigliamento di ispirazione giapponese.<\/a><\/p>\n<div id=\"kurato_extension_modal\"><\/div>\n","protected":false},"excerpt":{"rendered":"<p>Scopri la nostra tote bag in tela judogi! Ideale per passeggiare in citt\u00e0, fare shopping o per un pomeriggio in spiaggia! La borsa in tela kimono, ispirata al tessuto Sashiko del nostro partner Keiko-Gi, \u00e8 disponibile ora!  <\/p>\n<div id=\"kurato_extension_modal\"><\/div>\n","protected":false},"featured_media":31425,"comment_status":"","ping_status":"closed","template":"","meta":[],"product_brand":[],"product_cat":[998,489],"product_tag":[],"giftcard-category":[],"class_list":{"0":"post-33829","1":"product","2":"type-product","3":"status-publish","4":"has-post-thumbnail","6":"product_cat-tela-del-kimono","7":"product_cat-tessuti-per-il-judo","8":"product_shipping_class-accessori","10":"first","11":"instock","12":"taxable","13":"shipping-taxable","14":"purchasable","15":"product-type-variable"},"exclude_global_add_ons":[],"addons":[],"_links":{"self":[{"href":"https:\/\/fightingfilms.shop\/it\/wp-json\/wp\/v2\/product\/33829","targetHints":{"allow":["GET"]}}],"collection":[{"href":"https:\/\/fightingfilms.shop\/it\/wp-json\/wp\/v2\/product"}],"about":[{"href":"https:\/\/fightingfilms.shop\/it\/wp-json\/wp\/v2\/types\/product"}],"replies":[{"embeddable":true,"href":"https:\/\/fightingfilms.shop\/it\/wp-json\/wp\/v2\/comments?post=33829"}],"wp:featuredmedia":[{"embeddable":true,"href":"https:\/\/fightingfilms.shop\/it\/wp-json\/wp\/v2\/media\/31425"}],"wp:attachment":[{"href":"https:\/\/fightingfilms.shop\/it\/wp-json\/wp\/v2\/media?parent=33829"}],"wp:term":[{"taxonomy":"product_brand","embeddable":true,"href":"https:\/\/fightingfilms.shop\/it\/wp-json\/wp\/v2\/product_brand?post=33829"},{"taxonomy":"product_cat","embeddable":true,"href":"https:\/\/fightingfilms.shop\/it\/wp-json\/wp\/v2\/product_cat?post=33829"},{"taxonomy":"product_tag","embeddable":true,"href":"https:\/\/fightingfilms.shop\/it\/wp-json\/wp\/v2\/product_tag?post=33829"},{"taxonomy":"giftcard-category","embeddable":true,"href":"https:\/\/fightingfilms.shop\/it\/wp-json\/wp\/v2\/giftcard-category?post=33829"}],"curies":[{"name":"wp","href":"https:\/\/api.w.org\/{rel}","templated":true}]}}