{"id":34361,"date":"2026-04-09T11:17:12","date_gmt":"2026-04-09T09:17:12","guid":{"rendered":"https:\/\/fightingfilms.shop\/produit\/puzzle-di-judo-per-bambini-jigoro-kano-36-pezzi\/"},"modified":"2026-04-09T11:17:12","modified_gmt":"2026-04-09T09:17:12","slug":"puzzle-di-judo-per-bambini-jigoro-kano-36-pezzi","status":"publish","type":"product","link":"https:\/\/fightingfilms.shop\/it\/produit\/puzzle-di-judo-per-bambini-jigoro-kano-36-pezzi\/","title":{"rendered":"Puzzle di judo per bambini &#8211; Jigoro Kano 36 pezzi"},"content":{"rendered":"<p data-start=\"1017\" data-end=\"1337\">Immergi i tuoi piccoli nel mondo del judo con il <strong data-start=\"1072\" data-end=\"1111\">Puzzle di Jigoro Kano per bambini da 36 pezzi<\/strong> creato da <strong data-start=\"1118\" data-end=\"1136\">Fighting Films e progettato da <a href=\"https:\/\/www.stephane-ganneau.com\/\" rel=\"nofollow noopener\" target=\"_blank\">Gano<\/a><\/strong>. Pensato per i bambini e per tutti gli appassionati di judo, questo puzzle presenta <strong data-start=\"1221\" data-end=\"1236\">Jigoro Kano<\/strong>, il fondatore del judo, in una grafica ispirata al Giappone e all&#8217;identit\u00e0 visiva del marchio. <\/p>\n<p data-start=\"1339\" data-end=\"1615\">Con i suoi <strong data-start=\"1348\" data-end=\"1361\">36 pezzi<\/strong>, questo puzzle di judo per bambini \u00e8 ideale per combinare <strong data-start=\"1415\" data-end=\"1455\">gioco, scoperta e passione per il tatami<\/strong>. \u00c8 un prodotto originale che introduce al mondo del judo in modo divertente, rendendo omaggio a una figura emblematica di questa disciplina. <\/p>\n<p data-start=\"1617\" data-end=\"1824\">Che si tratti di un compleanno, di un premio di fine stagione, di un regalo per il club o semplicemente per far piacere a un giovane judoka, questo <strong data-start=\"1757\" data-end=\"1779\">puzzle di judo per bambini<\/strong> \u00e8 un&#8217;ottima idea per un regalo di judo.<\/p>\n<hr data-start=\"1826\" data-end=\"1829\">\n<h2 data-section-id=\"ue2y18\" data-start=\"1831\" data-end=\"1873\">Un puzzle per bambini ambientato nel mondo del judo<\/h2>\n<p data-start=\"1875\" data-end=\"2174\">Questo <strong data-start=\"1878\" data-end=\"1900\">puzzle di Jigoro Kano<\/strong> \u00e8 stato progettato per offrire un&#8217;esperienza visiva e divertente ai bambini che amano il judo. L&#8217;illustrazione dinamica, i colori vivaci e il forte stile grafico lo rendono molto pi\u00f9 di un semplice gioco: \u00e8 un piccolo oggetto da collezione per i giovani fan del judo. <\/p>\n<p data-start=\"2176\" data-end=\"2391\">Con il suo formato <strong data-start=\"2192\" data-end=\"2205\">da 36 pezzi<\/strong>, \u00e8 perfetto per un gioco accessibile, che sviluppi la pazienza, l&#8217;osservazione e il piacere di ricreare una scena ispirata al mondo delle arti marziali giapponesi.<\/p>\n<p data-start=\"2393\" data-end=\"2417\">Questo puzzle evidenzia :<\/p>\n<ul data-start=\"2419\" data-end=\"2649\">\n<li data-section-id=\"9ivrrc\" data-start=\"2419\" data-end=\"2483\"><strong data-start=\"2421\" data-end=\"2436\">Jigoro Kano<\/strong>, una figura chiave nella storia del judo con il suo <a href=\"https:\/\/fightingfilms.shop\/it\/categoria\/kimono-da-judo\/\">kimono da judo<\/a><\/li>\n<li data-section-id=\"9zh119\" data-start=\"2484\" data-end=\"2526\">un&#8217;<strong data-start=\"2489\" data-end=\"2507\">ambientazione giapponese<\/strong> forte e coinvolgente<\/li>\n<li data-section-id=\"1qftvir\" data-start=\"2527\" data-end=\"2590\">un&#8217;<strong data-start=\"2533\" data-end=\"2559\">illustrazione originale<\/strong> nello spirito di Fighting Films<\/li>\n<li data-section-id=\"pce46k\" data-start=\"2591\" data-end=\"2649\">un prodotto pensato per i <strong data-start=\"2619\" data-end=\"2649\">bambini che amano il judo<\/strong><\/li>\n<\/ul>\n<hr data-start=\"2651\" data-end=\"2654\">\n<h2 data-section-id=\"at2p0y\" data-start=\"2656\" data-end=\"2707\">Perch\u00e9 scegliere questo puzzle di judo per bambini da 36 pezzi di Jigoro Kano?<\/h2>\n<p data-start=\"2709\" data-end=\"2956\">Il <strong data-start=\"2712\" data-end=\"2748\">Puzzle di Judo per bambini &#8211; Jigoro Kano<\/strong> 36 pezzi \u00e8 un&#8217;idea eccellente per completare il mondo dei giovani judoka al di fuori dell&#8217;allenamento. \u00c8 un modo divertente, decorativo e originale per portare a casa la passione per il judo. <\/p>\n<h3 data-section-id=\"26m2ut\" data-start=\"2958\" data-end=\"2991\">Punti di forza del prodotto :<\/h3>\n<ul data-start=\"2992\" data-end=\"3261\">\n<li data-section-id=\"3t3fge\" data-start=\"2992\" data-end=\"3021\"><strong data-start=\"2994\" data-end=\"3021\">Puzzle di judo per bambini<\/strong><\/li>\n<li data-section-id=\"1h03wx5\" data-start=\"3022\" data-end=\"3037\"><strong data-start=\"3024\" data-end=\"3037\">36 pezzi<\/strong><\/li>\n<li data-section-id=\"14sxypo\" data-start=\"3038\" data-end=\"3081\">Illustrazione originale di <strong data-start=\"3066\" data-end=\"3081\">Jigoro Kano<\/strong><\/li>\n<li data-section-id=\"7cks19\" data-start=\"3082\" data-end=\"3110\">Universo grafico giapponese<\/li>\n<li data-section-id=\"lh8b4z\" data-start=\"3111\" data-end=\"3154\">Prodotto originale di <strong data-start=\"3136\" data-end=\"3154\">Fighting Films<\/strong><\/li>\n<li data-section-id=\"wdgdi5\" data-start=\"3155\" data-end=\"3191\">Ideale come <strong data-start=\"3169\" data-end=\"3191\">regalo di judo per bambini<\/strong><\/li>\n<li data-section-id=\"1h6i0ce\" data-start=\"3192\" data-end=\"3261\">Perfetto per scoprire la storia e l&#8217;immaginario del judo in modo diverso.<\/li>\n<\/ul>\n<hr data-start=\"3263\" data-end=\"3266\">\n<h2 data-section-id=\"nkmsqk\" data-start=\"3268\" data-end=\"3320\">Un&#8217;idea regalo originale per i giovani judoka<\/h2>\n<p data-start=\"3322\" data-end=\"3506\">Stai cercando un <strong data-start=\"3339\" data-end=\"3381\">regalo per un bambino che pratica il judo<\/strong>? Questo puzzle \u00e8 l&#8217;opzione ideale. \u00c8 un bel cambiamento rispetto ai soliti accessori, ma \u00e8 tutto incentrato sul tatami.  <\/p>\n<p data-start=\"3508\" data-end=\"3539\">Perfetto per :<\/p>\n<ul data-start=\"3540\" data-end=\"3715\">\n<li data-section-id=\"21llhy\" data-start=\"3540\" data-end=\"3557\">un compleanno<\/li>\n<li data-section-id=\"gl68g4\" data-start=\"3558\" data-end=\"3600\">una ricompensa dopo la promozione<\/li>\n<li data-section-id=\"1xcg5lv\" data-start=\"3601\" data-end=\"3620\">un regalo di Natale<\/li>\n<li data-section-id=\"1rnufx\" data-start=\"3621\" data-end=\"3663\">un premio per un torneo o un evento del club<\/li>\n<li data-section-id=\"djzl8e\" data-start=\"3664\" data-end=\"3715\">introdurre i giovani nel mondo del judo<\/li>\n<li data-section-id=\"djzl8e\" data-start=\"3664\" data-end=\"3715\">Da 3 anni<\/li>\n<\/ul>\n<p data-start=\"3717\" data-end=\"3926\">Con il suo design elegante e il suo tema forte, questo <strong data-start=\"3765\" data-end=\"3794\">puzzle di judo per bambini<\/strong> piacer\u00e0 a bambini, genitori e club che vogliono offrire articoli originali basati sul loro sport.<\/p>\n<hr data-start=\"3928\" data-end=\"3931\">\n<h2 data-section-id=\"194z5af\" data-start=\"3933\" data-end=\"3960\">Un omaggio a Jigoro Kano<\/h2>\n<p data-start=\"3962\" data-end=\"4167\">Con questo puzzle, Fighting Films rende omaggio a <strong data-start=\"4009\" data-end=\"4024\">Jigoro Kano<\/strong>, il fondatore del judo. \u00c8 un ottimo modo per far conoscere ai bambini la storia del loro sport in modo divertente e visivo. <\/p>\n<p data-start=\"4169\" data-end=\"4328\">Oltre a essere un gioco, questo puzzle crea anche un legame con i valori del judo, con la sua eredit\u00e0 giapponese e con le grandi figure che hanno lasciato il segno in questa disciplina.<\/p>\n<hr data-start=\"4330\" data-end=\"4333\">\n<h2 data-section-id=\"77jau5\" data-start=\"4335\" data-end=\"4385\">Scopri gli altri prodotti per bambini<\/h2>\n<p data-start=\"4387\" data-end=\"4711\">Questo puzzle di judo per bambini &#8211; Jigoro Kano 36 pezzi fa parte di una collezione di prodotti pensati per far vivere il mondo del judo in modo diverso. Se al tuo bambino piace questo stile di illustrazione, ti invitiamo a scoprire anche il nostro <a href=\"https:\/\/fightingfilms.shop\/produit\/mon-album-judo\/\"><strong data-start=\"4585\" data-end=\"4602\">album di judo<\/strong><\/a>che utilizza un universo grafico simile e amplia l&#8217;esperienza con altri disegni ispirati al judo. <\/p>\n<p data-start=\"4713\" data-end=\"4913\">Puoi trovare altre idee regalo nella nostra categoria <strong data-start=\"4785\" data-end=\"4838\"><a class=\"decorated-link cursor-pointer\" href=\"https:\/\/fightingfilms.shop\/it\/categoria\/goodies-judo\/\" rel=\"noopener\" data-start=\"4787\" data-end=\"4836\">articoli per il judo<\/a><\/strong> per completare la tua attrezzatura e accontentare tutti i giovani appassionati.<\/p>\n<hr data-start=\"4915\" data-end=\"4918\">\n<h2 data-section-id=\"jzf6bh\" data-start=\"4920\" data-end=\"4950\">Caratteristiche del prodotto<\/h2>\n<p data-start=\"4952\" data-end=\"5221\"><strong data-start=\"4952\" data-end=\"4972\">Nome del prodotto :<\/strong> Puzzle di Judo &#8211; Jigoro Kano<br data-start=\"4998\" data-end=\"5001\"><strong data-start=\"5001\" data-end=\"5013\">Marca :<\/strong> Fighting Films<br data-start=\"5028\" data-end=\"5031\"><strong data-start=\"5031\" data-end=\"5053\">Numero di pezzi :<\/strong> 36<br data-start=\"5056\" data-end=\"5059\"><strong data-start=\"5059\" data-end=\"5072\">Universo :<\/strong> Judo \/ Giappone \/ Bambino<br data-start=\"5094\" data-end=\"5097\"><strong data-start=\"5097\" data-end=\"5115\">Illustrazione :<\/strong> Jigoro Kano con decorazioni giapponesi<br data-start=\"5147\" data-end=\"5150\"><strong data-start=\"5150\" data-end=\"5171\">Tipo di prodotto :<\/strong> Puzzle per bambini \/ Chicche di judo \/ Regalo di judo per bambini<\/p>\n<hr data-start=\"5223\" data-end=\"5226\">\n<h2 data-section-id=\"1ytaf8h\" data-start=\"5228\" data-end=\"5276\">Perch\u00e9 acquistare un puzzle di judo per bambini?<\/h2>\n<p data-start=\"5278\" data-end=\"5494\">Un <strong data-start=\"5281\" data-end=\"5303\">puzzle di judo per bambini<\/strong> \u00e8 un modo eccellente per radicare la passione per il judo nella vita quotidiana. \u00c8 un modo semplice e divertente per riscoprire il mondo del club, i suoi valori e l&#8217;immaginario giapponese. <\/p>\n<p data-start=\"5496\" data-end=\"5694\">Per i bambini che praticano il judo, \u00e8 anche un modo per prolungare l&#8217;interesse per il loro sport preferito al di fuori delle sessioni di allenamento, con un prodotto originale che non \u00e8 disponibile ovunque.<\/p>\n<hr data-start=\"5696\" data-end=\"5699\">\n<h2 data-section-id=\"1sghawa\" data-start=\"5701\" data-end=\"5711\">DOMANDE FREQUENTI<\/h2>\n<h3 data-section-id=\"13pv67r\" data-start=\"5713\" data-end=\"5749\">Per chi \u00e8 questo puzzle di judo?<\/h3>\n<p data-start=\"5750\" data-end=\"5905\">Questo puzzle \u00e8 rivolto ai bambini che amano il judo, ai giovani judoka, ai club e a tutti coloro che cercano un regalo originale sul mondo del judo. \u00c8 perfetto per i bambini dai 3 anni in su ed \u00e8 un&#8217;ottima prima introduzione al mondo del judo. <\/p>\n<h3 data-section-id=\"r1m6tz\" data-start=\"5907\" data-end=\"5949\">Quanti pezzi contiene questo puzzle di judo per bambini &#8211; Jigoro Kano 36 pezzi?<\/h3>\n<p data-start=\"5950\" data-end=\"6017\">Questo puzzle <strong data-start=\"5969\" data-end=\"5982\">da 36 pezzi<\/strong> \u00e8 ideale per i bambini.<\/p>\n<h3 data-section-id=\"12knavy\" data-start=\"6019\" data-end=\"6057\">Chi \u00e8 rappresentato nel puzzle?<\/h3>\n<p data-start=\"6058\" data-end=\"6151\">Il puzzle raffigura <strong data-start=\"6081\" data-end=\"6096\">Jigoro Kano<\/strong>, il fondatore del judo, in un&#8217;ambientazione ispirata al Giappone. Presenta anche un kanji giapponese con la scritta judo. <\/p>\n<h3 data-section-id=\"1msb3dj\" data-start=\"6153\" data-end=\"6219\">\u00c8 una buona idea regalo per un bambino che pratica il judo?<\/h3>\n<p data-start=\"6220\" data-end=\"6336\">S\u00ec, \u00e8 un&#8217;ottima idea per un <strong data-start=\"6254\" data-end=\"6276\">regalo di judo per bambini<\/strong>, originale e perfettamente in linea con il mondo del judo.<\/p>\n<h3 data-section-id=\"1jb7rtz\" data-start=\"6338\" data-end=\"6383\">Dove posso trovare altri prodotti simili?<\/h3>\n<p data-start=\"6384\" data-end=\"6552\">Puoi trovare gli altri articoli nella nostra categoria di <strong data-start=\"6447\" data-end=\"6466\">articoli per il judo<\/strong>, cos\u00ec come il nostro <strong data-start=\"6483\" data-end=\"6500\">album di judo<\/strong>, che presenta illustrazioni nello stesso spirito.<\/p>\n","protected":false},"excerpt":{"rendered":"<p>Fai conoscere ai pi\u00f9 giovani il mondo del judo con il nostro puzzle da 36 pezzi di Jigoro Kano. Un grazioso puzzle Fighting Films illustrato in stile manga, con decorazioni giapponesi e un omaggio al fondatore del judo. Un&#8217;idea regalo originale per tutti i bambini che amano il judo.  <\/p>\n","protected":false},"featured_media":34407,"comment_status":"","ping_status":"closed","template":"","meta":[],"product_brand":[],"product_cat":[1142,498],"product_tag":[],"giftcard-category":[],"class_list":{"0":"post-34361","1":"product","2":"type-product","3":"status-publish","4":"has-post-thumbnail","6":"product_cat-goodies-judo","7":"product_cat-accessori-per-il-judo","8":"product_shipping_class-accessori","10":"first","11":"instock","12":"taxable","13":"shipping-taxable","14":"purchasable","15":"product-type-simple"},"exclude_global_add_ons":[],"addons":[],"_links":{"self":[{"href":"https:\/\/fightingfilms.shop\/it\/wp-json\/wp\/v2\/product\/34361","targetHints":{"allow":["GET"]}}],"collection":[{"href":"https:\/\/fightingfilms.shop\/it\/wp-json\/wp\/v2\/product"}],"about":[{"href":"https:\/\/fightingfilms.shop\/it\/wp-json\/wp\/v2\/types\/product"}],"replies":[{"embeddable":true,"href":"https:\/\/fightingfilms.shop\/it\/wp-json\/wp\/v2\/comments?post=34361"}],"wp:featuredmedia":[{"embeddable":true,"href":"https:\/\/fightingfilms.shop\/it\/wp-json\/wp\/v2\/media\/34407"}],"wp:attachment":[{"href":"https:\/\/fightingfilms.shop\/it\/wp-json\/wp\/v2\/media?parent=34361"}],"wp:term":[{"taxonomy":"product_brand","embeddable":true,"href":"https:\/\/fightingfilms.shop\/it\/wp-json\/wp\/v2\/product_brand?post=34361"},{"taxonomy":"product_cat","embeddable":true,"href":"https:\/\/fightingfilms.shop\/it\/wp-json\/wp\/v2\/product_cat?post=34361"},{"taxonomy":"product_tag","embeddable":true,"href":"https:\/\/fightingfilms.shop\/it\/wp-json\/wp\/v2\/product_tag?post=34361"},{"taxonomy":"giftcard-category","embeddable":true,"href":"https:\/\/fightingfilms.shop\/it\/wp-json\/wp\/v2\/giftcard-category?post=34361"}],"curies":[{"name":"wp","href":"https:\/\/api.w.org\/{rel}","templated":true}]}}