{"id":34402,"date":"2026-04-09T15:22:53","date_gmt":"2026-04-09T13:22:53","guid":{"rendered":"https:\/\/fightingfilms.shop\/produit\/puzzle-di-judo-per-bambini-amicizia-36-pezzi\/"},"modified":"2026-04-09T15:22:53","modified_gmt":"2026-04-09T13:22:53","slug":"puzzle-di-judo-per-bambini-amicizia-36-pezzi","status":"publish","type":"product","link":"https:\/\/fightingfilms.shop\/it\/produit\/puzzle-di-judo-per-bambini-amicizia-36-pezzi\/","title":{"rendered":"Puzzle di Judo per bambini &#8211; Amicizia 36 pezzi"},"content":{"rendered":"<p data-start=\"904\" data-end=\"1231\">Il <strong data-start=\"907\" data-end=\"941\">puzzle da 36 pezzi Kids Judo &#8211; Friendship<\/strong> di <strong data-start=\"945\" data-end=\"963\">Fighting Films<\/strong> invita i bambini a scoprire il judo in un modo diverso, attraverso uno dei suoi valori pi\u00f9 importanti: l&#8217;<strong data-start=\"1068\" data-end=\"1080\">amicizia<\/strong>. Pi\u00f9 che un semplice gioco, questo puzzle permette ai bambini di immergersi nel mondo del judo mettendo in evidenza lo spirito che rende questa disciplina cos\u00ec ricca. <\/p>\n<p data-start=\"1233\" data-end=\"1633\">Pensato per i giovani judoka e per tutti i bambini interessati al mondo del judo, questo <strong data-start=\"1322\" data-end=\"1349\">puzzle di judo per bambini da 36 pezzi &#8211; Amiti\u00e9<\/strong> unisce <strong data-start=\"1356\" data-end=\"1397\">gioco, scoperta e valori educativi<\/strong>. \u00c8 un&#8217;ottima idea regalo per portare a casa la passione del dojo, ricordandoci che il judo non \u00e8 solo tecnica: trasmette anche principi forti come il rispetto, il coraggio e, naturalmente, l&#8217;amicizia. <\/p>\n<p data-start=\"1635\" data-end=\"1755\">Con questo puzzle, Fighting Films offre un prodotto originale basato sul judo che \u00e8 divertente, visivo e significativo.<\/p>\n<hr data-start=\"1757\" data-end=\"1760\">\n<h2 data-section-id=\"1ngjak3\" data-start=\"1762\" data-end=\"1825\">Un puzzle per bambini basato su uno dei grandi valori del judo<\/h2>\n<p data-start=\"1827\" data-end=\"2081\">Il judo \u00e8 molto pi\u00f9 di uno sport da combattimento. \u00c8 una disciplina educativa basata su valori forti, trasmessi fin dalla pi\u00f9 tenera et\u00e0. Con questo <strong data-start=\"1976\" data-end=\"1998\">puzzle di judo per bambini da 36 pezzi &#8211; Amicizia<\/strong>, Fighting Films mette in evidenza uno dei valori essenziali del codice morale del judo.  <\/p>\n<p data-start=\"2083\" data-end=\"2163\">Questo puzzle permette ai bambini di riconnettersi con l&#8217;essenza del judo:<\/p>\n<ul data-start=\"2165\" data-end=\"2302\">\n<li data-section-id=\"1m0ld22\" data-start=\"2165\" data-end=\"2189\">il piacere di condividere<\/li>\n<li data-section-id=\"yts85z\" data-start=\"2190\" data-end=\"2215\">lo spirito di cameratismo<\/li>\n<li data-section-id=\"aq0rn5\" data-start=\"2216\" data-end=\"2258\">il legame tra i partner della formazione<\/li>\n<li data-section-id=\"1l7gah2\" data-start=\"2259\" data-end=\"2302\">la dimensione educativa e umana del judo<\/li>\n<\/ul>\n<p data-start=\"2304\" data-end=\"2474\">Grazie al suo formato <strong data-start=\"2323\" data-end=\"2336\">da 36 pezzi<\/strong>, questo puzzle \u00e8 accessibile ai bambini e offre un momento di gioco tranquillo, divertente e gratificante, in un mondo totalmente ispirato al judo.<\/p>\n<hr data-start=\"2476\" data-end=\"2479\">\n<h2 data-section-id=\"at2p0y\" data-start=\"2481\" data-end=\"2532\">Perch\u00e9 scegliere questo puzzle di judo Fighting Films?<\/h2>\n<p data-start=\"2534\" data-end=\"2797\">Il <strong data-start=\"2537\" data-end=\"2568\">Puzzle di Judo per bambini da<\/strong> 36 pezzi <strong data-start=\"2537\" data-end=\"2568\">&#8211; Amicizia<\/strong> \u00e8 il modo perfetto per completare il mondo dei giovani judoka con qualcosa di diverso, originale e fedele allo spirito del judo. Non solo mostra l&#8217;estetica del judo, ma anche i valori che vanno di pari passo con la sua pratica. <\/p>\n<h3 data-section-id=\"26m2ut\" data-start=\"2799\" data-end=\"2832\">Punti di forza del prodotto :<\/h3>\n<ul data-start=\"2833\" data-end=\"3109\">\n<li data-section-id=\"3t3fge\" data-start=\"2833\" data-end=\"2862\"><strong data-start=\"2835\" data-end=\"2862\">Puzzle di judo per bambini<\/strong><\/li>\n<li data-section-id=\"1h03wx5\" data-start=\"2863\" data-end=\"2878\"><strong data-start=\"2865\" data-end=\"2878\">36 pezzi<\/strong><\/li>\n<li data-section-id=\"12sgi8v\" data-start=\"2879\" data-end=\"2920\">Ispirato dal valore del judo <strong data-start=\"2910\" data-end=\"2920\">Amicizia<\/strong><\/li>\n<li data-section-id=\"1wqgsz0\" data-start=\"2921\" data-end=\"2950\">Prodotto divertente ed educativo<\/li>\n<li data-section-id=\"xcnqrq\" data-start=\"2951\" data-end=\"3004\">Universo grafico originale di <strong data-start=\"2986\" data-end=\"3004\">Fighting Films<\/strong><\/li>\n<li data-section-id=\"wdgdi5\" data-start=\"3005\" data-end=\"3041\">Ideale come <strong data-start=\"3019\" data-end=\"3041\">regalo di judo per bambini<\/strong><\/li>\n<li data-section-id=\"q3fw68\" data-start=\"3042\" data-end=\"3109\">Perfetto per insegnare ai pi\u00f9 giovani i <strong data-start=\"3090\" data-end=\"3109\">valori del judo<\/strong><\/li>\n<\/ul>\n<hr data-start=\"3111\" data-end=\"3114\">\n<h2 data-section-id=\"aywvsh\" data-start=\"3116\" data-end=\"3162\">Un&#8217;idea regalo originale e significativa<\/h2>\n<p data-start=\"3164\" data-end=\"3381\">Stai cercando un <strong data-start=\"3181\" data-end=\"3223\">regalo per un bambino che pratica judo<\/strong>? Questo puzzle \u00e8 un&#8217;idea eccellente. Ti permette di offrire un prodotto originale nel mondo del judo, trasmettendo allo stesso tempo un messaggio positivo e importante.  <\/p>\n<p data-start=\"3383\" data-end=\"3425\">Questo <strong data-start=\"3386\" data-end=\"3408\">puzzle di judo per bambini<\/strong> \u00e8 ideale per :<\/p>\n<ul data-start=\"3426\" data-end=\"3603\">\n<li data-section-id=\"21llhy\" data-start=\"3426\" data-end=\"3443\">un compleanno<\/li>\n<li data-section-id=\"1xcg5lv\" data-start=\"3444\" data-end=\"3463\">un regalo di Natale<\/li>\n<li data-section-id=\"54ybx4\" data-start=\"3464\" data-end=\"3488\">un premio del club<\/li>\n<li data-section-id=\"15rs839\" data-start=\"3489\" data-end=\"3510\">promozione a un grado superiore<\/li>\n<li data-section-id=\"1sms0ai\" data-start=\"3511\" data-end=\"3549\">un evento o un premio per un torneo<\/li>\n<li data-section-id=\"3rl4rf\" data-start=\"3550\" data-end=\"3603\">far conoscere ai giovani i valori del judo<\/li>\n<\/ul>\n<p data-start=\"3605\" data-end=\"3740\">\u00c8 un regalo che ha senso, perch\u00e9 unisce la passione per il judo a un valore fondamentale che i bambini trovano nel dojo: l&#8217;amicizia.<\/p>\n<hr data-start=\"3742\" data-end=\"3745\">\n<h2 data-section-id=\"lrhtvy\" data-start=\"3747\" data-end=\"3778\">Il judo, uno sport di valori<\/h2>\n<p data-start=\"3780\" data-end=\"4043\">Con questo puzzle, Fighting Films ci ricorda che il judo \u00e8 anche una scuola di vita. Il valore dell&#8217;<strong data-start=\"3870\" data-end=\"3880\">amicizia<\/strong> ha un posto speciale nell&#8217;apprendimento dei bambini, poich\u00e9 riflette lo spirito di condivisione, l&#8217;aiuto reciproco e la fiducia che si trovano nei club. <\/p>\n<p data-start=\"4045\" data-end=\"4197\">Questo puzzle ha un approccio pi\u00f9 educativo e umano al judo, pur mantenendo il divertimento e il fascino di un prodotto per bambini.<\/p>\n<p data-start=\"4199\" data-end=\"4404\">\u00c8 perfetto per i giovani judoka che amano il loro sport, ma anche tutto ci\u00f2 che esso rappresenta: compagni di club, sessioni di allenamento condivise, progressi insieme e momenti passati sul tatami.<\/p>\n<hr data-start=\"4406\" data-end=\"4409\">\n<h2 data-section-id=\"77jau5\" data-start=\"4411\" data-end=\"4461\">Scopri gli altri prodotti per bambini<\/h2>\n<p data-start=\"4463\" data-end=\"4730\">Questo puzzle \u00e8 uno dei nostri prodotti pensati per estendere il mondo del judo oltre l&#8217;allenamento. Se a tuo figlio piace questo stile visivo e l&#8217;universo di Fighting Films, dai un&#8217;occhiata al nostro <strong data-start=\"4667\" data-end=\"4684\">album di judo<\/strong>, che contiene disegni nello stesso spirito. <\/p>\n<p data-start=\"4732\" data-end=\"4948\">Puoi anche sfogliare la nostra categoria <strong data-start=\"4780\" data-end=\"4833\"><a class=\"decorated-link cursor-pointer\" rel=\"noopener\" data-start=\"4782\" data-end=\"4831\">articoli per il judo<\/a><\/strong> per trovare altre idee regalo originali sul judo e prodotti pensati per i giovani appassionati.<\/p>\n<hr data-start=\"4950\" data-end=\"4953\">\n<h2 data-section-id=\"jzf6bh\" data-start=\"4955\" data-end=\"4985\">Caratteristiche del prodotto<\/h2>\n<p data-start=\"4987\" data-end=\"5270\"><strong data-start=\"4987\" data-end=\"5007\">Nome del prodotto :<\/strong> Puzzle di judo &#8211; Amicizia<br data-start=\"5028\" data-end=\"5031\"><strong data-start=\"5031\" data-end=\"5043\">Marca :<\/strong> Fighting Films<br data-start=\"5058\" data-end=\"5061\"><strong data-start=\"5061\" data-end=\"5083\">Numero di pezzi :<\/strong> 36<br data-start=\"5086\" data-end=\"5089\"><strong data-start=\"5089\" data-end=\"5102\">Universo :<\/strong> Judo \/ Bambino \/ Valori del judo<br data-start=\"5134\" data-end=\"5137\"><strong data-start=\"5137\" data-end=\"5148\">Tema :<\/strong> Amicizia, uno dei valori fondamentali del judo<br data-start=\"5196\" data-end=\"5199\"><strong data-start=\"5199\" data-end=\"5220\">Tipo di prodotto :<\/strong> Puzzle per bambini \/ Chicche di judo \/ Regalo di judo per bambini<\/p>\n<hr data-start=\"5272\" data-end=\"5275\">\n<h2 data-section-id=\"1ytaf8h\" data-start=\"5277\" data-end=\"5325\">Perch\u00e9 acquistare un puzzle di judo per bambini?<\/h2>\n<p data-start=\"5327\" data-end=\"5534\">Un <strong data-start=\"5330\" data-end=\"5352\">puzzle di judo per bambini<\/strong> \u00e8 un modo divertente per portare a casa la passione per il judo. \u00c8 un gioco semplice, accessibile e popolare che mantiene i bambini legati al loro mondo preferito. <\/p>\n<p data-start=\"5536\" data-end=\"5809\">In questa versione <strong data-start=\"5555\" data-end=\"5565\">Friendship<\/strong>, il puzzle ha anche una forte dimensione educativa, evidenziando un valore essenziale del judo. \u00c8 quindi un prodotto interessante per giocare, da regalare e per trasmettere lo spirito di questa disciplina ai pi\u00f9 giovani. <\/p>\n<hr data-start=\"5811\" data-end=\"5814\">\n<h2 data-section-id=\"1sghawa\" data-start=\"5816\" data-end=\"5826\">DOMANDE FREQUENTI<\/h2>\n<h3 data-section-id=\"13pv67r\" data-start=\"5828\" data-end=\"5864\">Per chi \u00e8 questo puzzle di judo?<\/h3>\n<p data-start=\"5865\" data-end=\"6027\">Questo puzzle \u00e8 rivolto ai bambini che amano il judo, ai giovani judoka, ai club e a tutti coloro che cercano un&#8217;idea regalo originale nel mondo del judo.<\/p>\n<h3 data-section-id=\"r1m6tz\" data-start=\"6029\" data-end=\"6071\">Quanti pezzi contiene questo puzzle?<\/h3>\n<p data-start=\"6072\" data-end=\"6139\">Questo puzzle <strong data-start=\"6091\" data-end=\"6104\">da 36 pezzi<\/strong> \u00e8 ideale per i bambini dai 3 anni in su!<\/p>\n<h3 data-section-id=\"1q85bjc\" data-start=\"6141\" data-end=\"6177\">Qual \u00e8 il tema di questo puzzle?<\/h3>\n<p data-start=\"6178\" data-end=\"6249\">Questo puzzle mette in risalto l&#8217;<strong data-start=\"6201\" data-end=\"6213\">amicizia<\/strong>, uno dei grandi valori del judo.<\/p>\n<h3 data-section-id=\"1msb3dj\" data-start=\"6251\" data-end=\"6317\">\u00c8 una buona idea regalo per un bambino che pratica il judo?<\/h3>\n<p data-start=\"6318\" data-end=\"6434\">S\u00ec, \u00e8 un&#8217;idea eccellente per un <strong data-start=\"6352\" data-end=\"6374\">regalo di judo per bambini<\/strong>, perch\u00e9 \u00e8 divertente, originale e fedele allo spirito del judo.<\/p>\n<h3 data-section-id=\"10113qc\" data-start=\"6436\" data-end=\"6495\">Perch\u00e9 scegliere un puzzle basato sui valori del judo?<\/h3>\n<p data-start=\"6496\" data-end=\"6685\">Perch\u00e9 introduce i bambini al mondo del judo in tutta la sua ricchezza, mettendo in evidenza non solo lo sport ma anche i principi educativi che lo accompagnano.<\/p>\n<h3 data-section-id=\"1jb7rtz\" data-start=\"6687\" data-end=\"6732\">Dove posso trovare altri prodotti simili?<\/h3>\n<p data-start=\"6733\" data-end=\"6899\">Puoi trovare altri articoli nella nostra categoria di <strong data-start=\"6794\" data-end=\"6813\">articoli per il judo<\/strong>, cos\u00ec come il nostro <strong data-start=\"6830\" data-end=\"6847\">album di judo<\/strong>, che presenta illustrazioni nello stesso spirito.<\/p>\n","protected":false},"excerpt":{"rendered":"<p>Fai conoscere ai pi\u00f9 giovani uno dei pi\u00f9 grandi valori del judo con il nostro puzzle per bambini Amiti\u00e9 da 36 pezzi. Un puzzle Fighting Films originale e divertente, pensato per i bambini appassionati di judo e del suo mondo. <\/p>\n","protected":false},"featured_media":34397,"comment_status":"","ping_status":"closed","template":"","meta":[],"product_brand":[],"product_cat":[498,1142],"product_tag":[],"giftcard-category":[],"class_list":{"0":"post-34402","1":"product","2":"type-product","3":"status-publish","4":"has-post-thumbnail","6":"product_cat-accessori-per-il-judo","7":"product_cat-goodies-judo","8":"product_shipping_class-accessori","10":"first","11":"instock","12":"taxable","13":"shipping-taxable","14":"purchasable","15":"product-type-simple"},"exclude_global_add_ons":[],"addons":[],"_links":{"self":[{"href":"https:\/\/fightingfilms.shop\/it\/wp-json\/wp\/v2\/product\/34402","targetHints":{"allow":["GET"]}}],"collection":[{"href":"https:\/\/fightingfilms.shop\/it\/wp-json\/wp\/v2\/product"}],"about":[{"href":"https:\/\/fightingfilms.shop\/it\/wp-json\/wp\/v2\/types\/product"}],"replies":[{"embeddable":true,"href":"https:\/\/fightingfilms.shop\/it\/wp-json\/wp\/v2\/comments?post=34402"}],"wp:featuredmedia":[{"embeddable":true,"href":"https:\/\/fightingfilms.shop\/it\/wp-json\/wp\/v2\/media\/34397"}],"wp:attachment":[{"href":"https:\/\/fightingfilms.shop\/it\/wp-json\/wp\/v2\/media?parent=34402"}],"wp:term":[{"taxonomy":"product_brand","embeddable":true,"href":"https:\/\/fightingfilms.shop\/it\/wp-json\/wp\/v2\/product_brand?post=34402"},{"taxonomy":"product_cat","embeddable":true,"href":"https:\/\/fightingfilms.shop\/it\/wp-json\/wp\/v2\/product_cat?post=34402"},{"taxonomy":"product_tag","embeddable":true,"href":"https:\/\/fightingfilms.shop\/it\/wp-json\/wp\/v2\/product_tag?post=34402"},{"taxonomy":"giftcard-category","embeddable":true,"href":"https:\/\/fightingfilms.shop\/it\/wp-json\/wp\/v2\/giftcard-category?post=34402"}],"curies":[{"name":"wp","href":"https:\/\/api.w.org\/{rel}","templated":true}]}}