{"id":34579,"date":"2026-04-20T12:53:44","date_gmt":"2026-04-20T10:53:44","guid":{"rendered":"https:\/\/fightingfilms.shop\/produit\/libro-di-attivita-di-judo-per-bambini\/"},"modified":"2026-04-20T12:53:44","modified_gmt":"2026-04-20T10:53:44","slug":"libro-di-attivita-di-judo-per-bambini","status":"publish","type":"product","link":"https:\/\/fightingfilms.shop\/it\/produit\/libro-di-attivita-di-judo-per-bambini\/","title":{"rendered":"Libro di attivit\u00e0 di judo per bambini"},"content":{"rendered":"<p data-start=\"166\" data-end=\"552\">Dai ai bambini un nuovo modo di scoprire il judo con questo <strong data-start=\"233\" data-end=\"267\">libro di attivit\u00e0 sul judo per bambini<\/strong>: <strong data-start=\"271\" data-end=\"283\">48 pagine di giochi e disegni da colorare<\/strong>, studiati appositamente per farli divertire con il loro sport preferito. A partire dai <strong data-start=\"360\" data-end=\"369\">6 anni<\/strong>, questo libro offre un&#8217;ampia variet\u00e0 di contenuti divertenti ispirati al mondo del judo: <strong data-start=\"461\" data-end=\"531\">giochi, cruciverba, disegni da colorare, labirinti, tecniche da colorare, scoperte visive<\/strong> e molto altro ancora. <\/p>\n<p data-start=\"554\" data-end=\"890\">\u00c8 il modo ideale per tenere occupati i giovani judoka in modo intelligente e divertente, immergendoli nel mondo delle tecniche, dei valori e dell&#8217;immaginazione del judo. In <strong data-start=\"760\" data-end=\"772\">vacanza<\/strong>, a <strong data-start=\"779\" data-end=\"789\">casa<\/strong>, in <strong data-start=\"799\" data-end=\"808\">treno<\/strong>, in <strong data-start=\"813\" data-end=\"824\">auto<\/strong> o anche in <strong data-start=\"838\" data-end=\"847\">spiaggia<\/strong>, questo quaderno accompagner\u00e0 i bambini ovunque. <\/p>\n<p data-start=\"892\" data-end=\"1080\">Pensato sia per i giovani appassionati che per chi vuole scoprire il judo in modo diverso, il libro di attivit\u00e0 di judo per bambini \u00e8 un modo divertente per imparare e prolungare il piacere del dojo oltre le sessioni di allenamento. Con o senza il loro <a href=\"https:\/\/fightingfilms.shop\/it\/categoria\/kimono-da-judo\/\">kimono da judo<\/a>, i bambini possono continuare a immergersi nel mondo del judo! <\/p>\n<h2 data-section-id=\"yawmmx\" data-start=\"1082\" data-end=\"1119\">Perch\u00e9 i bambini ameranno il libro di attivit\u00e0 di judo per bambini<\/h2>\n<p data-start=\"1121\" data-end=\"1396\">Questo <strong data-start=\"1124\" data-end=\"1170\">libro di attivit\u00e0 per bambini sul judo<\/strong> \u00e8 stato progettato per combinare divertimento, creativit\u00e0 e immersione nel mondo del judo. Ogni pagina invita i bambini a giocare, osservare, riflettere o colorare su temi ispirati al dojo, alle tecniche e alla cultura del judo. <\/p>\n<p data-start=\"1398\" data-end=\"1635\">Con le sue <strong data-start=\"1407\" data-end=\"1439\">48 pagine di attivit\u00e0 varie<\/strong>, il libro di attivit\u00e0 di judo per bambini stimola la curiosit\u00e0 e permette ai bambini di sperimentare il judo in modi diversi dall&#8217;allenamento. \u00c8 anche un&#8217;ottima idea per tenersi in contatto con il proprio sport nei periodi in cui non ci sono lezioni. <\/p>\n<h2 data-section-id=\"16uyafc\" data-start=\"1637\" data-end=\"1657\">Contenuto del quaderno<\/h2>\n<p data-start=\"1659\" data-end=\"1769\">All&#8217;interno, i bambini troveranno un mondo al 100% di judo, con una serie di attivit\u00e0 adatte alla loro et\u00e0:<\/p>\n<ul data-start=\"1771\" data-end=\"1958\">\n<li data-section-id=\"1w29ym9\" data-start=\"1771\" data-end=\"1800\">pagine da colorare di judo<\/li>\n<li data-section-id=\"cmup34\" data-start=\"1801\" data-end=\"1836\">Parole a freccia e giochi di parole<\/li>\n<li data-section-id=\"1x613ap\" data-start=\"1837\" data-end=\"1868\">giochi visivi e labirinti<\/li>\n<li data-section-id=\"1kf4thi\" data-start=\"1869\" data-end=\"1920\">pagine divertenti ispirate alle tecniche di judo<\/li>\n<li data-section-id=\"1g7rub9\" data-start=\"1921\" data-end=\"1958\">illustrazioni divertenti e un universo manga<\/li>\n<\/ul>\n<p data-start=\"1960\" data-end=\"2081\">Ogni attivit\u00e0 \u00e8 stata pensata per intrattenere e allo stesso tempo ricordare il mondo del judo in modo semplice, divertente e accessibile.<\/p>\n<h2 data-section-id=\"jzf6bh\" data-start=\"2083\" data-end=\"2113\">Caratteristiche del libro di attivit\u00e0 di judo per bambini<\/h2>\n<ul data-start=\"2115\" data-end=\"2463\">\n<li data-section-id=\"19c8zna\" data-start=\"2115\" data-end=\"2163\"><strong data-start=\"2117\" data-end=\"2130\">Prodotto<\/strong>: Libro di attivit\u00e0 di judo per bambini<\/li>\n<li data-section-id=\"1ve3ls6\" data-start=\"2164\" data-end=\"2198\"><strong data-start=\"2166\" data-end=\"2187\">Numero di pagine:<\/strong> 48 pagine<\/li>\n<li data-section-id=\"1dt4ayp\" data-start=\"2199\" data-end=\"2240\"><strong data-start=\"2201\" data-end=\"2220\">Et\u00e0 consigliata:<\/strong> da 6 anni<\/li>\n<li data-section-id=\"lsgyka\" data-start=\"2241\" data-end=\"2261\"><strong data-start=\"2243\" data-end=\"2254\">Tema:<\/strong> judo<\/li>\n<li data-section-id=\"kjto3r\" data-start=\"2262\" data-end=\"2331\"><strong data-start=\"2264\" data-end=\"2277\">Contenuto:<\/strong> giochi, parole crociate, colorazione e attivit\u00e0 varie.<\/li>\n<li data-section-id=\"3awcih\" data-start=\"2332\" data-end=\"2404\"><strong data-start=\"2334\" data-end=\"2351\">Uso:<\/strong> casa, vacanze, viaggi, spiaggia, tempo tranquillo<\/li>\n<li data-section-id=\"x38okh\" data-start=\"2405\" data-end=\"2463\"><strong data-start=\"2407\" data-end=\"2419\">Pubblico:<\/strong> bambini, giovani judoka, appassionati di judo<\/li>\n<\/ul>\n<h2 data-section-id=\"nkmsqk\" data-start=\"2465\" data-end=\"2517\">Un&#8217;idea regalo originale per i giovani judoka<\/h2>\n<p data-start=\"2519\" data-end=\"2770\">Cerchi un regalo utile, originale e conveniente per un bambino che pratica judo? Questo libro<strong data-start=\"2613\" data-end=\"2646\"> di attivit\u00e0 di judo per bambini<\/strong> \u00e8 un&#8217;idea eccellente per un compleanno, un premio, un corso di formazione, la fine della stagione o semplicemente per far piacere a qualcuno. <\/p>\n<p data-start=\"2772\" data-end=\"2949\">\u00c8 perfetto anche per i club di judo che vogliono offrire un prodotto divertente ai loro membri o fornire uno sfondo fresco per eventi, corsi di formazione o attivit\u00e0.<\/p>\n<h2 data-section-id=\"1wp7lj1\" data-start=\"2951\" data-end=\"2971\">Il judo in un modo diverso<\/h2>\n<p data-start=\"2973\" data-end=\"3297\">Questo libro di lavoro permette ai bambini di <strong data-start=\"3005\" data-end=\"3061\">scoprire o riscoprire il judo in un modo diverso<\/strong>. Fuori dal campo, possono continuare a esplorare questo mondo attraverso attivit\u00e0 divertenti, visive e creative. \u00c8 un ottimo modo per ampliare l&#8217;esperienza del judo, divertendosi da soli, in famiglia o con gli amici.  <\/p>\n<h2 data-section-id=\"62vota\" data-start=\"3299\" data-end=\"3348\">Ideale per le vacanze, a casa o in spiaggia<\/h2>\n<p data-start=\"3350\" data-end=\"3624\">Facile da portare con te, questo libro di attivit\u00e0 \u00e8 perfetto per tenere occupati i bambini in vacanza, nei weekend, in viaggio o nei pomeriggi a casa. Si infila facilmente in borsa e diventa subito un pratico compagno di giochi per tutti i piccoli appassionati di judo. <\/p>\n<p data-start=\"3645\" data-end=\"3940\">Il <strong data-start=\"3648\" data-end=\"3682\">libro di attivit\u00e0 sul judo per bambini<\/strong> \u00e8 una divertente risorsa <strong data-start=\"3709\" data-end=\"3721\">di 48 pagine<\/strong> per bambini dai <strong data-start=\"3743\" data-end=\"3752\">6 anni<\/strong> in su, con <strong data-start=\"3763\" data-end=\"3825\">giochi, disegni da colorare, parole crociate e attivit\u00e0 basate sul judo<\/strong>. Un ottimo modo per imparare, giocare e divertirsi con il mondo del judo, sia a casa che in vacanza. <\/p>\n<h3 data-section-id=\"alszrx\" data-start=\"4236\" data-end=\"4256\">Sei alla ricerca di regali di fine anno, di oggetti o di strumenti didattici?<\/h3>\n<div class=\"flex flex-col text-sm pb-25\">\n<section class=\"text-token-text-primary w-full focus:outline-none [--shadow-height:45px] has-data-writing-block:pointer-events-none has-data-writing-block:-mt-(--shadow-height) has-data-writing-block:pt-(--shadow-height) [&amp;:has([data-writing-block])&gt;*]:pointer-events-auto scroll-mt-[calc(var(--header-height)+min(200px,max(70px,20svh)))]\" dir=\"auto\" data-turn-id=\"request-WEB:78e4f35d-679f-410b-bd3c-f20e7605c1a6-7\" data-testid=\"conversation-turn-16\" data-scroll-anchor=\"true\" data-turn=\"assistant\">\n<div class=\"text-base my-auto mx-auto pb-10 [--thread-content-margin:var(--thread-content-margin-xs,calc(var(--spacing)*4))] @w-sm\/main:[--thread-content-margin:var(--thread-content-margin-sm,calc(var(--spacing)*6))] @w-lg\/main:[--thread-content-margin:var(--thread-content-margin-lg,calc(var(--spacing)*16))] px-(--thread-content-margin)\">\n<div class=\"[--thread-content-max-width:40rem] @w-lg\/main:[--thread-content-max-width:48rem] mx-auto max-w-(--thread-content-max-width) flex-1 group\/turn-messages focus-visible:outline-hidden relative flex w-full min-w-0 flex-col agent-turn\">\n<div class=\"flex max-w-full flex-col gap-4 grow\">\n<div class=\"min-h-8 text-message relative flex w-full flex-col items-end gap-2 text-start break-words whitespace-normal outline-none keyboard-focused:focus-ring [.text-message+&amp;]:mt-1\" dir=\"auto\" tabindex=\"0\" data-message-author-role=\"assistant\" data-message-id=\"98385ffa-873f-4d31-bd3a-9b302a32d1f0\" data-message-model-slug=\"gpt-5-4-thinking\" data-turn-start-message=\"true\">\n<div class=\"flex w-full flex-col gap-1 empty:hidden\">\n<div class=\"markdown prose dark:prose-invert w-full wrap-break-word dark markdown-new-styling\">\n<div class=\"flex flex-col text-sm pb-25\">\n<section class=\"text-token-text-primary w-full focus:outline-none [--shadow-height:45px] has-data-writing-block:pointer-events-none has-data-writing-block:-mt-(--shadow-height) has-data-writing-block:pt-(--shadow-height) [&amp;:has([data-writing-block])&gt;*]:pointer-events-auto scroll-mt-[calc(var(--header-height)+min(200px,max(70px,20svh)))]\" dir=\"auto\" data-turn-id=\"request-WEB:78e4f35d-679f-410b-bd3c-f20e7605c1a6-8\" data-testid=\"conversation-turn-18\" data-scroll-anchor=\"true\" data-turn=\"assistant\">\n<div class=\"text-base my-auto mx-auto pb-10 [--thread-content-margin:var(--thread-content-margin-xs,calc(var(--spacing)*4))] @w-sm\/main:[--thread-content-margin:var(--thread-content-margin-sm,calc(var(--spacing)*6))] @w-lg\/main:[--thread-content-margin:var(--thread-content-margin-lg,calc(var(--spacing)*16))] px-(--thread-content-margin)\">\n<div class=\"[--thread-content-max-width:40rem] @w-lg\/main:[--thread-content-max-width:48rem] mx-auto max-w-(--thread-content-max-width) flex-1 group\/turn-messages focus-visible:outline-hidden relative flex w-full min-w-0 flex-col agent-turn\">\n<div class=\"flex max-w-full flex-col gap-4 grow\">\n<div class=\"min-h-8 text-message relative flex w-full flex-col items-end gap-2 text-start break-words whitespace-normal outline-none keyboard-focused:focus-ring [.text-message+&amp;]:mt-1\" dir=\"auto\" tabindex=\"0\" data-message-author-role=\"assistant\" data-message-id=\"de36002f-8d89-461d-8c6f-4e1922d686ab\" data-message-model-slug=\"gpt-5-4-thinking\" data-turn-start-message=\"true\">\n<div class=\"flex w-full flex-col gap-1 empty:hidden\">\n<div class=\"markdown prose dark:prose-invert w-full wrap-break-word dark markdown-new-styling\">\n<p data-start=\"0\" data-end=\"433\" data-is-last-node=\"\" data-is-only-node=\"\">Stai cercando altre idee per <strong data-start=\"38\" data-end=\"63\">prodotti per bambini<\/strong>, <strong data-start=\"68\" data-end=\"87\">regali per il club<\/strong>, <strong data-start=\"92\" data-end=\"120\">regali di fine stagione<\/strong> o piccoli doni per il judo? Scopri il nostro <a href=\"https:\/\/fightingfilms.shop\/produit\/mon-album-judo\/\"><strong data-start=\"189\" data-end=\"203\">album sul judo<\/strong><\/a> e i nostri <a href=\"https:\/\/fightingfilms.shop\/it\/produit\/puzzle-di-judo-per-bambini-jigoro-kano-36-pezzi\/\"><strong data-start=\"218\" data-end=\"234\">puzzle di judo<\/strong><\/a>perfetti per ampliare il mondo del tatami in modo divertente e originale. Sono il modo perfetto per accontentare i giovani judoka e possono essere regalati come ricompense, doni o in occasione di eventi di club.  <\/p>\n<\/div>\n<\/div>\n<\/div>\n<\/div>\n<div class=\"z-0 flex min-h-[46px] justify-start\"><\/div>\n<div class=\"mt-3 w-full empty:hidden\">\n<div class=\"text-center\"><\/div>\n<\/div>\n<\/div>\n<\/div>\n<\/section>\n<\/div>\n<div class=\"pointer-events-none h-px w-px absolute bottom-0\" aria-hidden=\"true\" data-edge=\"true\"><\/div>\n<\/div>\n<\/div>\n<\/div>\n<\/div>\n<div class=\"z-0 flex min-h-[46px] justify-start\"><\/div>\n<div class=\"mt-3 w-full empty:hidden\">\n<div class=\"text-center\"><\/div>\n<\/div>\n<\/div>\n<\/div>\n<\/section>\n<\/div>\n<div class=\"pointer-events-none h-px w-px absolute bottom-0\" aria-hidden=\"true\" data-edge=\"true\"><\/div>\n","protected":false},"excerpt":{"rendered":"<div class=\"flex flex-col text-sm pb-25\">\n<section class=\"text-token-text-primary w-full focus:outline-none [--shadow-height:45px] has-data-writing-block:pointer-events-none has-data-writing-block:-mt-(--shadow-height) has-data-writing-block:pt-(--shadow-height) [&amp;:has([data-writing-block])&gt;*]:pointer-events-auto scroll-mt-[calc(var(--header-height)+min(200px,max(70px,20svh)))]\" dir=\"auto\" data-turn-id=\"request-WEB:78e4f35d-679f-410b-bd3c-f20e7605c1a6-7\" data-testid=\"conversation-turn-16\" data-scroll-anchor=\"true\" data-turn=\"assistant\">\n<div class=\"text-base my-auto mx-auto pb-10 [--thread-content-margin:var(--thread-content-margin-xs,calc(var(--spacing)*4))] @w-sm\/main:[--thread-content-margin:var(--thread-content-margin-sm,calc(var(--spacing)*6))] @w-lg\/main:[--thread-content-margin:var(--thread-content-margin-lg,calc(var(--spacing)*16))] px-(--thread-content-margin)\">\n<div class=\"[--thread-content-max-width:40rem] @w-lg\/main:[--thread-content-max-width:48rem] mx-auto max-w-(--thread-content-max-width) flex-1 group\/turn-messages focus-visible:outline-hidden relative flex w-full min-w-0 flex-col agent-turn\">\n<div class=\"flex max-w-full flex-col gap-4 grow\">\n<div class=\"min-h-8 text-message relative flex w-full flex-col items-end gap-2 text-start break-words whitespace-normal outline-none keyboard-focused:focus-ring [.text-message+&amp;]:mt-1\" dir=\"auto\" tabindex=\"0\" data-message-author-role=\"assistant\" data-message-id=\"98385ffa-873f-4d31-bd3a-9b302a32d1f0\" data-message-model-slug=\"gpt-5-4-thinking\" data-turn-start-message=\"true\">\n<div class=\"flex w-full flex-col gap-1 empty:hidden\">\n<div class=\"markdown prose dark:prose-invert w-full wrap-break-word dark markdown-new-styling\">\n<p data-start=\"0\" data-end=\"586\" data-is-last-node=\"\" data-is-only-node=\"\">Il <strong data-start=\"3\" data-end=\"37\">libro di attivit\u00e0 di judo per bambini<\/strong> \u00e8 un libro divertente di <strong data-start=\"63\" data-end=\"75\">48 pagine<\/strong> pensato per i bambini dai <strong data-start=\"112\" data-end=\"121\">6 anni<\/strong> in su.<\/p>\n<p data-start=\"0\" data-end=\"586\" data-is-last-node=\"\" data-is-only-node=\"\"><br data-start=\"122\" data-end=\"125\">Offre una serie di <strong data-start=\"151\" data-end=\"198\">giochi, cruciverba, pagine da colorare e attivit\u00e0<\/strong> basate sul mondo del judo, perfette per <strong data-start=\"243\" data-end=\"289\">scoprire o riscoprire il judo in modo diverso<\/strong>, divertendosi.<\/p>\n<p data-start=\"0\" data-end=\"586\" data-is-last-node=\"\" data-is-only-node=\"\"><br data-start=\"309\" data-end=\"312\">I bambini possono portare la loro passione per il dojo a casa, in vacanza o in viaggio: \u00e8 il modo ideale per combinare <strong data-start=\"443\" data-end=\"478\">gioco, creativit\u00e0 e il mondo del judo<\/strong>.<\/p>\n<p data-start=\"0\" data-end=\"586\" data-is-last-node=\"\" data-is-only-node=\"\"><br data-start=\"479\" data-end=\"482\">Pratica da portare con te, \u00e8 una facile compagna per i momenti di tranquillit\u00e0, le vacanze o le giornate in spiaggia.<\/p>\n<\/div>\n<\/div>\n<\/div>\n<\/div>\n<div class=\"z-0 flex min-h-[46px] justify-start\"><\/div>\n<div class=\"mt-3 w-full empty:hidden\">\n<div class=\"text-center\"><\/div>\n<\/div>\n<\/div>\n<\/div>\n<\/section>\n<\/div>\n<div class=\"pointer-events-none h-px w-px absolute bottom-0\" aria-hidden=\"true\" data-edge=\"true\"><\/div>\n<h3 data-section-id=\"t7smuz\" data-start=\"4152\" data-end=\"4166\"><\/h3>\n","protected":false},"featured_media":34575,"comment_status":"","ping_status":"closed","template":"","meta":[],"product_brand":[],"product_cat":[498,1142,1157],"product_tag":[],"giftcard-category":[],"class_list":{"0":"post-34579","1":"product","2":"type-product","3":"status-publish","4":"has-post-thumbnail","6":"product_cat-accessori-per-il-judo","7":"product_cat-goodies-judo","8":"product_cat-libri-di-judo-e-arti-marziali","9":"product_shipping_class-accessori","11":"first","12":"instock","13":"taxable","14":"shipping-taxable","15":"purchasable","16":"product-type-simple"},"exclude_global_add_ons":[],"addons":[],"_links":{"self":[{"href":"https:\/\/fightingfilms.shop\/it\/wp-json\/wp\/v2\/product\/34579","targetHints":{"allow":["GET"]}}],"collection":[{"href":"https:\/\/fightingfilms.shop\/it\/wp-json\/wp\/v2\/product"}],"about":[{"href":"https:\/\/fightingfilms.shop\/it\/wp-json\/wp\/v2\/types\/product"}],"replies":[{"embeddable":true,"href":"https:\/\/fightingfilms.shop\/it\/wp-json\/wp\/v2\/comments?post=34579"}],"wp:featuredmedia":[{"embeddable":true,"href":"https:\/\/fightingfilms.shop\/it\/wp-json\/wp\/v2\/media\/34575"}],"wp:attachment":[{"href":"https:\/\/fightingfilms.shop\/it\/wp-json\/wp\/v2\/media?parent=34579"}],"wp:term":[{"taxonomy":"product_brand","embeddable":true,"href":"https:\/\/fightingfilms.shop\/it\/wp-json\/wp\/v2\/product_brand?post=34579"},{"taxonomy":"product_cat","embeddable":true,"href":"https:\/\/fightingfilms.shop\/it\/wp-json\/wp\/v2\/product_cat?post=34579"},{"taxonomy":"product_tag","embeddable":true,"href":"https:\/\/fightingfilms.shop\/it\/wp-json\/wp\/v2\/product_tag?post=34579"},{"taxonomy":"giftcard-category","embeddable":true,"href":"https:\/\/fightingfilms.shop\/it\/wp-json\/wp\/v2\/giftcard-category?post=34579"}],"curies":[{"name":"wp","href":"https:\/\/api.w.org\/{rel}","templated":true}]}}